{"id":35657,"date":"2024-05-02T18:24:59","date_gmt":"2024-05-02T22:24:59","guid":{"rendered":"https:\/\/www.dt.com\/outils-clients\/"},"modified":"2025-12-24T12:17:34","modified_gmt":"2025-12-24T17:17:34","slug":"outils-clients","status":"publish","type":"page","link":"https:\/\/www.dt.com\/fr\/outils-clients\/","title":{"rendered":"Outils clients"},"content":{"rendered":"\t\t<div data-elementor-type=\"wp-page\" data-elementor-id=\"35657\" class=\"elementor elementor-35657 elementor-9477\" data-elementor-post-type=\"page\">\n\t\t\t\t<div class=\"elementor-element elementor-element-d721f42 e-grid e-con-boxed e-con e-parent\" data-id=\"d721f42\" data-element_type=\"container\" data-e-type=\"container\">\n\t\t\t\t\t<div class=\"e-con-inner\">\n\t\t\t\t<div data-dce-advanced-background-color=\"#171A31\" data-dce-advanced-background-hover-color=\"#171A31CF\" class=\"elementor-element elementor-element-282368e elementor-position-top elementor-widget elementor-widget-image-box\" data-id=\"282368e\" data-element_type=\"widget\" data-e-type=\"widget\" data-widget_type=\"image-box.default\">\n\t\t\t\t<div class=\"elementor-widget-container\">\n\t\t\t\t\t<div class=\"elementor-image-box-wrapper\"><figure class=\"elementor-image-box-img\"><a href=\"https:\/\/us2.concursolutions.com\/\" target=\"_blank\" tabindex=\"-1\"><img fetchpriority=\"high\" decoding=\"async\" width=\"715\" height=\"299\" src=\"https:\/\/www.dt.com\/wp-content\/uploads\/SAP-Concur_Logo.png\" class=\"attachment-full size-full wp-image-31970\" alt=\"\" \/><\/a><\/figure><div class=\"elementor-image-box-content\"><h2 class=\"elementor-image-box-title\"><a href=\"https:\/\/us2.concursolutions.com\/\" target=\"_blank\">Connexion \u00e0 SAP Concur<\/a><\/h2><\/div><\/div>\t\t\t\t<\/div>\n\t\t\t\t<\/div>\n\t\t\t\t<div data-dce-advanced-background-color=\"#171A31\" data-dce-advanced-background-hover-color=\"#171A31CF\" class=\"elementor-element elementor-element-81cf1fd elementor-position-top elementor-widget elementor-widget-image-box\" data-id=\"81cf1fd\" data-element_type=\"widget\" data-e-type=\"widget\" data-widget_type=\"image-box.default\">\n\t\t\t\t<div class=\"elementor-widget-container\">\n\t\t\t\t\t<div class=\"elementor-image-box-wrapper\"><figure class=\"elementor-image-box-img\"><a href=\"https:\/\/wcp.getthere.net\/macnairport\" target=\"_blank\" tabindex=\"-1\"><img decoding=\"async\" width=\"2700\" height=\"962\" src=\"https:\/\/www.dt.com\/wp-content\/uploads\/Get-There_Logo.png\" class=\"attachment-full size-full wp-image-31971\" alt=\"\" srcset=\"https:\/\/www.dt.com\/wp-content\/uploads\/Get-There_Logo.png 2700w, https:\/\/www.dt.com\/wp-content\/uploads\/Get-There_Logo-600x214.png 600w, https:\/\/www.dt.com\/wp-content\/uploads\/Get-There_Logo-768x274.png 768w, https:\/\/www.dt.com\/wp-content\/uploads\/Get-There_Logo-1536x547.png 1536w\" sizes=\"(max-width: 2700px) 100vw, 2700px\" \/><\/a><\/figure><div class=\"elementor-image-box-content\"><h2 class=\"elementor-image-box-title\"><a href=\"https:\/\/wcp.getthere.net\/macnairport\" target=\"_blank\">Connexion \u00e0 GetThere<\/a><\/h2><\/div><\/div>\t\t\t\t<\/div>\n\t\t\t\t<\/div>\n\t\t\t\t<div data-dce-advanced-background-color=\"#171A31\" data-dce-advanced-background-hover-color=\"#171A31CF\" class=\"elementor-element elementor-element-2e70ecd elementor-position-top elementor-widget elementor-widget-image-box\" data-id=\"2e70ecd\" data-element_type=\"widget\" data-e-type=\"widget\" data-widget_type=\"image-box.default\">\n\t\t\t\t<div class=\"elementor-widget-container\">\n\t\t\t\t\t<div class=\"elementor-image-box-wrapper\"><figure class=\"elementor-image-box-img\"><a href=\"https:\/\/certifytravel.com\/login.aspx?WM=RESXPRODD\" target=\"_blank\" tabindex=\"-1\"><img decoding=\"async\" width=\"715\" height=\"299\" src=\"https:\/\/www.dt.com\/wp-content\/uploads\/Certify_Logo.png\" class=\"attachment-full size-full wp-image-31972\" alt=\"\" \/><\/a><\/figure><div class=\"elementor-image-box-content\"><h2 class=\"elementor-image-box-title\"><a href=\"https:\/\/certifytravel.com\/login.aspx?WM=RESXPRODD\" target=\"_blank\">Connexion \u00e0 Certify<\/a><\/h2><\/div><\/div>\t\t\t\t<\/div>\n\t\t\t\t<\/div>\n\t\t\t\t<div data-dce-advanced-background-color=\"#171A31\" data-dce-advanced-background-hover-color=\"#171A31CF\" class=\"elementor-element elementor-element-77c771c elementor-position-top elementor-widget elementor-widget-image-box\" data-id=\"77c771c\" data-element_type=\"widget\" data-e-type=\"widget\" data-widget_type=\"image-box.default\">\n\t\t\t\t<div class=\"elementor-widget-container\">\n\t\t\t\t\t<div class=\"elementor-image-box-wrapper\"><figure class=\"elementor-image-box-img\"><a href=\"https:\/\/sso.expensenet.net\/\" target=\"_blank\" tabindex=\"-1\"><img loading=\"lazy\" decoding=\"async\" width=\"1811\" height=\"962\" src=\"https:\/\/www.dt.com\/wp-content\/uploads\/Zeno_Logo.png\" class=\"attachment-full size-full wp-image-31973\" alt=\"\" srcset=\"https:\/\/www.dt.com\/wp-content\/uploads\/Zeno_Logo.png 1811w, https:\/\/www.dt.com\/wp-content\/uploads\/Zeno_Logo-600x319.png 600w, https:\/\/www.dt.com\/wp-content\/uploads\/Zeno_Logo-768x408.png 768w\" sizes=\"(max-width: 1811px) 100vw, 1811px\" \/><\/a><\/figure><div class=\"elementor-image-box-content\"><h2 class=\"elementor-image-box-title\"><a href=\"https:\/\/sso.expensenet.net\/\" target=\"_blank\">Connexion \u00e0 Zeno<\/a><\/h2><\/div><\/div>\t\t\t\t<\/div>\n\t\t\t\t<\/div>\n\t\t\t\t<div data-dce-advanced-background-color=\"#171A31\" data-dce-advanced-background-hover-color=\"#171A31CF\" class=\"elementor-element elementor-element-4dfb62b elementor-position-top elementor-widget elementor-widget-image-box\" data-id=\"4dfb62b\" data-element_type=\"widget\" data-e-type=\"widget\" data-widget_type=\"image-box.default\">\n\t\t\t\t<div class=\"elementor-widget-container\">\n\t\t\t\t\t<div class=\"elementor-image-box-wrapper\"><figure class=\"elementor-image-box-img\"><a href=\"https:\/\/www.deem.com\/products\/etta\" target=\"_blank\" tabindex=\"-1\"><img loading=\"lazy\" decoding=\"async\" width=\"401\" height=\"113\" src=\"https:\/\/www.dt.com\/wp-content\/uploads\/2024\/07\/5eaf58b285c94fdcc1b48ccd_Asset-35@4x.png\" class=\"attachment-full size-full wp-image-32066\" alt=\"\" \/><\/a><\/figure><div class=\"elementor-image-box-content\"><h2 class=\"elementor-image-box-title\"><a href=\"https:\/\/www.deem.com\/products\/etta\" target=\"_blank\">Deem<\/a><\/h2><\/div><\/div>\t\t\t\t<\/div>\n\t\t\t\t<\/div>\n\t\t\t\t<div data-dce-advanced-background-color=\"#171A31\" data-dce-advanced-background-hover-color=\"#171A31CF\" class=\"elementor-element elementor-element-56f8956 elementor-position-top elementor-widget elementor-widget-image-box\" data-id=\"56f8956\" data-element_type=\"widget\" data-e-type=\"widget\" data-widget_type=\"image-box.default\">\n\t\t\t\t<div class=\"elementor-widget-container\">\n\t\t\t\t\t<div class=\"elementor-image-box-wrapper\"><figure class=\"elementor-image-box-img\"><a href=\"https:\/\/dt.graspdata.com\/Public\/PrintInvoice.aspx?agency=AAECAD099A274EC2A08DDAC81294167D\" target=\"_blank\" tabindex=\"-1\"><img loading=\"lazy\" decoding=\"async\" width=\"1117\" height=\"360\" src=\"https:\/\/www.dt.com\/wp-content\/uploads\/Direct-Travel_Logo.png\" class=\"attachment-full size-full wp-image-31975\" alt=\"\" srcset=\"https:\/\/www.dt.com\/wp-content\/uploads\/Direct-Travel_Logo.png 1117w, https:\/\/www.dt.com\/wp-content\/uploads\/Direct-Travel_Logo-600x193.png 600w\" sizes=\"(max-width: 1117px) 100vw, 1117px\" \/><\/a><\/figure><div class=\"elementor-image-box-content\"><h2 class=\"elementor-image-box-title\"><a href=\"https:\/\/dt.graspdata.com\/Public\/PrintInvoice.aspx?agency=AAECAD099A274EC2A08DDAC81294167D\" target=\"_blank\">Factures sur demande<\/a><\/h2><\/div><\/div>\t\t\t\t<\/div>\n\t\t\t\t<\/div>\n\t\t\t\t<div data-dce-advanced-background-color=\"#171A31\" data-dce-advanced-background-hover-color=\"#171A31CF\" class=\"elementor-element elementor-element-8d88bfc elementor-position-top elementor-widget elementor-widget-image-box\" data-id=\"8d88bfc\" data-element_type=\"widget\" data-e-type=\"widget\" data-widget_type=\"image-box.default\">\n\t\t\t\t<div class=\"elementor-widget-container\">\n\t\t\t\t\t<div class=\"elementor-image-box-wrapper\"><figure class=\"elementor-image-box-img\"><a href=\"https:\/\/apps.ciswired.com\/login.cfm?agclient=directdata\" target=\"_blank\" tabindex=\"-1\"><img loading=\"lazy\" decoding=\"async\" width=\"1117\" height=\"360\" src=\"https:\/\/www.dt.com\/wp-content\/uploads\/Direct-Travel_Logo.png\" class=\"attachment-full size-full wp-image-31975\" alt=\"\" srcset=\"https:\/\/www.dt.com\/wp-content\/uploads\/Direct-Travel_Logo.png 1117w, https:\/\/www.dt.com\/wp-content\/uploads\/Direct-Travel_Logo-600x193.png 600w\" sizes=\"(max-width: 1117px) 100vw, 1117px\" \/><\/a><\/figure><div class=\"elementor-image-box-content\"><h2 class=\"elementor-image-box-title\"><a href=\"https:\/\/apps.ciswired.com\/login.cfm?agclient=directdata\" target=\"_blank\">Suite Direct Reporting<\/a><\/h2><\/div><\/div>\t\t\t\t<\/div>\n\t\t\t\t<\/div>\n\t\t\t\t<div data-dce-advanced-background-color=\"#171A31\" data-dce-advanced-background-hover-color=\"#171A31CF\" class=\"elementor-element elementor-element-5721109 elementor-position-top elementor-widget elementor-widget-global elementor-global-17610 elementor-widget-image-box\" data-id=\"5721109\" data-element_type=\"widget\" data-e-type=\"widget\" data-widget_type=\"image-box.default\">\n\t\t\t\t<div class=\"elementor-widget-container\">\n\t\t\t\t\t<div class=\"elementor-image-box-wrapper\"><figure class=\"elementor-image-box-img\"><a href=\"https:\/\/travel.state.gov\/content\/travel\/en\/traveladvisories\/traveladvisories.html\/\" target=\"_blank\" tabindex=\"-1\"><img loading=\"lazy\" decoding=\"async\" width=\"633\" height=\"630\" src=\"https:\/\/www.dt.com\/wp-content\/uploads\/US-Department-of-State_Logo.png\" class=\"attachment-full size-full wp-image-14390\" alt=\"\" srcset=\"https:\/\/www.dt.com\/wp-content\/uploads\/US-Department-of-State_Logo.png 633w, https:\/\/www.dt.com\/wp-content\/uploads\/US-Department-of-State_Logo-300x300.png 300w\" sizes=\"(max-width: 633px) 100vw, 633px\" \/><\/a><\/figure><div class=\"elementor-image-box-content\"><h2 class=\"elementor-image-box-title\"><a href=\"https:\/\/travel.state.gov\/content\/travel\/en\/traveladvisories\/traveladvisories.html\/\" target=\"_blank\">Travel Alerts<\/a><\/h2><\/div><\/div>\t\t\t\t<\/div>\n\t\t\t\t<\/div>\n\t\t\t\t<div data-dce-advanced-background-color=\"#171A31\" data-dce-advanced-background-hover-color=\"#171A31CF\" class=\"elementor-element elementor-element-fce0c6d elementor-position-top elementor-widget elementor-widget-image-box\" data-id=\"fce0c6d\" data-element_type=\"widget\" data-e-type=\"widget\" data-widget_type=\"image-box.default\">\n\t\t\t\t<div class=\"elementor-widget-container\">\n\t\t\t\t\t<div class=\"elementor-image-box-wrapper\"><figure class=\"elementor-image-box-img\"><a href=\"https:\/\/dt.cibtvisas.com\/\" target=\"_blank\" tabindex=\"-1\"><img loading=\"lazy\" decoding=\"async\" width=\"1200\" height=\"403\" src=\"https:\/\/www.dt.com\/wp-content\/uploads\/CIBT-Visas_Logo.png\" class=\"attachment-full size-full wp-image-31977\" alt=\"\" srcset=\"https:\/\/www.dt.com\/wp-content\/uploads\/CIBT-Visas_Logo.png 1200w, https:\/\/www.dt.com\/wp-content\/uploads\/CIBT-Visas_Logo-600x202.png 600w, https:\/\/www.dt.com\/wp-content\/uploads\/CIBT-Visas_Logo-768x258.png 768w\" sizes=\"(max-width: 1200px) 100vw, 1200px\" \/><\/a><\/figure><div class=\"elementor-image-box-content\"><h2 class=\"elementor-image-box-title\"><a href=\"https:\/\/dt.cibtvisas.com\/\" target=\"_blank\">Visas\/Passeports<\/a><\/h2><\/div><\/div>\t\t\t\t<\/div>\n\t\t\t\t<\/div>\n\t\t\t\t\t<\/div>\n\t\t\t\t<\/div>\n\t\t<div class=\"elementor-element elementor-element-ca6e802 e-flex e-con-boxed e-con e-parent\" data-id=\"ca6e802\" data-element_type=\"container\" data-e-type=\"container\" data-settings=\"{&quot;shape_divider_top&quot;:&quot;dt-waves-red-half-purple&quot;}\">\n\t\t\t\t\t<div class=\"e-con-inner\">\n\t\t\t\t<div class=\"elementor-shape elementor-shape-top\" aria-hidden=\"true\" data-negative=\"false\">\n\t\t\t<svg xmlns=\"http:\/\/www.w3.org\/2000\/svg\" fill=\"none\" preserveAspectRatio=\"none\" viewBox=\"0 0 1520 472\">\r\n  <path d=\"M0 111C608-12 1111 319 1520 284v216H0Z\" class=\"elementor-shape-fill-alt\"\/>\r\n  <g filter=\"url(#bbbb)\">\r\n    <path fill=\"url(#cccc)\" d=\"M1520 0H0v161.308s392.861-118.2451 637.556-23.232C1002.78 245.79 1163.22 452.241 1520 452.241V0Z\"\/>\r\n  <\/g>\r\n  <g filter=\"url(#dddd)\">\r\n    <path fill=\"url(#eeee)\" d=\"M1520 0 0 .00018883V198.774c394.951-106.1074 603.381-84.285 848.182 0C1038.13 264.175 1163.07 349 1520 349V0Z\"\/>\r\n  <\/g>\r\n  <g filter=\"url(#ffff)\">\r\n    <path d=\"M1520 0H0v74c373.839-80.46482 577.306-7.449 822 68 189.87 58.544 418 120 698 90V0Z\" class=\"elementor-shape-fill\"\/>\r\n  <\/g>\r\n  <defs>\r\n    <filter id=\"bbbb\" width=\"1560\" height=\"492.241\" x=\"-20\" y=\"-18\" color-interpolation-filters=\"sRGB\" filterUnits=\"userSpaceOnUse\">\r\n      <feFlood flood-opacity=\"0\" result=\"BackgroundImageFix\"\/>\r\n      <feColorMatrix in=\"SourceAlpha\" result=\"hardAlpha\" values=\"0 0 0 0 0 0 0 0 0 0 0 0 0 0 0 0 0 0 127 0\"\/>\r\n      <feOffset dy=\"2\"\/>\r\n      <feGaussianBlur stdDeviation=\"10\"\/>\r\n      <feComposite in2=\"hardAlpha\" operator=\"out\"\/>\r\n      <feColorMatrix values=\"0 0 0 0 0 0 0 0 0 0 0 0 0 0 0 0 0 0 0.2 0\"\/>\r\n      <feBlend in2=\"BackgroundImageFix\" result=\"effect1_dropShadow_930_4453\"\/>\r\n      <feBlend in=\"SourceGraphic\" in2=\"effect1_dropShadow_930_4453\" result=\"shape\"\/>\r\n    <\/filter>\r\n    <filter id=\"dddd\" width=\"1560\" height=\"389\" x=\"-20\" y=\"-18\" color-interpolation-filters=\"sRGB\" filterUnits=\"userSpaceOnUse\">\r\n      <feFlood flood-opacity=\"0\" result=\"BackgroundImageFix\"\/>\r\n      <feColorMatrix in=\"SourceAlpha\" result=\"hardAlpha\" values=\"0 0 0 0 0 0 0 0 0 0 0 0 0 0 0 0 0 0 127 0\"\/>\r\n      <feOffset dy=\"2\"\/>\r\n      <feGaussianBlur stdDeviation=\"10\"\/>\r\n      <feComposite in2=\"hardAlpha\" operator=\"out\"\/>\r\n      <feColorMatrix values=\"0 0 0 0 0 0 0 0 0 0 0 0 0 0 0 0 0 0 0.2 0\"\/>\r\n      <feBlend in2=\"BackgroundImageFix\" result=\"effect1_dropShadow_930_4453\"\/>\r\n      <feBlend in=\"SourceGraphic\" in2=\"effect1_dropShadow_930_4453\" result=\"shape\"\/>\r\n    <\/filter>\r\n    <filter id=\"ffff\" width=\"1560\" height=\"279.861\" x=\"-20\" y=\"-18\" color-interpolation-filters=\"sRGB\" filterUnits=\"userSpaceOnUse\">\r\n      <feFlood flood-opacity=\"0\" result=\"BackgroundImageFix\"\/>\r\n      <feColorMatrix in=\"SourceAlpha\" result=\"hardAlpha\" values=\"0 0 0 0 0 0 0 0 0 0 0 0 0 0 0 0 0 0 127 0\"\/>\r\n      <feOffset dy=\"2\"\/>\r\n      <feGaussianBlur stdDeviation=\"10\"\/>\r\n      <feComposite in2=\"hardAlpha\" operator=\"out\"\/>\r\n      <feColorMatrix values=\"0 0 0 0 0 0 0 0 0 0 0 0 0 0 0 0 0 0 0.2 0\"\/>\r\n      <feBlend in2=\"BackgroundImageFix\" result=\"effect1_dropShadow_930_4453\"\/>\r\n      <feBlend in=\"SourceGraphic\" in2=\"effect1_dropShadow_930_4453\" result=\"shape\"\/>\r\n    <\/filter>\r\n    <linearGradient id=\"cccc\" x1=\"0\" x2=\"1520\" y1=\"218.901\" y2=\"218.901\" gradientUnits=\"userSpaceOnUse\">\r\n      <stop stop-color=\"#EC0D80\"\/>\r\n      <stop offset=\".53125\" stop-color=\"#610163\"\/>\r\n    <\/linearGradient>\r\n    <linearGradient id=\"eeee\" x1=\"1520.67\" x2=\"-1.45953\" y1=\"196.331\" y2=\"149.956\" gradientUnits=\"userSpaceOnUse\">\r\n      <stop stop-color=\"#980C4B\"\/>\r\n      <stop offset=\".9992\" stop-color=\"#D5182E\"\/>\r\n    <\/linearGradient>\r\n  <\/defs>\r\n<\/svg>\t\t<\/div>\n\t\t<div class=\"elementor-element elementor-element-74cc231 e-con-full e-flex e-con e-child\" data-id=\"74cc231\" data-element_type=\"container\" data-e-type=\"container\">\n\t\t\t\t<div class=\"elementor-element elementor-element-909f045 gradient-title-purple elementor-widget__width-inherit elementor-widget elementor-widget-heading\" data-id=\"909f045\" data-element_type=\"widget\" data-e-type=\"widget\" data-widget_type=\"heading.default\">\n\t\t\t\t<div class=\"elementor-widget-container\">\n\t\t\t\t\t<h3 class=\"elementor-heading-title elementor-size-default\">T\u00e9l\u00e9chargez l'app mobile Direct2U<\/h3>\t\t\t\t<\/div>\n\t\t\t\t<\/div>\n\t\t\t\t<div class=\"elementor-element elementor-element-ca54265 elementor-widget__width-inherit elementor-widget elementor-widget-heading\" data-id=\"ca54265\" data-element_type=\"widget\" data-e-type=\"widget\" data-widget_type=\"heading.default\">\n\t\t\t\t<div class=\"elementor-widget-container\">\n\t\t\t\t\t<p class=\"elementor-heading-title elementor-size-default\"><b>Notre technologie mobile Direct2U offre aux voyageurs les outils dont ils ont besoin<\/b>, au moment o\u00f9 ils en ont besoin \u2014 le tout au creux de leur main. Avec Direct2U, les utilisateurs peuvent facilement g\u00e9rer leurs r\u00e9servations de voyage et acc\u00e9der aux mises \u00e0 jour sur l'\u00e9tat des vols, aux guides de destination et aux informations culturelles. Les int\u00e9grations de l'application donnent acc\u00e8s \u00e0 des ressources pertinentes pour les voyageurs, telles que les alertes de voyage, les restrictions de visa et les exigences de vaccination. De plus, la messagerie bidirectionnelle vous permet de communiquer directement dans l'application, offrant un canal fiable et s\u00e9curis\u00e9 pour rester connect\u00e9 en d\u00e9placement.   <\/p>\t\t\t\t<\/div>\n\t\t\t\t<\/div>\n\t\t\t\t<div class=\"elementor-element elementor-element-e319557 elementor-widget elementor-widget-button\" data-id=\"e319557\" data-element_type=\"widget\" data-e-type=\"widget\" data-widget_type=\"button.default\">\n\t\t\t\t<div class=\"elementor-widget-container\">\n\t\t\t\t\t\t\t\t\t<div class=\"elementor-button-wrapper\">\n\t\t\t\t\t<a class=\"elementor-button elementor-button-link elementor-size-sm\" href=\"https:\/\/apps.apple.com\/gb\/app\/direct2u-travel\/id944161827#?platform=iphone\" target=\"_blank\">\n\t\t\t\t\t\t<span class=\"elementor-button-content-wrapper\">\n\t\t\t\t\t\t<span class=\"elementor-button-icon\">\n\t\t\t\t<svg aria-hidden=\"true\" class=\"e-font-icon-svg e-fab-apple\" viewBox=\"0 0 384 512\" xmlns=\"http:\/\/www.w3.org\/2000\/svg\"><path d=\"M318.7 268.7c-.2-36.7 16.4-64.4 50-84.8-18.8-26.9-47.2-41.7-84.7-44.6-35.5-2.8-74.3 20.7-88.5 20.7-15 0-49.4-19.7-76.4-19.7C63.3 141.2 4 184.8 4 273.5q0 39.3 14.4 81.2c12.8 36.7 59 126.7 107.2 125.2 25.2-.6 43-17.9 75.8-17.9 31.8 0 48.3 17.9 76.4 17.9 48.6-.7 90.4-82.5 102.6-119.3-65.2-30.7-61.7-90-61.7-91.9zm-56.6-164.2c27.3-32.4 24.8-61.9 24-72.5-24.1 1.4-52 16.4-67.9 34.9-17.5 19.8-27.8 44.3-25.6 71.9 26.1 2 49.9-11.4 69.5-34.3z\"><\/path><\/svg>\t\t\t<\/span>\n\t\t\t\t\t\t\t\t\t<span class=\"elementor-button-text\">T\u00e9l\u00e9charger sur l'App Store<\/span>\n\t\t\t\t\t<\/span>\n\t\t\t\t\t<\/a>\n\t\t\t\t<\/div>\n\t\t\t\t\t\t\t\t<\/div>\n\t\t\t\t<\/div>\n\t\t\t\t<div class=\"elementor-element elementor-element-05bf085 elementor-widget elementor-widget-button\" data-id=\"05bf085\" data-element_type=\"widget\" data-e-type=\"widget\" data-widget_type=\"button.default\">\n\t\t\t\t<div class=\"elementor-widget-container\">\n\t\t\t\t\t\t\t\t\t<div class=\"elementor-button-wrapper\">\n\t\t\t\t\t<a class=\"elementor-button elementor-button-link elementor-size-sm\" href=\"https:\/\/play.google.com\/store\/apps\/details?id=com.manticpoint.android.directtravel\" target=\"_blank\">\n\t\t\t\t\t\t<span class=\"elementor-button-content-wrapper\">\n\t\t\t\t\t\t<span class=\"elementor-button-icon\">\n\t\t\t\t<svg aria-hidden=\"true\" class=\"e-font-icon-svg e-fab-google-play\" viewBox=\"0 0 512 512\" xmlns=\"http:\/\/www.w3.org\/2000\/svg\"><path d=\"M325.3 234.3L104.6 13l280.8 161.2-60.1 60.1zM47 0C34 6.8 25.3 19.2 25.3 35.3v441.3c0 16.1 8.7 28.5 21.7 35.3l256.6-256L47 0zm425.2 225.6l-58.9-34.1-65.7 64.5 65.7 64.5 60.1-34.1c18-14.3 18-46.5-1.2-60.8zM104.6 499l280.8-161.2-60.1-60.1L104.6 499z\"><\/path><\/svg>\t\t\t<\/span>\n\t\t\t\t\t\t\t\t\t<span class=\"elementor-button-text\">T\u00e9l\u00e9charger sur Google Play<\/span>\n\t\t\t\t\t<\/span>\n\t\t\t\t\t<\/a>\n\t\t\t\t<\/div>\n\t\t\t\t\t\t\t\t<\/div>\n\t\t\t\t<\/div>\n\t\t\t\t<\/div>\n\t\t<div class=\"elementor-element elementor-element-be4aa4b e-con-full e-flex e-con e-child\" data-id=\"be4aa4b\" data-element_type=\"container\" data-e-type=\"container\">\n\t\t\t\t<div class=\"elementor-element elementor-element-54514fd elementor-widget elementor-widget-image\" data-id=\"54514fd\" data-element_type=\"widget\" data-e-type=\"widget\" data-widget_type=\"image.default\">\n\t\t\t\t<div class=\"elementor-widget-container\">\n\t\t\t\t\t\t\t\t\t\t\t\t\t\t\t<img loading=\"lazy\" decoding=\"async\" width=\"2355\" height=\"800\" src=\"https:\/\/www.dt.com\/wp-content\/uploads\/2024\/07\/direct2u.png\" class=\"attachment-full size-full wp-image-32083\" alt=\"Direct2U\" srcset=\"https:\/\/www.dt.com\/wp-content\/uploads\/2024\/07\/direct2u.png 2355w, https:\/\/www.dt.com\/wp-content\/uploads\/2024\/07\/direct2u-600x204.png 600w, https:\/\/www.dt.com\/wp-content\/uploads\/2024\/07\/direct2u-768x261.png 768w\" sizes=\"(max-width: 2355px) 100vw, 2355px\" \/>\t\t\t\t\t\t\t\t\t\t\t\t\t\t\t<\/div>\n\t\t\t\t<\/div>\n\t\t\t\t<\/div>\n\t\t\t\t\t<\/div>\n\t\t\t\t<\/div>\n\t\t\t\t<\/div>\n\t\t","protected":false},"excerpt":{"rendered":"<p>Connexion \u00e0 SAP Concur Connexion \u00e0 GetThere Connexion \u00e0 Certify Connexion \u00e0 Zeno Deem Factures sur demande Suite Direct Reporting Travel Alerts Visas\/Passeports T\u00e9l\u00e9chargez l&rsquo;app mobile Direct2U Notre technologie mobile Direct2U offre aux voyageurs les outils dont ils ont besoin, au moment o\u00f9 ils en ont besoin \u2014 le tout au creux de leur main. [&hellip;]<\/p>\n","protected":false},"author":1,"featured_media":0,"parent":0,"menu_order":37,"comment_status":"closed","ping_status":"closed","template":"elementor_theme","meta":{"footnotes":""},"class_list":["post-35657","page","type-page","status-publish","hentry"],"_links":{"self":[{"href":"https:\/\/www.dt.com\/fr\/wp-json\/wp\/v2\/pages\/35657","targetHints":{"allow":["GET"]}}],"collection":[{"href":"https:\/\/www.dt.com\/fr\/wp-json\/wp\/v2\/pages"}],"about":[{"href":"https:\/\/www.dt.com\/fr\/wp-json\/wp\/v2\/types\/page"}],"author":[{"embeddable":true,"href":"https:\/\/www.dt.com\/fr\/wp-json\/wp\/v2\/users\/1"}],"replies":[{"embeddable":true,"href":"https:\/\/www.dt.com\/fr\/wp-json\/wp\/v2\/comments?post=35657"}],"version-history":[{"count":5,"href":"https:\/\/www.dt.com\/fr\/wp-json\/wp\/v2\/pages\/35657\/revisions"}],"predecessor-version":[{"id":35663,"href":"https:\/\/www.dt.com\/fr\/wp-json\/wp\/v2\/pages\/35657\/revisions\/35663"}],"wp:attachment":[{"href":"https:\/\/www.dt.com\/fr\/wp-json\/wp\/v2\/media?parent=35657"}],"curies":[{"name":"wp","href":"https:\/\/api.w.org\/{rel}","templated":true}]}}