{"id":34380,"date":"2020-01-17T12:31:53","date_gmt":"2020-01-17T17:31:53","guid":{"rendered":"https:\/\/www.dt.com\/?page_id=34380"},"modified":"2020-01-17T13:05:57","modified_gmt":"2020-01-17T18:05:57","slug":"guide-de-creation-dune-directive-sur-les-voyages","status":"publish","type":"page","link":"https:\/\/www.dt.com\/fr-ca\/guide-de-creation-dune-directive-sur-les-voyages\/","title":{"rendered":"Guide de cr\u00e9ation d\u2019une directive sur les voyages"},"content":{"rendered":"<p>[et_pb_section fb_built=\u00a0\u00bb1&Prime; fullwidth=\u00a0\u00bbon\u00a0\u00bb _builder_version=\u00a0\u00bb3.29.3&Prime; fb_built=\u00a0\u00bb1&Prime; _i=\u00a0\u00bb0&Prime; _address=\u00a0\u00bb0&Prime;][et_pb_fullwidth_image src=\u00a0\u00bbhttps:\/\/www.dt.com\/ca\/wp-content\/uploads\/2020\/01\/Travel-Policy-Workbook_Header_FR.png\u00a0\u00bb _builder_version=\u00a0\u00bb3.29.3&Prime; _i=\u00a0\u00bb0&Prime; _address=\u00a0\u00bb0.0&Prime;][\/et_pb_fullwidth_image][\/et_pb_section][et_pb_section fb_built=\u00a0\u00bb1&Prime; _builder_version=\u00a0\u00bb3.29.3&Prime; max_width=\u00a0\u00bb1080px\u00a0\u00bb module_alignment=\u00a0\u00bbcenter\u00a0\u00bb fb_built=\u00a0\u00bb1&Prime; _i=\u00a0\u00bb1&Prime; _address=\u00a0\u00bb1&Prime;][et_pb_row _builder_version=\u00a0\u00bb3.29.3&Prime; background_color=\u00a0\u00bb#d3d3d3&Prime; custom_margin=\u00a0\u00bb0px||0px||false|false\u00a0\u00bb custom_padding=\u00a0\u00bb0px||0px||false|false\u00a0\u00bb disabled_on=\u00a0\u00bboff|off|off\u00a0\u00bb _i=\u00a0\u00bb0&Prime; _address=\u00a0\u00bb1.0&Prime;][et_pb_column type=\u00a0\u00bb4_4&Prime; _builder_version=\u00a0\u00bb3.29.3&Prime; custom_padding=\u00a0\u00bb0px||0px||false|false\u00a0\u00bb _i=\u00a0\u00bb0&Prime; _address=\u00a0\u00bb1.0.0&Prime;][et_pb_code _builder_version=\u00a0\u00bb3.29.3&Prime; custom_css_main_element=\u00a0\u00bbdisplay: none;\u00a0\u00bb _i=\u00a0\u00bb0&Prime; _address=\u00a0\u00bb1.0.0.0&Prime;]<script type=\"text\/javascript\"><!-- [et_pb_line_break_holder] -->(function($) {<!-- [et_pb_line_break_holder] -->\t$( document ).ready(function() {<!-- [et_pb_line_break_holder] -->\tvar menuitem = '<\/p>\n<li class=\"red menu-item\"><a href=\"#page-form\">T\u00c9L\u00c9CHARGER GRATUITEMENT VOTRE GUIDE<\/a><\/li>\n<p>';<!-- [et_pb_line_break_holder] -->\t$(\"#top-menu-nav ul.nav\").html(menuitem);<!-- [et_pb_line_break_holder] -->  $(\"#custom_lang_switcher\").attr(\"href\", \"https:\/\/www.dt.com\/en-ca\/travel-policy-workbook\");<!-- [et_pb_line_break_holder] -->});<!-- [et_pb_line_break_holder] -->})( jQuery );<!-- [et_pb_line_break_holder] --><\/script>[\/et_pb_code][\/et_pb_column][\/et_pb_row][et_pb_row _builder_version=\u00a0\u00bb3.29.3&Prime; custom_padding=\u00a0\u00bb||0px||false|false\u00a0\u00bb _i=\u00a0\u00bb1&Prime; _address=\u00a0\u00bb1.1&Prime;][et_pb_column type=\u00a0\u00bb4_4&Prime; _builder_version=\u00a0\u00bb3.29.3&Prime; _i=\u00a0\u00bb0&Prime; _address=\u00a0\u00bb1.1.0&Prime;][et_pb_text _builder_version=\u00a0\u00bb3.29.3&Prime; text_orientation=\u00a0\u00bbright\u00a0\u00bb custom_margin=\u00a0\u00bb||0px||false|false\u00a0\u00bb disabled_on=\u00a0\u00bboff|off|off\u00a0\u00bb _i=\u00a0\u00bb0&Prime; _address=\u00a0\u00bb1.1.0.0&Prime;]<\/p>\n<h4><a href=\"https:\/\/www.dt.com\/fr-ca\/guide-de-creation-dune-directive-sur-les-voyages\/\" style=\"color: #646569;\" id=\"custom_lang_switcher\">EN<\/a><\/h4>\n<p>[\/et_pb_text][\/et_pb_column][\/et_pb_row][et_pb_row _builder_version=\u00a0\u00bb3.29.3&Prime; custom_margin=\u00a0\u00bb0px||||false|false\u00a0\u00bb custom_padding=\u00a0\u00bb0px||||false|false\u00a0\u00bb _i=\u00a0\u00bb2&Prime; _address=\u00a0\u00bb1.2&Prime;][et_pb_column type=\u00a0\u00bb4_4&Prime; _builder_version=\u00a0\u00bb3.29.3&Prime; _i=\u00a0\u00bb0&Prime; _address=\u00a0\u00bb1.2.0&Prime;][et_pb_text _builder_version=\u00a0\u00bb3.29.3&Prime; custom_margin=\u00a0\u00bb||27px|||\u00a0\u00bb _i=\u00a0\u00bb0&Prime; _address=\u00a0\u00bb1.2.0.0&Prime;]<\/p>\n<h1 style=\"text-align: center; color: #e2231a; margin: 0 0 10px; line-height: 140%; font-size: 38px;\">Suivez les \u00e9tapes de ce guide pour cr\u00e9er une&nbsp;directive&nbsp;sur&nbsp;les voyages efficace<\/h1>\n<h2 style=\"text-align: center; color: #aeaeae; line-height: 150%;\">Une approche directe pour cr\u00e9er votre directive sur les voyages, vous&nbsp;assurer de sa mise en application et analyser son efficacit\u00e9.<\/h2>\n<p>[\/et_pb_text][et_pb_button button_url=\u00a0\u00bb#page-form\u00a0\u00bb button_text=\u00a0\u00bbT\u00c9L\u00c9CHARGER GRATUITEMENT VOTRE GUIDE\u00a0\u00bb button_alignment=\u00a0\u00bbcenter\u00a0\u00bb _builder_version=\u00a0\u00bb3.29.3&Prime; custom_button=\u00a0\u00bbon\u00a0\u00bb button_text_size=\u00a0\u00bb24px\u00a0\u00bb button_text_color=\u00a0\u00bb#ffffff\u00a0\u00bb button_bg_color=\u00a0\u00bb#6acad7&Prime; button_border_width=\u00a0\u00bb0px\u00a0\u00bb button_border_radius=\u00a0\u00bb15px\u00a0\u00bb button_use_icon=\u00a0\u00bboff\u00a0\u00bb custom_margin=\u00a0\u00bb-18px|||||\u00a0\u00bb custom_padding=\u00a0\u00bb15px||12px||false|false\u00a0\u00bb button_bg_enable_color=\u00a0\u00bbon\u00a0\u00bb _i=\u00a0\u00bb1&Prime; _address=\u00a0\u00bb1.2.0.1&Prime;][\/et_pb_button][\/et_pb_column][\/et_pb_row][\/et_pb_section][et_pb_section fb_built=\u00a0\u00bb1&Prime; _builder_version=\u00a0\u00bb3.29.3&Prime; background_color=\u00a0\u00bb#F2F2F2&Prime; module_alignment=\u00a0\u00bbcenter\u00a0\u00bb custom_padding=\u00a0\u00bb30px||5px||false|false\u00a0\u00bb fb_built=\u00a0\u00bb1&Prime; _i=\u00a0\u00bb2&Prime; _address=\u00a0\u00bb2&Prime;][et_pb_row column_structure=\u00a0\u00bb1_4,1_4,1_4,1_4&Prime; use_custom_gutter=\u00a0\u00bbon\u00a0\u00bb gutter_width=\u00a0\u00bb2&Prime; make_equal=\u00a0\u00bbon\u00a0\u00bb _builder_version=\u00a0\u00bb3.29.3&Prime; background_color=\u00a0\u00bb#F2F2F2&Prime; width=\u00a0\u00bb980px\u00a0\u00bb width_last_edited=\u00a0\u00bboff|desktop\u00a0\u00bb module_alignment=\u00a0\u00bbcenter\u00a0\u00bb _i=\u00a0\u00bb0&Prime; _address=\u00a0\u00bb2.0&Prime;][et_pb_column type=\u00a0\u00bb1_4&Prime; _builder_version=\u00a0\u00bb3.29.3&Prime; _i=\u00a0\u00bb0&Prime; _address=\u00a0\u00bb2.0.0&Prime;][et_pb_image src=\u00a0\u00bbhttps:\/\/www.dt.com\/ca\/wp-content\/uploads\/2020\/01\/TPW_Savings-2x-1.png\u00a0\u00bb align=\u00a0\u00bbcenter\u00a0\u00bb _builder_version=\u00a0\u00bb3.29.3&Prime; width=\u00a0\u00bb96px\u00a0\u00bb custom_margin=\u00a0\u00bb||20px||false|false\u00a0\u00bb _i=\u00a0\u00bb0&Prime; _address=\u00a0\u00bb2.0.0.0&Prime;][\/et_pb_image][et_pb_text _builder_version=\u00a0\u00bb3.29.3&Prime; custom_margin=\u00a0\u00bb||27px|||\u00a0\u00bb _i=\u00a0\u00bb1&Prime; _address=\u00a0\u00bb2.0.0.1&Prime;]<\/p>\n<p style=\"text-align: center;\"><strong>\u00c9conomies<\/strong><br \/>\nR\u00e9duisez l\u2019ensemble de vos d\u00e9penses en mati\u00e8re de voyages et am\u00e9liorez le RCI de chaque d\u00e9placement professionnel.<\/p>\n<p>[\/et_pb_text][\/et_pb_column][et_pb_column type=\u00a0\u00bb1_4&Prime; _builder_version=\u00a0\u00bb3.29.3&Prime; _i=\u00a0\u00bb1&Prime; _address=\u00a0\u00bb2.0.1&Prime;][et_pb_image src=\u00a0\u00bbhttps:\/\/www.dt.com\/ca\/wp-content\/uploads\/2020\/01\/TPW_Support-2x-1.png\u00a0\u00bb align=\u00a0\u00bbcenter\u00a0\u00bb _builder_version=\u00a0\u00bb3.29.3&Prime; width=\u00a0\u00bb96px\u00a0\u00bb custom_margin=\u00a0\u00bb||20px||false|false\u00a0\u00bb _i=\u00a0\u00bb0&Prime; _address=\u00a0\u00bb2.0.1.0&Prime;][\/et_pb_image][et_pb_text _builder_version=\u00a0\u00bb3.29.3&Prime; custom_margin=\u00a0\u00bb||20px||false|false\u00a0\u00bb _i=\u00a0\u00bb1&Prime; _address=\u00a0\u00bb2.0.1.1&Prime;]<\/p>\n<p style=\"text-align: center;\"><strong>Soutien<\/strong><br \/>\nIndiquez \u00e0 vos voyageurs les mesures mises en place pour les appuyer, la flexibilit\u00e9 que vous leur accordez et les solutions qui leur sont propos\u00e9es lorsqu\u2019ils ont besoin d\u2019aide.<\/p>\n<p>[\/et_pb_text][\/et_pb_column][et_pb_column type=\u00a0\u00bb1_4&Prime; _builder_version=\u00a0\u00bb3.29.3&Prime; _i=\u00a0\u00bb2&Prime; _address=\u00a0\u00bb2.0.2&Prime;][et_pb_image src=\u00a0\u00bbhttps:\/\/www.dt.com\/ca\/wp-content\/uploads\/2020\/01\/TPW_Productivity-2x-1.png\u00a0\u00bb align=\u00a0\u00bbcenter\u00a0\u00bb _builder_version=\u00a0\u00bb3.29.3&Prime; width=\u00a0\u00bb96px\u00a0\u00bb custom_margin=\u00a0\u00bb||20px||false|false\u00a0\u00bb _i=\u00a0\u00bb0&Prime; _address=\u00a0\u00bb2.0.2.0&Prime;][\/et_pb_image][et_pb_text _builder_version=\u00a0\u00bb3.29.3&Prime; custom_margin=\u00a0\u00bb||20px||false|false\u00a0\u00bb _i=\u00a0\u00bb1&Prime; _address=\u00a0\u00bb2.0.2.1&Prime;]<\/p>\n<p style=\"text-align: center;\"><strong>Productivit\u00e9<\/strong><br \/>\nD\u00e9finissez les processus et les proc\u00e9dures qui permettront \u00e0 vos voyageurs de r\u00e9duire le temps qu\u2019ils passent \u00e0 faire des recherches, \u00e0 effectuer des r\u00e9servations et \u00e0 produire des notes de frais pour leurs voyages.<\/p>\n<p>[\/et_pb_text][\/et_pb_column][et_pb_column type=\u00a0\u00bb1_4&Prime; _builder_version=\u00a0\u00bb3.29.3&Prime; _i=\u00a0\u00bb3&Prime; _address=\u00a0\u00bb2.0.3&Prime;][et_pb_image src=\u00a0\u00bbhttps:\/\/www.dt.com\/ca\/wp-content\/uploads\/2020\/01\/TPW_Control-2x-1.png\u00a0\u00bb align=\u00a0\u00bbcenter\u00a0\u00bb _builder_version=\u00a0\u00bb3.29.3&Prime; width=\u00a0\u00bb96px\u00a0\u00bb custom_margin=\u00a0\u00bb||20px||false|false\u00a0\u00bb _i=\u00a0\u00bb0&Prime; _address=\u00a0\u00bb2.0.3.0&Prime;][\/et_pb_image][et_pb_text _builder_version=\u00a0\u00bb3.29.3&Prime; custom_margin=\u00a0\u00bb||20px||false|false\u00a0\u00bb _i=\u00a0\u00bb1&Prime; _address=\u00a0\u00bb2.0.3.1&Prime;]<\/p>\n<p style=\"text-align: center;\"><strong>Gestion<\/strong><br \/>\nMaximisez la visibilit\u00e9 que vous avez sur votre programme de voyages afin de perfectionner vos mesures de devoir de diligence et d\u2019am\u00e9liorer la fa\u00e7on dont vous g\u00e9rez vos d\u00e9penses.<\/p>\n<p>[\/et_pb_text][\/et_pb_column][\/et_pb_row][\/et_pb_section][et_pb_section fb_built=\u00a0\u00bb1&Prime; _builder_version=\u00a0\u00bb3.29.3&Prime; max_width=\u00a0\u00bb1080px\u00a0\u00bb module_alignment=\u00a0\u00bbcenter\u00a0\u00bb fb_built=\u00a0\u00bb1&Prime; _i=\u00a0\u00bb3&Prime; _address=\u00a0\u00bb3&Prime;][et_pb_row _builder_version=\u00a0\u00bb3.29.3&Prime; _i=\u00a0\u00bb0&Prime; _address=\u00a0\u00bb3.0&Prime;][et_pb_column type=\u00a0\u00bb4_4&Prime; _builder_version=\u00a0\u00bb3.29.3&Prime; _i=\u00a0\u00bb0&Prime; _address=\u00a0\u00bb3.0.0&Prime;][et_pb_text _builder_version=\u00a0\u00bb3.29.3&Prime; text_orientation=\u00a0\u00bbcenter\u00a0\u00bb custom_margin=\u00a0\u00bb||15px|||\u00a0\u00bb _i=\u00a0\u00bb0&Prime; _address=\u00a0\u00bb3.0.0.0&Prime;]<\/p>\n<h2 style=\"color: #6acad7; margin: 0 0 10px; line-height: 140%;\">Cr\u00e9ez une directive satisfaisante pour votre entreprise <em>et<\/em> vos voyageurs<\/h2>\n<p style=\"max-width: 800px; margin: 0 auto;\">Concevoir une directive sur les voyages qui r\u00e9pond aux besoins de votre organisation est essentiel pour r\u00e9duire les co\u00fbts, maximiser la productivit\u00e9 et am\u00e9liorer les mesures de devoir de diligence. Toutefois, pour que cette directive soit r\u00e9ellement efficace, vous devez \u00e9galement obtenir l\u2019appui de vos voyageurs.<\/p>\n<p style=\"max-width: 800px; margin: 0 auto;\">Dans notre <a href=\"#page-form\">guide de cr\u00e9ation d\u2019une directive sur les voyages<\/a>, nous vous d\u00e9crivons les pratiques exemplaires \u00e0 adopter pour \u00e9tablir une directive qui tient compte de la question de la conformit\u00e9.<\/p>\n<p>[\/et_pb_text][\/et_pb_column][\/et_pb_row][et_pb_row _builder_version=\u00a0\u00bb3.29.3&Prime; _i=\u00a0\u00bb1&Prime; _address=\u00a0\u00bb3.1&Prime;][et_pb_column type=\u00a0\u00bb4_4&Prime; _builder_version=\u00a0\u00bb3.29.3&Prime; _i=\u00a0\u00bb0&Prime; _address=\u00a0\u00bb3.1.0&Prime;][et_pb_text _builder_version=\u00a0\u00bb3.29.3&Prime; max_width=\u00a0\u00bb680px\u00a0\u00bb module_alignment=\u00a0\u00bbcenter\u00a0\u00bb custom_margin=\u00a0\u00bb||||false|false\u00a0\u00bb _i=\u00a0\u00bb0&Prime; _address=\u00a0\u00bb3.1.0.0&Prime;]<img decoding=\"async\" src=\"https:\/\/www.dt.com\/ca\/wp-content\/uploads\/2020\/01\/In-Post-Graphic-2x-1.png\" width=\"440\" alt=\"\" class=\"wp-image-34291 aligncenter size-full\" srcset=\"https:\/\/www.dt.com\/ca\/wp-content\/uploads\/2020\/01\/In-Post-Graphic-2x-1.png 1140w, https:\/\/www.dt.com\/ca\/wp-content\/uploads\/2020\/01\/In-Post-Graphic-2x-1-980x136.png 980w, https:\/\/www.dt.com\/ca\/wp-content\/uploads\/2020\/01\/In-Post-Graphic-2x-1-480x67.png 480w\" sizes=\"(min-width: 0px) and (max-width: 480px) 480px, (min-width: 481px) and (max-width: 980px) 980px, (min-width: 981px) 1140px, 100vw\" \/>[\/et_pb_text][et_pb_text _builder_version=\u00a0\u00bb3.29.3&Prime; max_width=\u00a0\u00bb680px\u00a0\u00bb module_alignment=\u00a0\u00bbcenter\u00a0\u00bb custom_margin=\u00a0\u00bb||||false|false\u00a0\u00bb _i=\u00a0\u00bb1&Prime; _address=\u00a0\u00bb3.1.0.1&Prime;]<\/p>\n<h4 style=\"line-height: 130%; color: #63656b; text-align: center;\"><i>Les services Direct Travel ont con\u00e7u pour une entreprise de technologie une directive sur les voyages qui a permis \u00e0 celle-ci d\u2019atteindre, en 90 jours, un taux d\u2019adoption de 90\u00a0% pour l\u2019outil en ligne.<\/i><\/h4>\n<p>[\/et_pb_text][\/et_pb_column][\/et_pb_row][\/et_pb_section][et_pb_section fb_built=\u00a0\u00bb1&Prime; _builder_version=\u00a0\u00bb3.29.3&Prime; background_color=\u00a0\u00bb#F2F2F2&Prime; module_alignment=\u00a0\u00bbcenter\u00a0\u00bb custom_padding=\u00a0\u00bb30px||5px||false|false\u00a0\u00bb fb_built=\u00a0\u00bb1&Prime; _i=\u00a0\u00bb4&Prime; _address=\u00a0\u00bb4&Prime;][et_pb_row _builder_version=\u00a0\u00bb3.29.3&Prime; width=\u00a0\u00bb980px\u00a0\u00bb module_alignment=\u00a0\u00bbcenter\u00a0\u00bb custom_padding=\u00a0\u00bb||10px||false|false\u00a0\u00bb _i=\u00a0\u00bb0&Prime; _address=\u00a0\u00bb4.0&Prime;][et_pb_column type=\u00a0\u00bb4_4&Prime; _builder_version=\u00a0\u00bb3.29.3&Prime; _i=\u00a0\u00bb0&Prime; _address=\u00a0\u00bb4.0.0&Prime;][et_pb_text _builder_version=\u00a0\u00bb3.29.3&Prime; _i=\u00a0\u00bb0&Prime; _address=\u00a0\u00bb4.0.0.0&Prime;]<\/p>\n<h2 style=\"color: #63656b; line-height: 140%; text-align: center;\"><i>Travel Weekly<\/i> a nomm\u00e9 Les services Direct Travel comme \u00e9tant l\u2019une des dix meilleures entreprises de gestion de voyages d\u2019affaires de 2019.<\/h2>\n<p>[\/et_pb_text][\/et_pb_column][\/et_pb_row][\/et_pb_section][et_pb_section fb_built=\u00a0\u00bb1&Prime; _builder_version=\u00a0\u00bb3.29.3&Prime; max_width=\u00a0\u00bb1080px\u00a0\u00bb module_alignment=\u00a0\u00bbcenter\u00a0\u00bb fb_built=\u00a0\u00bb1&Prime; _i=\u00a0\u00bb5&Prime; _address=\u00a0\u00bb5&Prime;][et_pb_row _builder_version=\u00a0\u00bb3.29.3&Prime; custom_margin=\u00a0\u00bb||||false|false\u00a0\u00bb custom_padding=\u00a0\u00bb||0px|||\u00a0\u00bb _i=\u00a0\u00bb0&Prime; _address=\u00a0\u00bb5.0&Prime;][et_pb_column type=\u00a0\u00bb4_4&Prime; _builder_version=\u00a0\u00bb3.29.3&Prime; _i=\u00a0\u00bb0&Prime; _address=\u00a0\u00bb5.0.0&Prime;][et_pb_text module_id=\u00a0\u00bbpage-form\u00a0\u00bb _builder_version=\u00a0\u00bb3.29.3&Prime; text_orientation=\u00a0\u00bbcenter\u00a0\u00bb custom_margin=\u00a0\u00bb||||false|false\u00a0\u00bb _i=\u00a0\u00bb0&Prime; _address=\u00a0\u00bb5.0.0.0&Prime;]<\/p>\n<h2 style=\"margin-bottom: 10px; line-height: 140%;\">Lancez-vous dans la cr\u00e9ation d\u2019une directive sur les voyages efficace en&nbsp;suivant les \u00e9tapes de ce guide gratuit\u00a0:<\/h2>\n<p>[\/et_pb_text][\/et_pb_column][\/et_pb_row][et_pb_row column_structure=\u00a0\u00bb1_5,3_5,1_5&Prime; _builder_version=\u00a0\u00bb3.29.3&Prime; _i=\u00a0\u00bb1&Prime; _address=\u00a0\u00bb5.1&Prime;][et_pb_column type=\u00a0\u00bb1_5&Prime; _builder_version=\u00a0\u00bb3.29.3&Prime; _i=\u00a0\u00bb0&Prime; _address=\u00a0\u00bb5.1.0&Prime;][\/et_pb_column][et_pb_column type=\u00a0\u00bb3_5&Prime; _builder_version=\u00a0\u00bb3.29.3&Prime; _i=\u00a0\u00bb1&Prime; _address=\u00a0\u00bb5.1.1&Prime;][et_pb_text _builder_version=\u00a0\u00bb3.29.3&Prime; max_width=\u00a0\u00bb450px\u00a0\u00bb module_alignment=\u00a0\u00bbcenter\u00a0\u00bb custom_margin=\u00a0\u00bb-22px|||||\u00a0\u00bb hover_enabled=\u00a0\u00bb0&Prime; _i=\u00a0\u00bb0&Prime; _address=\u00a0\u00bb5.1.1.0&Prime;]<\/p>\n<link rel='stylesheet' id='formidable-css' href='https:\/\/www.dt.com\/en-ca\/wp-content\/plugins\/formidable\/css\/formidableforms.css?ver=319128' type='text\/css' media='all' \/>\n<div class=\"frm_forms  with_frm_style frm_center_submit frm_style_formidable-style\" id=\"frm_form_5_container\" >\n<form enctype=\"multipart\/form-data\" method=\"post\" class=\"frm-show-form  frm_ajax_submit  frm_pro_form \" id=\"form_ip5pr2332\" >\n<div class=\"frm_form_fields \">\n<fieldset>\n<legend class=\"frm_screen_reader\">Travel Policy Workbook (FR)<\/legend>\r\n\r\n<div class=\"frm_fields_container\">\n<input type=\"hidden\" name=\"frm_action\" value=\"create\" \/>\n<input type=\"hidden\" name=\"form_id\" value=\"5\" \/>\n<input type=\"hidden\" name=\"frm_hide_fields_5\" id=\"frm_hide_fields_5\" value=\"\" \/>\n<input type=\"hidden\" name=\"form_key\" value=\"ip5pr2332\" \/>\n<input type=\"hidden\" name=\"item_meta[0]\" value=\"\" \/>\n<input type=\"hidden\" id=\"frm_submit_entry_5\" name=\"frm_submit_entry_5\" value=\"dc15fb0b13\" \/><input type=\"hidden\" name=\"_wp_http_referer\" value=\"\/fr-ca\/ca\/en-ca\/?rest_route=%2Fwp%2Fv2%2Fpages%2F34380\" \/><div id=\"frm_field_24_container\" class=\"frm_form_field form-field  frm_required_field frm_top_container\">\r\n    <label for=\"field_ltqtw632\" id=\"field_ltqtw632_label\" class=\"frm_primary_label\">Pr\u00e9nom et nom\r\n        <span class=\"frm_required\">*<\/span>\r\n    <\/label>\r\n    <input type=\"text\" id=\"field_ltqtw632\" name=\"item_meta[24]\" value=\"\"  data-reqmsg=\"Pr\u00e9nom et nom cannot be blank.\" aria-required=\"true\" data-invmsg=\"Text is invalid\" aria-invalid=\"false\"  \/>\r\n    \r\n    \r\n<\/div>\n<div id=\"frm_field_25_container\" class=\"frm_form_field form-field  frm_required_field frm_top_container\">\r\n    <label for=\"field_p9x1d632\" id=\"field_p9x1d632_label\" class=\"frm_primary_label\">Adresse courriel professionnelle\r\n        <span class=\"frm_required\">*<\/span>\r\n    <\/label>\r\n    <input type=\"email\" id=\"field_p9x1d632\" name=\"item_meta[25]\" value=\"\"  data-reqmsg=\"Adresse courriel professionnelle cannot be blank.\" aria-required=\"true\" data-invmsg=\"Email is invalid\" aria-invalid=\"false\"  \/>\r\n    \r\n    \r\n<\/div>\n<div id=\"frm_field_26_container\" class=\"frm_form_field form-field  frm_required_field frm_top_container\">\r\n    <label for=\"field_uq9xt632\" id=\"field_uq9xt632_label\" class=\"frm_primary_label\">Entreprise\r\n        <span class=\"frm_required\">*<\/span>\r\n    <\/label>\r\n    <input type=\"text\" id=\"field_uq9xt632\" name=\"item_meta[26]\" value=\"\"  data-reqmsg=\"Entreprise cannot be blank.\" aria-required=\"true\" data-invmsg=\"Text is invalid\" aria-invalid=\"false\"  \/>\r\n    \r\n    \r\n<\/div>\n<div id=\"frm_field_27_container\" class=\"frm_form_field form-field  frm_required_field frm_top_container\">\r\n    <label for=\"field_42kr632\" id=\"field_42kr632_label\" class=\"frm_primary_label\">Num\u00e9ro de t\u00e9l\u00e9phone\r\n        <span class=\"frm_required\">*<\/span>\r\n    <\/label>\r\n    <input type=\"tel\" id=\"field_42kr632\" name=\"item_meta[27]\" value=\"\"  data-reqmsg=\"Num\u00e9ro de t\u00e9l\u00e9phone cannot be blank.\" aria-required=\"true\" data-invmsg=\"Phone is invalid\" aria-invalid=\"false\" pattern=\"((\\+\\d{1,3}(-|.| )?\\(?\\d\\)?(-| |.)?\\d{1,5})|(\\(?\\d{2,6}\\)?))(-|.| )?(\\d{3,4})(-|.| )?(\\d{4})(( x| ext)\\d{1,5}){0,1}$\"  \/>\r\n    \r\n    \r\n<\/div>\n<div id=\"frm_field_28_container\" class=\"frm_form_field form-field  frm_required_field frm_none_container vertical_radio\">\r\n    <div  id=\"field_cf6ci332_label\" class=\"frm_primary_label\">Checkboxes\r\n        <span class=\"frm_required\">*<\/span>\r\n    <\/div>\r\n    <div class=\"frm_opt_container\" aria-labelledby=\"field_cf6ci332_label\" role=\"group\">\t\t<div class=\"frm_checkbox\" id=\"frm_checkbox_28-0\">\t\t\t<label  for=\"field_cf6ci332-0\">\n\t\t\t<input type=\"checkbox\" name=\"item_meta[28][]\" id=\"field_cf6ci332-0\" value=\"En cochant cet encadr\u00e9, je reconnais que Les services Direct Travel utilisent mes renseignements personnels en conformit\u00e9 avec leur &lt;a href=&quot;https:\/\/www.dt.com\/fr-ca\/politique-de-confidentialite\/&quot; target=&quot;_blank&quot;&gt;Politique de confidentialit\u00e9&lt;\/a&gt; et, pour les citoyens de l\u2019UE, avec leur &lt;a href=&quot;https:\/\/www.dt.com\/fr-ca\/rgpd-avis-de-confidentialite\/&quot; target=&quot;_blank&quot;&gt;Politique de confidentialit\u00e9 li\u00e9e au RGPD&lt;\/a&gt;. J\u2019ai lu et j\u2019accepte la politique concern\u00e9e. Vous pouvez vous d\u00e9sabonner de notre liste d\u2019envoi en tout temps.\"  data-reqmsg=\"\u00a0\" data-invmsg=\"Checkboxes est non valide\"   aria-required=\"true\"  \/> En cochant cet encadr\u00e9, je reconnais que Les services Direct Travel utilisent mes renseignements personnels en conformit\u00e9 avec leur <a href=\"https:\/\/www.dt.com\/fr-ca\/politique-de-confidentialite\/\" target=\"_blank\">Politique de confidentialit\u00e9<\/a> et, pour les citoyens de l\u2019UE, avec leur <a href=\"https:\/\/www.dt.com\/fr-ca\/rgpd-avis-de-confidentialite\/\" target=\"_blank\">Politique de confidentialit\u00e9 li\u00e9e au RGPD<\/a>. J\u2019ai lu et j\u2019accepte la politique concern\u00e9e. Vous pouvez vous d\u00e9sabonner de notre liste d\u2019envoi en tout temps.<\/label><\/div>\n<\/div>\r\n    \r\n    \r\n<\/div>\n<div id=\"frm_field_29_container\" class=\"frm_form_field form-field  frm_none_container\">\r\n    <div  id=\"field_3cven332_label\" class=\"frm_primary_label\">reCAPTCHA\r\n        <span class=\"frm_required\"><\/span>\r\n    <\/div>\r\n    \r\n    \r\n    \r\n<\/div>\n\t<input type=\"hidden\" name=\"item_key\" value=\"\" \/>\n\t\t\t<div id=\"frm_field_30_container\">\n\t\t\t<label for=\"field_aqvfd\" >\n\t\t\t\tSi vous \u00eates un humain, ne remplissez pas ce champ.\t\t\t<\/label>\n\t\t\t<input  id=\"field_aqvfd\" type=\"text\" class=\"frm_form_field form-field frm_verify\" name=\"item_meta[30]\" value=\"\"  \/>\n\t\t<\/div>\n\t\t<input name=\"frm_state\" type=\"hidden\" value=\"vsAhco+oDHyFWxlNHU7xRbCeK\/xxg3yXpgAZ2kWL9egyphTcmBmh7hdXm830\/VCi\" \/><div class=\"frm_submit\">\r\n\r\n<button class=\"frm_button_submit frm_final_submit\" type=\"submit\"   formnovalidate=\"formnovalidate\">T\u00c9L\u00c9CHARGER GRATUITEMENT VOTRE GUIDE<\/button>\r\n\r\n<\/div><\/div>\n<\/fieldset>\n<\/div>\n\n<\/form>\n<\/div>\n\n<p>[\/et_pb_text][\/et_pb_column][et_pb_column type=\u00a0\u00bb1_5&Prime; _builder_version=\u00a0\u00bb3.29.3&Prime; _i=\u00a0\u00bb2&Prime; _address=\u00a0\u00bb5.1.2&Prime;][\/et_pb_column][\/et_pb_row][\/et_pb_section][et_pb_section fb_built=\u00a0\u00bb1&Prime; fullwidth=\u00a0\u00bbon\u00a0\u00bb _builder_version=\u00a0\u00bb3.29.3&Prime; fb_built=\u00a0\u00bb1&Prime; _i=\u00a0\u00bb6&Prime; _address=\u00a0\u00bb6&Prime;][\/et_pb_section][et_pb_section fb_built=\u00a0\u00bb1&Prime; _builder_version=\u00a0\u00bb3.29.3&Prime; background_color=\u00a0\u00bb#efeff0&Prime; fb_built=\u00a0\u00bb1&Prime; _i=\u00a0\u00bb7&Prime; _address=\u00a0\u00bb7&Prime;][et_pb_row _builder_version=\u00a0\u00bb3.29.3&Prime; _i=\u00a0\u00bb0&Prime; _address=\u00a0\u00bb7.0&Prime;][et_pb_column type=\u00a0\u00bb4_4&Prime; _builder_version=\u00a0\u00bb3.29.3&Prime; _i=\u00a0\u00bb0&Prime; _address=\u00a0\u00bb7.0.0&Prime;][et_pb_text _builder_version=\u00a0\u00bb3.29.3&Prime; _i=\u00a0\u00bb0&Prime; _address=\u00a0\u00bb7.0.0.0&Prime;]<span>Copyright 2019 by Direct Travel&nbsp;|&nbsp;<\/span><a href=\"https:\/\/www.dt.com\/privacy\/\">Privacy<\/a><span>&nbsp;|&nbsp;<\/span><a href=\"https:\/\/www.dt.com\/terms-of-use\/\">Terms Of Use<\/a><span>&nbsp;|&nbsp;<\/span><a href=\"https:\/\/www.dt.com\/fr-ca\/?page_id=25950\">GDPR Privacy Notice<\/a><span>&nbsp;|&nbsp;<\/span><a href=\"https:\/\/www.dt.com\/sitemap\/\">Sitemap<\/a>[\/et_pb_text][\/et_pb_column][\/et_pb_row][\/et_pb_section]<\/p>\n","protected":false},"excerpt":{"rendered":"<p>ENSuivez les \u00e9tapes de ce guide pour cr\u00e9er une&nbsp;directive&nbsp;sur&nbsp;les voyages efficace Une approche directe pour cr\u00e9er votre directive sur les voyages, vous&nbsp;assurer de sa mise en application et analyser son efficacit\u00e9.\u00c9conomies R\u00e9duisez l\u2019ensemble de vos d\u00e9penses en mati\u00e8re de voyages et am\u00e9liorez le RCI de chaque d\u00e9placement professionnel.Soutien Indiquez \u00e0 vos voyageurs les mesures mises [&hellip;]<\/p>\n","protected":false},"author":17,"featured_media":0,"parent":0,"menu_order":0,"comment_status":"closed","ping_status":"closed","template":"","meta":{"_et_pb_use_builder":"on","_et_pb_old_content":"","_et_gb_content_width":"","content-type":"","footnotes":""},"class_list":["post-34380","page","type-page","status-publish","hentry"],"_links":{"self":[{"href":"https:\/\/www.dt.com\/fr-ca\/ca\/en-ca\/?rest_route=\/wp\/v2\/pages\/34380","targetHints":{"allow":["GET"]}}],"collection":[{"href":"https:\/\/www.dt.com\/fr-ca\/ca\/en-ca\/?rest_route=\/wp\/v2\/pages"}],"about":[{"href":"https:\/\/www.dt.com\/fr-ca\/ca\/en-ca\/?rest_route=\/wp\/v2\/types\/page"}],"author":[{"embeddable":true,"href":"https:\/\/www.dt.com\/fr-ca\/ca\/en-ca\/?rest_route=\/wp\/v2\/users\/17"}],"replies":[{"embeddable":true,"href":"https:\/\/www.dt.com\/fr-ca\/ca\/en-ca\/?rest_route=%2Fwp%2Fv2%2Fcomments&post=34380"}],"version-history":[{"count":5,"href":"https:\/\/www.dt.com\/fr-ca\/ca\/en-ca\/?rest_route=\/wp\/v2\/pages\/34380\/revisions"}],"predecessor-version":[{"id":34397,"href":"https:\/\/www.dt.com\/fr-ca\/ca\/en-ca\/?rest_route=\/wp\/v2\/pages\/34380\/revisions\/34397"}],"wp:attachment":[{"href":"https:\/\/www.dt.com\/fr-ca\/ca\/en-ca\/?rest_route=%2Fwp%2Fv2%2Fmedia&parent=34380"}],"curies":[{"name":"wp","href":"https:\/\/api.w.org\/{rel}","templated":true}]}}