{"id":34223,"date":"2019-12-19T11:06:34","date_gmt":"2019-12-19T16:06:34","guid":{"rendered":"https:\/\/www.dt.com\/?page_id=34223"},"modified":"2020-03-10T09:48:07","modified_gmt":"2020-03-10T13:48:07","slug":"analyse-gratuite-de-vos-depenses","status":"publish","type":"page","link":"https:\/\/www.dt.com\/fr-ca\/analyse-gratuite-de-vos-depenses\/","title":{"rendered":"Analyse gratuite de vos d\u00e9penses"},"content":{"rendered":"<p>[et_pb_section fb_built=\u00a0\u00bb1&Prime; fullwidth=\u00a0\u00bbon\u00a0\u00bb _builder_version=\u00a0\u00bb3.29.3&Prime; fb_built=\u00a0\u00bb1&Prime; _i=\u00a0\u00bb0&Prime; _address=\u00a0\u00bb0&Prime;][et_pb_fullwidth_image src=\u00a0\u00bbhttps:\/\/www.dt.com\/ca\/wp-content\/uploads\/2019\/12\/ppc_header_2.png\u00a0\u00bb _builder_version=\u00a0\u00bb3.29.3&Prime; _i=\u00a0\u00bb0&Prime; _address=\u00a0\u00bb0.0&Prime;][\/et_pb_fullwidth_image][\/et_pb_section][et_pb_section fb_built=\u00a0\u00bb1&Prime; _builder_version=\u00a0\u00bb3.29.3&Prime; max_width=\u00a0\u00bb1080px\u00a0\u00bb module_alignment=\u00a0\u00bbcenter\u00a0\u00bb fb_built=\u00a0\u00bb1&Prime; _i=\u00a0\u00bb1&Prime; _address=\u00a0\u00bb1&Prime;][et_pb_row disabled_on=\u00a0\u00bboff|off|off\u00a0\u00bb _builder_version=\u00a0\u00bb3.29.3&Prime; background_color=\u00a0\u00bb#d3d3d3&Prime; custom_margin=\u00a0\u00bb0px||0px||false|false\u00a0\u00bb custom_padding=\u00a0\u00bb0px||0px||false|false\u00a0\u00bb _i=\u00a0\u00bb0&Prime; _address=\u00a0\u00bb1.0&Prime;][et_pb_column type=\u00a0\u00bb4_4&Prime; _builder_version=\u00a0\u00bb3.29.3&Prime; custom_padding=\u00a0\u00bb0px||0px||false|false\u00a0\u00bb _i=\u00a0\u00bb0&Prime; _address=\u00a0\u00bb1.0.0&Prime;][et_pb_code _builder_version=\u00a0\u00bb3.29.3&Prime; custom_css_main_element=\u00a0\u00bbdisplay: none;\u00a0\u00bb _i=\u00a0\u00bb0&Prime; _address=\u00a0\u00bb1.0.0.0&Prime;]<script type=\"text\/javascript\"><!-- [et_pb_line_break_holder] -->(function($) {<!-- [et_pb_line_break_holder] -->\t<!-- [et_pb_line_break_holder] -->\tvar menuitem = '<\/p>\n<li class=\"red menu-item\"><a href=\"#page-form\">Demander une analyse gratuite de vos d\u00e9penses<\/a><\/li>\n<p>';<!-- [et_pb_line_break_holder] -->\t$(\"#top-menu-nav ul.nav\").html(menuitem);<!-- [et_pb_line_break_holder] --><!-- [et_pb_line_break_holder] -->})( jQuery );<!-- [et_pb_line_break_holder] --><\/script>[\/et_pb_code][\/et_pb_column][\/et_pb_row][et_pb_row _builder_version=\u00a0\u00bb3.29.3&Prime; custom_padding=\u00a0\u00bb||0px||false|false\u00a0\u00bb _i=\u00a0\u00bb1&Prime; _address=\u00a0\u00bb1.1&Prime;][et_pb_column type=\u00a0\u00bb4_4&Prime; _builder_version=\u00a0\u00bb3.29.3&Prime; _i=\u00a0\u00bb0&Prime; _address=\u00a0\u00bb1.1.0&Prime;][et_pb_text _builder_version=\u00a0\u00bb3.29.3&Prime; text_orientation=\u00a0\u00bbright\u00a0\u00bb custom_margin=\u00a0\u00bb||0px||false|false\u00a0\u00bb _i=\u00a0\u00bb0&Prime; _address=\u00a0\u00bb1.1.0.0&Prime;]<\/p>\n<h4><a href=\"https:\/\/www.dt.ca\/cost-savings-analysis\/\" style=\"color: #646569;\">EN<\/a><\/h4>\n<p>[\/et_pb_text][\/et_pb_column][\/et_pb_row][et_pb_row _builder_version=\u00a0\u00bb3.29.3&Prime; custom_margin=\u00a0\u00bb0px||||false|false\u00a0\u00bb custom_padding=\u00a0\u00bb0px||||false|false\u00a0\u00bb _i=\u00a0\u00bb2&Prime; _address=\u00a0\u00bb1.2&Prime;][et_pb_column type=\u00a0\u00bb4_4&Prime; _builder_version=\u00a0\u00bb3.29.3&Prime; _i=\u00a0\u00bb0&Prime; _address=\u00a0\u00bb1.2.0&Prime;][et_pb_text _builder_version=\u00a0\u00bb3.29.3&Prime; custom_margin=\u00a0\u00bb||27px|||\u00a0\u00bb _i=\u00a0\u00bb0&Prime; _address=\u00a0\u00bb1.2.0.0&Prime;]<\/p>\n<h1 style=\"text-align: center; color: #e2231a; margin: 0 0 10px; line-height: 140%;\">\u00c9conomisez sur vos voyages d\u2019affaires<\/h1>\n<h2 style=\"text-align: center; color: #aeaeae; line-height: 150%;\">Obtenez les meilleurs prix, rep\u00e9rez les co\u00fbts cach\u00e9s et augmentez&nbsp;la&nbsp;productivit\u00e9<\/h2>\n<p>[\/et_pb_text][et_pb_button button_url=\u00a0\u00bb#page-form\u00a0\u00bb button_text=\u00a0\u00bbDemander une analyse gratuite de vos d\u00e9penses\u00a0\u00bb button_alignment=\u00a0\u00bbcenter\u00a0\u00bb _builder_version=\u00a0\u00bb3.29.3&Prime; custom_button=\u00a0\u00bbon\u00a0\u00bb button_text_size=\u00a0\u00bb24px\u00a0\u00bb button_text_color=\u00a0\u00bb#ffffff\u00a0\u00bb button_bg_color=\u00a0\u00bb#6acad7&Prime; button_border_width=\u00a0\u00bb0px\u00a0\u00bb button_border_radius=\u00a0\u00bb15px\u00a0\u00bb button_use_icon=\u00a0\u00bboff\u00a0\u00bb custom_margin=\u00a0\u00bb-18px|||||\u00a0\u00bb custom_padding=\u00a0\u00bb15px||12px||false|false\u00a0\u00bb button_bg_enable_color=\u00a0\u00bbon\u00a0\u00bb _i=\u00a0\u00bb1&Prime; _address=\u00a0\u00bb1.2.0.1&Prime;][\/et_pb_button][\/et_pb_column][\/et_pb_row][et_pb_row column_structure=\u00a0\u00bb1_4,1_4,1_4,1_4&Prime; use_custom_gutter=\u00a0\u00bbon\u00a0\u00bb gutter_width=\u00a0\u00bb2&Prime; make_equal=\u00a0\u00bbon\u00a0\u00bb _builder_version=\u00a0\u00bb3.29.3&Prime; module_alignment=\u00a0\u00bbcenter\u00a0\u00bb _i=\u00a0\u00bb3&Prime; _address=\u00a0\u00bb1.3&Prime;][et_pb_column type=\u00a0\u00bb1_4&Prime; _builder_version=\u00a0\u00bb3.29.3&Prime; _i=\u00a0\u00bb0&Prime; _address=\u00a0\u00bb1.3.0&Prime;][et_pb_image src=\u00a0\u00bbhttps:\/\/www.dt.com\/ca\/wp-content\/uploads\/2019\/12\/ico_24.png\u00a0\u00bb align=\u00a0\u00bbcenter\u00a0\u00bb _builder_version=\u00a0\u00bb3.29.3&Prime; width=\u00a0\u00bb96px\u00a0\u00bb custom_margin=\u00a0\u00bb||20px||false|false\u00a0\u00bb _i=\u00a0\u00bb0&Prime; _address=\u00a0\u00bb1.3.0.0&Prime;][\/et_pb_image][et_pb_text _builder_version=\u00a0\u00bb3.29.3&Prime; custom_margin=\u00a0\u00bb||27px|||\u00a0\u00bb _i=\u00a0\u00bb1&Prime; _address=\u00a0\u00bb1.3.0.1&Prime;]<\/p>\n<p style=\"text-align: center;\"><strong>Gonflez vos profits<\/strong><br \/> R\u00e9duisez l\u2019ensemble de vos d\u00e9penses en mati\u00e8re de voyages et am\u00e9liorez le RCI de chaque d\u00e9placement professionnel.<\/p>\n<p>[\/et_pb_text][\/et_pb_column][et_pb_column type=\u00a0\u00bb1_4&Prime; _builder_version=\u00a0\u00bb3.29.3&Prime; _i=\u00a0\u00bb1&Prime; _address=\u00a0\u00bb1.3.1&Prime;][et_pb_image src=\u00a0\u00bbhttps:\/\/www.dt.com\/ca\/wp-content\/uploads\/2019\/12\/ico_7.png\u00a0\u00bb align=\u00a0\u00bbcenter\u00a0\u00bb _builder_version=\u00a0\u00bb3.29.3&Prime; width=\u00a0\u00bb96px\u00a0\u00bb custom_margin=\u00a0\u00bb||20px||false|false\u00a0\u00bb _i=\u00a0\u00bb0&Prime; _address=\u00a0\u00bb1.3.1.0&Prime;][\/et_pb_image][et_pb_text _builder_version=\u00a0\u00bb3.29.3&Prime; custom_margin=\u00a0\u00bb||20px||false|false\u00a0\u00bb custom_padding=\u00a0\u00bb|0px||||\u00a0\u00bb _i=\u00a0\u00bb1&Prime; _address=\u00a0\u00bb1.3.1.1&Prime;]<\/p>\n<p style=\"text-align: center;\"><strong>R\u00e9alisez davantage d\u2019\u00e9conomies<\/strong><br \/>\nProfitez de tarifs concurrentiels et d\u2019ententes n\u00e9goci\u00e9es aupr\u00e8s des fournisseurs de vols, d\u2019h\u00e9bergement et de location de voitures.<\/p>\n<p>[\/et_pb_text][\/et_pb_column][et_pb_column type=\u00a0\u00bb1_4&Prime; _builder_version=\u00a0\u00bb3.29.3&Prime; _i=\u00a0\u00bb2&Prime; _address=\u00a0\u00bb1.3.2&Prime;][et_pb_image src=\u00a0\u00bbhttps:\/\/www.dt.com\/ca\/wp-content\/uploads\/2019\/12\/ico_28.png\u00a0\u00bb align=\u00a0\u00bbcenter\u00a0\u00bb _builder_version=\u00a0\u00bb3.29.3&Prime; width=\u00a0\u00bb96px\u00a0\u00bb custom_margin=\u00a0\u00bb||20px||false|false\u00a0\u00bb _i=\u00a0\u00bb0&Prime; _address=\u00a0\u00bb1.3.2.0&Prime;][\/et_pb_image][et_pb_text _builder_version=\u00a0\u00bb3.29.3&Prime; custom_margin=\u00a0\u00bb||20px||false|false\u00a0\u00bb _i=\u00a0\u00bb1&Prime; _address=\u00a0\u00bb1.3.2.1&Prime;]<\/p>\n<p style=\"text-align: center;\"><strong>Recueillez des donn\u00e9es<\/strong><br \/>\nD\u00e9couvrez de nouvelles fa\u00e7ons d\u2019\u00e9conomiser en tirant profit de diverses informations strat\u00e9giques sur vos voyages.<\/p>\n<p>[\/et_pb_text][\/et_pb_column][et_pb_column type=\u00a0\u00bb1_4&Prime; _builder_version=\u00a0\u00bb3.29.3&Prime; _i=\u00a0\u00bb3&Prime; _address=\u00a0\u00bb1.3.3&Prime;][et_pb_image src=\u00a0\u00bbhttps:\/\/www.dt.com\/ca\/wp-content\/uploads\/2019\/12\/ico_22.png\u00a0\u00bb align=\u00a0\u00bbcenter\u00a0\u00bb _builder_version=\u00a0\u00bb3.29.3&Prime; width=\u00a0\u00bb96px\u00a0\u00bb custom_margin=\u00a0\u00bb||20px||false|false\u00a0\u00bb _i=\u00a0\u00bb0&Prime; _address=\u00a0\u00bb1.3.3.0&Prime;][\/et_pb_image][et_pb_text _builder_version=\u00a0\u00bb3.29.3&Prime; custom_margin=\u00a0\u00bb||20px||false|false\u00a0\u00bb _i=\u00a0\u00bb1&Prime; _address=\u00a0\u00bb1.3.3.1&Prime;]<\/p>\n<p style=\"text-align: center;\"><strong>Am\u00e9liorez la conformit\u00e9<\/strong><br \/>\nCr\u00e9ez une directive sur les voyages, assurez-vous qu\u2019elle est appliqu\u00e9e et analysez son efficacit\u00e9 afin d\u2019atteindre vos objectifs de d\u00e9penses.<\/p>\n<p>[\/et_pb_text][\/et_pb_column][\/et_pb_row][et_pb_row _builder_version=\u00a0\u00bb3.29.3&Prime; _i=\u00a0\u00bb4&Prime; _address=\u00a0\u00bb1.4&Prime;][et_pb_column type=\u00a0\u00bb4_4&Prime; _builder_version=\u00a0\u00bb3.29.3&Prime; _i=\u00a0\u00bb0&Prime; _address=\u00a0\u00bb1.4.0&Prime;][et_pb_text _builder_version=\u00a0\u00bb3.29.3&Prime; text_orientation=\u00a0\u00bbcenter\u00a0\u00bb custom_margin=\u00a0\u00bb||15px|||\u00a0\u00bb _i=\u00a0\u00bb0&Prime; _address=\u00a0\u00bb1.4.0.0&Prime;]<\/p>\n<h2 style=\"color: #6acad7; margin: 0 0 10px; line-height: 140%;\">Comment \u00e9conomiser temps, argent et efforts dans le cadre de votre programme de gestion de voyages d\u2019affaires<\/h2>\n<p style=\"max-width: 800px; margin: 0 auto;\">Puisque de nombreux facteurs sont ind\u00e9pendants de votre volont\u00e9 lorsqu\u2019il est question de d\u00e9penses en mati\u00e8re de voyages d\u2019affaires, il peut s\u2019av\u00e9rer difficile de ma\u00eetriser celles-ci. Pendant <a href=\"#page-form\">l\u2019analyse de vos d\u00e9penses<\/a>, nous vous pr\u00e9senterons des strat\u00e9gies qui vous aideront \u00e0 am\u00e9liorer les r\u00e9sultats de votre entreprise.<\/p>\n<p>[\/et_pb_text][\/et_pb_column][\/et_pb_row][et_pb_row column_structure=\u00a0\u00bb1_3,2_3&Prime; make_equal=\u00a0\u00bbon\u00a0\u00bb _builder_version=\u00a0\u00bb3.29.3&Prime; module_alignment=\u00a0\u00bbcenter\u00a0\u00bb _i=\u00a0\u00bb5&Prime; _address=\u00a0\u00bb1.5&Prime;][et_pb_column type=\u00a0\u00bb1_3&Prime; _builder_version=\u00a0\u00bb3.29.3&Prime; _i=\u00a0\u00bb0&Prime; _address=\u00a0\u00bb1.5.0&Prime;][et_pb_image src=\u00a0\u00bbhttps:\/\/www.dt.com\/ca\/wp-content\/uploads\/2019\/12\/Trim-Costs-Without-Cutting-Corners.jpg\u00a0\u00bb _builder_version=\u00a0\u00bb3.29.3&Prime; _i=\u00a0\u00bb0&Prime; _address=\u00a0\u00bb1.5.0.0&Prime;][\/et_pb_image][\/et_pb_column][et_pb_column type=\u00a0\u00bb2_3&Prime; _builder_version=\u00a0\u00bb3.29.3&Prime; _i=\u00a0\u00bb1&Prime; _address=\u00a0\u00bb1.5.1&Prime;][et_pb_text _builder_version=\u00a0\u00bb3.29.3&Prime; custom_margin=\u00a0\u00bb-10px||20px||false|false\u00a0\u00bb custom_padding=\u00a0\u00bb0px||||false|false\u00a0\u00bb _i=\u00a0\u00bb0&Prime; _address=\u00a0\u00bb1.5.1.0&Prime;]<\/p>\n<h2 style=\"margin-bottom: 10px; line-height: 140%;\">R\u00e9duisez les co\u00fbts sans couper les coins ronds<\/h2>\n<ul class=\"red-list\">\n<li>Profitez des meilleurs prix gr\u00e2ce aux programmes des fournisseurs et aux tarifs n\u00e9goci\u00e9s.<\/li>\n<li>Diminuez les co\u00fbts accessoires (frais li\u00e9s aux repas, aux boissons ou au Wi-Fi).<\/li>\n<li>G\u00e9rez avec plus d\u2019efficacit\u00e9 la collecte des donn\u00e9es, l\u2019approbation des voyages et le suivi des billets non utilis\u00e9s.<\/li>\n<li>Cr\u00e9ez une directive sur les voyages adapt\u00e9e \u00e0 vos objectifs et \u00e0 la culture de votre entreprise.<\/li>\n<li>Favorisez l\u2019adh\u00e9sion et la conformit\u00e9 chez vos voyageurs.<\/li>\n<li>R\u00e9duisez les co\u00fbts cach\u00e9s (perte de productivit\u00e9, d\u00e9penses li\u00e9es aux services, etc.).<\/li>\n<\/ul>\n<p>[\/et_pb_text][\/et_pb_column][\/et_pb_row][et_pb_row _builder_version=\u00a0\u00bb3.29.3&Prime; _i=\u00a0\u00bb6&Prime; _address=\u00a0\u00bb1.6&Prime;][et_pb_column type=\u00a0\u00bb4_4&Prime; _builder_version=\u00a0\u00bb3.29.3&Prime; _i=\u00a0\u00bb0&Prime; _address=\u00a0\u00bb1.6.0&Prime;][et_pb_text _builder_version=\u00a0\u00bb3.29.3&Prime; custom_margin=\u00a0\u00bb||100px|||\u00a0\u00bb _i=\u00a0\u00bb0&Prime; _address=\u00a0\u00bb1.6.0.0&Prime;]<\/p>\n<p style=\"background: #f0f0f0; padding: 20px;\"><strong>Les services Direct Travel ont permis \u00e0 un fabricant de biens de consommation d\u2019\u00e9conomiser 1,8 million de dollars en n\u00e9gociant des tarifs fixes et en am\u00e9liorant le taux d\u2019adoption de l\u2019outil de r\u00e9servation en ligne.<\/strong><\/p>\n<p>[\/et_pb_text][et_pb_text _builder_version=\u00a0\u00bb3.29.3&Prime; text_orientation=\u00a0\u00bbcenter\u00a0\u00bb custom_margin=\u00a0\u00bb||28px|||\u00a0\u00bb _i=\u00a0\u00bb1&Prime; _address=\u00a0\u00bb1.6.0.1&Prime;]<\/p>\n<h2 style=\"color: #6acad7; margin: 0; line-height: 140%;\"><i>Travel Weekly<\/i> a nomm\u00e9 Les services Direct Travel comme \u00e9tant l\u2019une des dix meilleures entreprises de gestion de voyages d\u2019affaires de 2019.<\/h2>\n<p>[\/et_pb_text][\/et_pb_column][\/et_pb_row][et_pb_row _builder_version=\u00a0\u00bb3.29.3&Prime; custom_margin=\u00a0\u00bb||||false|false\u00a0\u00bb custom_padding=\u00a0\u00bb||0px|||\u00a0\u00bb _i=\u00a0\u00bb7&Prime; _address=\u00a0\u00bb1.7&Prime;][et_pb_column type=\u00a0\u00bb4_4&Prime; _builder_version=\u00a0\u00bb3.29.3&Prime; _i=\u00a0\u00bb0&Prime; _address=\u00a0\u00bb1.7.0&Prime;][et_pb_text module_id=\u00a0\u00bbpage-form\u00a0\u00bb _builder_version=\u00a0\u00bb3.29.3&Prime; text_orientation=\u00a0\u00bbcenter\u00a0\u00bb custom_margin=\u00a0\u00bb||||false|false\u00a0\u00bb _i=\u00a0\u00bb0&Prime; _address=\u00a0\u00bb1.7.0.0&Prime;]<\/p>\n<h2 style=\"margin-bottom: 10px; line-height: 140%;\">Modernisez votre programme de voyages d\u2019affaires : <br \/>demandez une analyse de vos d\u00e9penses<\/h2>\n<p>[\/et_pb_text][\/et_pb_column][\/et_pb_row][et_pb_row column_structure=\u00a0\u00bb1_5,3_5,1_5&Prime; _builder_version=\u00a0\u00bb3.29.3&Prime; _i=\u00a0\u00bb8&Prime; _address=\u00a0\u00bb1.8&Prime;][et_pb_column type=\u00a0\u00bb1_5&Prime; _builder_version=\u00a0\u00bb3.29.3&Prime; _i=\u00a0\u00bb0&Prime; _address=\u00a0\u00bb1.8.0&Prime;][\/et_pb_column][et_pb_column type=\u00a0\u00bb3_5&Prime; _builder_version=\u00a0\u00bb3.29.3&Prime; _i=\u00a0\u00bb1&Prime; _address=\u00a0\u00bb1.8.1&Prime;][et_pb_code _builder_version=\u00a0\u00bb3.29.3&Prime; hover_enabled=\u00a0\u00bb0&Prime;]<!--[if lte IE 8]><!-- [et_pb_line_break_holder] --><script charset=\"utf-8\" type=\"text\/javascript\" src=\"\/\/js.hsforms.net\/forms\/v2-legacy.js\"><\/script><!-- [et_pb_line_break_holder] --><![endif]--><!-- [et_pb_line_break_holder] --><script charset=\"utf-8\" type=\"text\/javascript\" src=\"\/\/js.hsforms.net\/forms\/v2.js\"><\/script><!-- [et_pb_line_break_holder] --><script><!-- [et_pb_line_break_holder] -->  hbspt.forms.create({<!-- [et_pb_line_break_holder] -->\tportalId: \"2756816\",<!-- [et_pb_line_break_holder] -->\tformId: \"5ced9e3d-a780-46d4-838a-a02e25b3ddbc\"<!-- [et_pb_line_break_holder] -->});<!-- [et_pb_line_break_holder] --><\/script>[\/et_pb_code][\/et_pb_column][et_pb_column type=\u00a0\u00bb1_5&Prime; _builder_version=\u00a0\u00bb3.29.3&Prime; _i=\u00a0\u00bb2&Prime; _address=\u00a0\u00bb1.8.2&Prime;][\/et_pb_column][\/et_pb_row][\/et_pb_section][et_pb_section fb_built=\u00a0\u00bb1&Prime; fullwidth=\u00a0\u00bbon\u00a0\u00bb _builder_version=\u00a0\u00bb3.29.3&Prime; fb_built=\u00a0\u00bb1&Prime; _i=\u00a0\u00bb2&Prime; _address=\u00a0\u00bb2&Prime;][\/et_pb_section][et_pb_section fb_built=\u00a0\u00bb1&Prime; _builder_version=\u00a0\u00bb3.29.3&Prime; background_color=\u00a0\u00bb#efeff0&Prime; fb_built=\u00a0\u00bb1&Prime; _i=\u00a0\u00bb3&Prime; _address=\u00a0\u00bb3&Prime;][et_pb_row _builder_version=\u00a0\u00bb3.29.3&Prime; _i=\u00a0\u00bb0&Prime; _address=\u00a0\u00bb3.0&Prime;][et_pb_column type=\u00a0\u00bb4_4&Prime; _builder_version=\u00a0\u00bb3.29.3&Prime; _i=\u00a0\u00bb0&Prime; _address=\u00a0\u00bb3.0.0&Prime;][et_pb_text _builder_version=\u00a0\u00bb3.29.3&Prime; _i=\u00a0\u00bb0&Prime; _address=\u00a0\u00bb3.0.0.0&Prime;]<span>Copyright 2019 by Direct Travel&nbsp;|&nbsp;<\/span><a href=\"https:\/\/www.dt.com\/privacy\/\">Privacy<\/a><span>&nbsp;|&nbsp;<\/span><a href=\"https:\/\/www.dt.com\/terms-of-use\/\">Terms Of Use<\/a><span>&nbsp;|&nbsp;<\/span><a href=\"https:\/\/www.dt.com\/fr-ca\/rgpd-avis-de-confidentialite\/\">GDPR Privacy Notice<\/a><span>&nbsp;|&nbsp;<\/span><a href=\"https:\/\/www.dt.com\/sitemap\/\">Sitemap<\/a>[\/et_pb_text][\/et_pb_column][\/et_pb_row][\/et_pb_section]<\/p>\n","protected":false},"excerpt":{"rendered":"<p>EN\u00c9conomisez sur vos voyages d\u2019affaires Obtenez les meilleurs prix, rep\u00e9rez les co\u00fbts cach\u00e9s et augmentez&nbsp;la&nbsp;productivit\u00e9Gonflez vos profits R\u00e9duisez l\u2019ensemble de vos d\u00e9penses en mati\u00e8re de voyages et am\u00e9liorez le RCI de chaque d\u00e9placement professionnel.R\u00e9alisez davantage d\u2019\u00e9conomies Profitez de tarifs concurrentiels et d\u2019ententes n\u00e9goci\u00e9es aupr\u00e8s des fournisseurs de vols, d\u2019h\u00e9bergement et de location de voitures.Recueillez des [&hellip;]<\/p>\n","protected":false},"author":17,"featured_media":0,"parent":0,"menu_order":0,"comment_status":"closed","ping_status":"closed","template":"","meta":{"_et_pb_use_builder":"on","_et_pb_old_content":"","_et_gb_content_width":"","content-type":"","footnotes":""},"class_list":["post-34223","page","type-page","status-publish","hentry"],"_links":{"self":[{"href":"https:\/\/www.dt.com\/fr-ca\/ca\/en-ca\/?rest_route=\/wp\/v2\/pages\/34223","targetHints":{"allow":["GET"]}}],"collection":[{"href":"https:\/\/www.dt.com\/fr-ca\/ca\/en-ca\/?rest_route=\/wp\/v2\/pages"}],"about":[{"href":"https:\/\/www.dt.com\/fr-ca\/ca\/en-ca\/?rest_route=\/wp\/v2\/types\/page"}],"author":[{"embeddable":true,"href":"https:\/\/www.dt.com\/fr-ca\/ca\/en-ca\/?rest_route=\/wp\/v2\/users\/17"}],"replies":[{"embeddable":true,"href":"https:\/\/www.dt.com\/fr-ca\/ca\/en-ca\/?rest_route=%2Fwp%2Fv2%2Fcomments&post=34223"}],"version-history":[{"count":13,"href":"https:\/\/www.dt.com\/fr-ca\/ca\/en-ca\/?rest_route=\/wp\/v2\/pages\/34223\/revisions"}],"predecessor-version":[{"id":34402,"href":"https:\/\/www.dt.com\/fr-ca\/ca\/en-ca\/?rest_route=\/wp\/v2\/pages\/34223\/revisions\/34402"}],"wp:attachment":[{"href":"https:\/\/www.dt.com\/fr-ca\/ca\/en-ca\/?rest_route=%2Fwp%2Fv2%2Fmedia&parent=34223"}],"curies":[{"name":"wp","href":"https:\/\/api.w.org\/{rel}","templated":true}]}}