{"id":28682,"date":"2019-01-08T15:14:17","date_gmt":"2019-01-08T20:14:17","guid":{"rendered":"https:\/\/dt.com\/economies-sur-les-voyages-daffaires\/"},"modified":"2020-01-10T13:54:29","modified_gmt":"2020-01-10T18:54:29","slug":"economies-sur-les-voyages-daffaires","status":"publish","type":"page","link":"https:\/\/www.dt.com\/fr-ca\/economies-sur-les-voyages-daffaires\/","title":{"rendered":"\u00c9conomies sur les voyages d&rsquo;affaires"},"content":{"rendered":"<p>[et_pb_section fb_built=\u00a0\u00bb1&Prime; fullwidth=\u00a0\u00bbon\u00a0\u00bb admin_label=\u00a0\u00bbsection\u00a0\u00bb _builder_version=\u00a0\u00bb3.22&Prime; fb_built=\u00a0\u00bb1&Prime; bb_built=\u00a0\u00bb1&Prime; _i=\u00a0\u00bb0&Prime; _address=\u00a0\u00bb0&Prime;][et_pb_fullwidth_header title=\u00a0\u00bbG\u00e9rez mieux vos d\u00e9penses en mati\u00e8re de voyages d&rsquo;affaires\u00a0\u00bb text_orientation=\u00a0\u00bbcenter\u00a0\u00bb header_fullscreen=\u00a0\u00bbon\u00a0\u00bb header_scroll_down=\u00a0\u00bbon\u00a0\u00bb scroll_down_icon_color=\u00a0\u00bbrgba(255,255,255,0.63)\u00a0\u00bb background_overlay_color=\u00a0\u00bbrgba(0,0,0,0.23)\u00a0\u00bb content_max_width=\u00a0\u00bb700px\u00a0\u00bb admin_label=\u00a0\u00bbHero\u00a0\u00bb _builder_version=\u00a0\u00bb3.17.2&Prime; title_font=\u00a0\u00bbArial|800||on|||||\u00a0\u00bb title_text_align=\u00a0\u00bbcenter\u00a0\u00bb title_text_color=\u00a0\u00bb#ffffff\u00a0\u00bb title_font_size=\u00a0\u00bb60px\u00a0\u00bb title_line_height=\u00a0\u00bb1.1em\u00a0\u00bb content_font=\u00a0\u00bbRoboto||||\u00a0\u00bb content_font_size=\u00a0\u00bb20px\u00a0\u00bb content_line_height=\u00a0\u00bb1.7em\u00a0\u00bb background_color=\u00a0\u00bbrgba(255, 255, 255, 0)\u00a0\u00bb background_image=\u00a0\u00bbhttps:\/\/dt.com\/ca\/wp-content\/uploads\/2018\/06\/Total-Option-Pricing.jpg\u00a0\u00bb background_size=\u00a0\u00bbinitial\u00a0\u00bb background_position=\u00a0\u00bbtop_left\u00a0\u00bb background_repeat=\u00a0\u00bbrepeat\u00a0\u00bb custom_button_one=\u00a0\u00bbon\u00a0\u00bb button_one_border_radius=\u00a0\u00bb0px\u00a0\u00bb button_one_letter_spacing=\u00a0\u00bb4px\u00a0\u00bb button_one_font=\u00a0\u00bbOswald|on||on|\u00a0\u00bb button_one_icon=\u00a0\u00bb%%3%%\u00a0\u00bb button_one_icon_color=\u00a0\u00bb#ffffff\u00a0\u00bb animation_direction=\u00a0\u00bbbottom\u00a0\u00bb title_font_size_phone=\u00a0\u00bb40px\u00a0\u00bb title_font_size_last_edited=\u00a0\u00bbon|phone\u00a0\u00bb title_text_shadow_style=\u00a0\u00bbpreset1&Prime; title_text_shadow_vertical_length=\u00a0\u00bb0.05em\u00a0\u00bb title_text_shadow_color=\u00a0\u00bbrgba(0,0,0,0.66)\u00a0\u00bb button_one_text_color_hover=\u00a0\u00bb#ffffff\u00a0\u00bb button_one_border_color_hover=\u00a0\u00bb#ffffff\u00a0\u00bb button_one_border_radius_hover=\u00a0\u00bb0px\u00a0\u00bb button_one_letter_spacing_hover=\u00a0\u00bb4px\u00a0\u00bb button_one_bg_color_hover=\u00a0\u00bbrgba(0,0,0,0)\u00a0\u00bb saved_tabs=\u00a0\u00bball\u00a0\u00bb _i=\u00a0\u00bb0&Prime; _address=\u00a0\u00bb0.0&Prime;][\/et_pb_fullwidth_header][\/et_pb_section][et_pb_section fb_built=\u00a0\u00bb1&Prime; _builder_version=\u00a0\u00bb3.22&Prime; background_color=\u00a0\u00bb#ffffff\u00a0\u00bb fb_built=\u00a0\u00bb1&Prime; bb_built=\u00a0\u00bb1&Prime; _i=\u00a0\u00bb1&Prime; _address=\u00a0\u00bb1&Prime;][et_pb_row custom_padding_last_edited=\u00a0\u00bbon|desktop\u00a0\u00bb _builder_version=\u00a0\u00bb3.25&Prime; background_size=\u00a0\u00bbinitial\u00a0\u00bb background_position=\u00a0\u00bbtop_left\u00a0\u00bb background_repeat=\u00a0\u00bbrepeat\u00a0\u00bb custom_padding=\u00a0\u00bb|150px||150px\u00a0\u00bb custom_padding_phone=\u00a0\u00bb|10px||10px\u00a0\u00bb _i=\u00a0\u00bb0&Prime; _address=\u00a0\u00bb1.0&Prime;][et_pb_column type=\u00a0\u00bb4_4&Prime; _builder_version=\u00a0\u00bb3.25&Prime; custom_padding=\u00a0\u00bb|||\u00a0\u00bb _i=\u00a0\u00bb0&Prime; _address=\u00a0\u00bb1.0.0&Prime; custom_padding__hover=\u00a0\u00bb|||\u00a0\u00bb][et_pb_text admin_label=\u00a0\u00bbTitle\u00a0\u00bb _builder_version=\u00a0\u00bb3.27.4&Prime; text_font=\u00a0\u00bbArial||||||||\u00a0\u00bb text_text_color=\u00a0\u00bb#1a1a1a\u00a0\u00bb header_font=\u00a0\u00bbArial|800||on|||||\u00a0\u00bb header_text_align=\u00a0\u00bbcenter\u00a0\u00bb header_font_size=\u00a0\u00bb55px\u00a0\u00bb header_line_height=\u00a0\u00bb1.3em\u00a0\u00bb header_2_font=\u00a0\u00bbArial|800|||||||\u00a0\u00bb header_2_text_color=\u00a0\u00bb#e31f26&Prime; text_orientation=\u00a0\u00bbcenter\u00a0\u00bb custom_margin=\u00a0\u00bb|||\u00a0\u00bb custom_padding=\u00a0\u00bb|||\u00a0\u00bb animation_style=\u00a0\u00bbslide\u00a0\u00bb animation_direction=\u00a0\u00bbtop\u00a0\u00bb animation_intensity_slide=\u00a0\u00bb10%\u00a0\u00bb locked=\u00a0\u00bboff\u00a0\u00bb _i=\u00a0\u00bb0&Prime; _address=\u00a0\u00bb1.0.0.0&Prime;]<\/p>\n<h2>Limitation des co\u00fbts strat\u00e9gique<\/h2>\n<p>[\/et_pb_text][et_pb_text admin_label=\u00a0\u00bbBody Copy\u00a0\u00bb _builder_version=\u00a0\u00bb3.29.3&Prime; text_font=\u00a0\u00bbArial||||||||\u00a0\u00bb text_line_height=\u00a0\u00bb1.9em\u00a0\u00bb text_orientation=\u00a0\u00bbcenter\u00a0\u00bb animation_style=\u00a0\u00bbslide\u00a0\u00bb animation_direction=\u00a0\u00bbtop\u00a0\u00bb animation_intensity_slide=\u00a0\u00bb4%\u00a0\u00bb locked=\u00a0\u00bboff\u00a0\u00bb _i=\u00a0\u00bb1&Prime; _address=\u00a0\u00bb1.0.0.1&Prime;]<\/p>\n<div class=\"page\">\n<div class=\"layoutArea\">\n<div class=\"column\">\n<p>Avec tous les tarifs, les taux et les prix offerts, nous savons \u00e0 quel point il peut \u00eatre difficile de se sentir certain d\u2019avoir profit\u00e9 de la meilleure aubaine pour les voyages d\u2019affaires de votre organisation. C\u2019est pourquoi nous vous soutenons de diff\u00e9rentes fa\u00e7ons pour vous permettre d\u2019am\u00e9liorer, en \u00e9vitant les pertes et en r\u00e9duisant les co\u00fbts, les divers aspects de la gestion de vos d\u00e9penses en mati\u00e8re de voyages d\u2019affaires, et ce, sans sacrifier vos efficiences ou l\u2019exp\u00e9rience du voyageur.<\/p><\/div>\n<\/div>\n<\/div>\n<p>[\/et_pb_text][et_pb_button button_url=\u00a0\u00bb#savingsform\u00a0\u00bb button_text=\u00a0\u00bbDemander plus de d\u00e9tails\u00a0\u00bb button_alignment=\u00a0\u00bbcenter\u00a0\u00bb disabled_on=\u00a0\u00bbon|on|on\u00a0\u00bb _builder_version=\u00a0\u00bb3.29.3&Prime; custom_button=\u00a0\u00bbon\u00a0\u00bb button_text_size=\u00a0\u00bb25&Prime; button_text_color=\u00a0\u00bb#ffffff\u00a0\u00bb button_bg_color=\u00a0\u00bb#e31f26&Prime; button_border_radius=\u00a0\u00bb50&Prime; button_icon=\u00a0\u00bb%%32%%\u00a0\u00bb button_icon_color=\u00a0\u00bb#ffffff\u00a0\u00bb background_layout=\u00a0\u00bbdark\u00a0\u00bb custom_padding=\u00a0\u00bb20px|40px|20px|40px\u00a0\u00bb disabled=\u00a0\u00bbon\u00a0\u00bb _i=\u00a0\u00bb2&Prime; _address=\u00a0\u00bb1.0.0.2&Prime;][\/et_pb_button][et_pb_code _builder_version=\u00a0\u00bb3.29.3&Prime; hover_enabled=\u00a0\u00bb0&Prime; locked=\u00a0\u00bboff\u00a0\u00bb _i=\u00a0\u00bb3&Prime; _address=\u00a0\u00bb1.0.0.3&Prime;]<\/p>\n<div style=\"text-align: center\"><!-- [et_pb_line_break_holder] -->  <!-- [et_pb_line_break_holder] --><!--HubSpot Call-to-Action Code --><span class=\"hs-cta-wrapper\" id=\"hs-cta-wrapper-f5a8b760-0428-451b-9529-0a3a8884fadf\"><span class=\"hs-cta-node hs-cta-f5a8b760-0428-451b-9529-0a3a8884fadf\" id=\"hs-cta-f5a8b760-0428-451b-9529-0a3a8884fadf\"><!--[if lte IE 8]>\n\n<div id=\"hs-cta-ie-element\"><\/div>\n\n<![endif]--><a href=\"https:\/\/cta-redirect.hubspot.com\/cta\/redirect\/2756816\/f5a8b760-0428-451b-9529-0a3a8884fadf\" target=\"_blank\" rel=\"noopener noreferrer\"><img decoding=\"async\" class=\"hs-cta-img\" id=\"hs-cta-img-f5a8b760-0428-451b-9529-0a3a8884fadf\" style=\"border-width:0px;\" src=\"https:\/\/no-cache.hubspot.com\/cta\/default\/2756816\/f5a8b760-0428-451b-9529-0a3a8884fadf.png\"  alt=\"Obtenir votre liste de points \u00e0 v\u00e9rifier  avant de n\u00e9gocier avec un fournisseur\"\/><\/a><\/span><script charset=\"utf-8\" src=\"https:\/\/js.hscta.net\/cta\/current.js\"><\/script><script type=\"text\/javascript\"> hbspt.cta.load(2756816, 'f5a8b760-0428-451b-9529-0a3a8884fadf', {}); <\/script><\/span><!-- end HubSpot Call-to-Action Code --><!-- [et_pb_line_break_holder] -->  <!-- [et_pb_line_break_holder] --><\/div>\n<p>[\/et_pb_code][\/et_pb_column][\/et_pb_row][\/et_pb_section][et_pb_section fb_built=\u00a0\u00bb1&Prime; custom_padding_last_edited=\u00a0\u00bbon|phone\u00a0\u00bb _builder_version=\u00a0\u00bb3.22&Prime; background_color=\u00a0\u00bb#f5f5f5&Prime; custom_margin=\u00a0\u00bb0px||0px|\u00a0\u00bb custom_padding=\u00a0\u00bb|50px||50px\u00a0\u00bb custom_padding_phone=\u00a0\u00bb15px|10px|15px|10px\u00a0\u00bb fb_built=\u00a0\u00bb1&Prime; bb_built=\u00a0\u00bb1&Prime; _i=\u00a0\u00bb2&Prime; _address=\u00a0\u00bb2&Prime;][et_pb_row column_structure=\u00a0\u00bb1_2,1_2&Prime; make_equal=\u00a0\u00bbon\u00a0\u00bb _builder_version=\u00a0\u00bb3.25&Prime; custom_margin=\u00a0\u00bb0px||0px|\u00a0\u00bb custom_padding=\u00a0\u00bb0px||0px|\u00a0\u00bb _i=\u00a0\u00bb0&Prime; _address=\u00a0\u00bb2.0&Prime;][et_pb_column type=\u00a0\u00bb1_2&Prime; _builder_version=\u00a0\u00bb3.25&Prime; custom_padding=\u00a0\u00bb|||\u00a0\u00bb _i=\u00a0\u00bb0&Prime; _address=\u00a0\u00bb2.0.0&Prime; custom_padding__hover=\u00a0\u00bb|||\u00a0\u00bb][et_pb_image src=\u00a0\u00bbhttps:\/\/dt.com\/ca\/wp-content\/uploads\/2018\/12\/Corporate-Travel-Discount-Programs.jpg\u00a0\u00bb align_tablet=\u00a0\u00bbcenter\u00a0\u00bb align_last_edited=\u00a0\u00bbon|desktop\u00a0\u00bb _builder_version=\u00a0\u00bb3.23&Prime; custom_margin=\u00a0\u00bb0px||0px|\u00a0\u00bb custom_padding=\u00a0\u00bb0px||0px|\u00a0\u00bb _i=\u00a0\u00bb0&Prime; _address=\u00a0\u00bb2.0.0.0&Prime;][\/et_pb_image][et_pb_text admin_label=\u00a0\u00bbDiscounts and Agreements\u00a0\u00bb _builder_version=\u00a0\u00bb3.27.4&Prime; header_3_font=\u00a0\u00bb|600|||||||\u00a0\u00bb header_3_text_color=\u00a0\u00bb#000000&Prime; header_3_font_size=\u00a0\u00bb18px\u00a0\u00bb background_color=\u00a0\u00bb#ffffff\u00a0\u00bb custom_padding=\u00a0\u00bb30px|30px|30px|30px\u00a0\u00bb box_shadow_style=\u00a0\u00bbpreset1&Prime; _i=\u00a0\u00bb1&Prime; _address=\u00a0\u00bb2.0.0.1&Prime;]<\/p>\n<h3>Programmes des fournisseurs et ententes contractuelles<\/h3>\n<p>Aux Services Direct Travel, nous sommes fiers d\u2019offrir un \u00e9ventail de programmes de rabais pour les voyages d\u2019affaires ainsi que des tarifs concurrentiels aupr\u00e8s d\u2019un bon nombre de compagnies a\u00e9riennes, d\u2019h\u00f4tels et de transporteurs terrestres.<\/p>\n<p>Nous collaborons aussi \u00e9troitement avec vous pour analyser les contrats n\u00e9goci\u00e9s avec vos fournisseurs actuels afin d\u2019\u00e9valuer leur valeur et de d\u00e9gager les autres possibilit\u00e9s qui s\u2019offrent \u00e0 vous. Notre taille, notre port\u00e9e, nos relations dans l\u2019industrie et notre\u00a0<a href=\"https:\/\/dt.com\/gestion-mondiale-des-voyages-daffaires\/?lang=fr\">pouvoir d\u2019achat \u00e0 l\u2019\u00e9chelle mondiale<\/a>\u00a0nous donnent un avantage consid\u00e9rable pour n\u00e9gocier et obtenir en votre nom des ententes exclusives avec des fournisseurs privil\u00e9gi\u00e9s.<\/p>\n<p>[\/et_pb_text][\/et_pb_column][et_pb_column type=\u00a0\u00bb1_2&Prime; _builder_version=\u00a0\u00bb3.25&Prime; custom_padding=\u00a0\u00bb|||\u00a0\u00bb _i=\u00a0\u00bb1&Prime; _address=\u00a0\u00bb2.0.1&Prime; custom_padding__hover=\u00a0\u00bb|||\u00a0\u00bb][et_pb_image src=\u00a0\u00bbhttps:\/\/dt.com\/ca\/wp-content\/uploads\/2018\/12\/Total-Option-Pricing.jpg\u00a0\u00bb align_tablet=\u00a0\u00bbcenter\u00a0\u00bb align_last_edited=\u00a0\u00bbon|desktop\u00a0\u00bb _builder_version=\u00a0\u00bb3.23&Prime; custom_margin=\u00a0\u00bb0px||0px|\u00a0\u00bb custom_padding=\u00a0\u00bb0px||0px|\u00a0\u00bb _i=\u00a0\u00bb0&Prime; _address=\u00a0\u00bb2.0.1.0&Prime;][\/et_pb_image][et_pb_text admin_label=\u00a0\u00bbTOP\u00a0\u00bb _builder_version=\u00a0\u00bb3.27.4&Prime; header_3_font=\u00a0\u00bb|600|||||||\u00a0\u00bb header_3_text_color=\u00a0\u00bb#000000&Prime; header_3_font_size=\u00a0\u00bb18px\u00a0\u00bb background_color=\u00a0\u00bb#ffffff\u00a0\u00bb custom_padding=\u00a0\u00bb30px|30px|30px|30px\u00a0\u00bb box_shadow_style=\u00a0\u00bbpreset1&Prime; _i=\u00a0\u00bb1&Prime; _address=\u00a0\u00bb2.0.1.1&Prime;]<\/p>\n<h3>Gamme compl\u00e8te de tarifs<\/h3>\n<p>Nous croyons que toutes les options doivent \u00eatre consid\u00e9r\u00e9es avant de soumettre un prix. C\u2019est pourquoi nous offrons un puissant outil de recherche de voyages qui simplifie le processus.<\/p>\n<p>La technologie que nous employons nous permet de rechercher des centaines de sources diff\u00e9rentes et d\u2019avoir ainsi acc\u00e8s, au m\u00eame endroit et en temps r\u00e9el, aux tarifs des transporteurs \u00e9conomiques, aux tarifs Web des compagnies a\u00e9riennes ainsi qu\u2019aux horaires et aux tarifs des transporteurs faisant partie (ou non) des syst\u00e8mes mondiaux de distribution. Voil\u00e0 comment nous sommes en mesure \u00e0 proposer une \u00ab\u2009gamme compl\u00e8te de tarifs\u2009\u00bb \u00e0 nos clients d\u2019affaires.<\/p>\n<div class=\"et_pb_row et_pb_row_2 et_pb_equal_columns\">\n<div class=\"et_pb_column et_pb_column_1_2 et_pb_column_3 et_pb_css_mix_blend_mode_passthrough\"><\/div>\n<\/div>\n<p>[\/et_pb_text][\/et_pb_column][\/et_pb_row][et_pb_row column_structure=\u00a0\u00bb1_2,1_2&Prime; make_equal=\u00a0\u00bbon\u00a0\u00bb _builder_version=\u00a0\u00bb3.25&Prime; custom_margin=\u00a0\u00bb50px||50px|\u00a0\u00bb custom_padding=\u00a0\u00bb0px||0px|\u00a0\u00bb _i=\u00a0\u00bb1&Prime; _address=\u00a0\u00bb2.1&Prime;][et_pb_column type=\u00a0\u00bb1_2&Prime; _builder_version=\u00a0\u00bb3.25&Prime; custom_padding=\u00a0\u00bb|||\u00a0\u00bb _i=\u00a0\u00bb0&Prime; _address=\u00a0\u00bb2.1.0&Prime; custom_padding__hover=\u00a0\u00bb|||\u00a0\u00bb][et_pb_image src=\u00a0\u00bbhttps:\/\/dt.com\/ca\/wp-content\/uploads\/2018\/12\/Unused-Ticket-Tracking.jpg\u00a0\u00bb align_tablet=\u00a0\u00bbcenter\u00a0\u00bb align_last_edited=\u00a0\u00bbon|desktop\u00a0\u00bb _builder_version=\u00a0\u00bb3.23&Prime; custom_margin=\u00a0\u00bb0px||0px|\u00a0\u00bb custom_padding=\u00a0\u00bb0px||0px|\u00a0\u00bb _i=\u00a0\u00bb0&Prime; _address=\u00a0\u00bb2.1.0.0&Prime;][\/et_pb_image][et_pb_text admin_label=\u00a0\u00bbTicket Tracking\u00a0\u00bb _builder_version=\u00a0\u00bb3.27.4&Prime; header_3_font=\u00a0\u00bb|600|||||||\u00a0\u00bb header_3_text_color=\u00a0\u00bb#000000&Prime; header_3_font_size=\u00a0\u00bb18px\u00a0\u00bb background_color=\u00a0\u00bb#ffffff\u00a0\u00bb custom_padding=\u00a0\u00bb30px|30px|30px|30px\u00a0\u00bb box_shadow_style=\u00a0\u00bbpreset1&Prime; _i=\u00a0\u00bb1&Prime; _address=\u00a0\u00bb2.1.0.1&Prime;]<\/p>\n<h3>Suivi des billets non utilis\u00e9s<\/h3>\n<p>G\u00e9rer vos billets non utilis\u00e9s est crucial pour votre organisation \u2014 et nous faisons en sorte qu\u2019il s\u2019agisse d\u2019une t\u00e2che simple \u00e0 accomplir.<\/p>\n<p>Que vos voyageurs r\u00e9servent en ligne par l\u2019interm\u00e9diaire de leur outil de r\u00e9servation ou aupr\u00e8s d\u2019un conseiller offrant une gamme compl\u00e8te de services, nous nous assurons que vos billets sont utilis\u00e9s gr\u00e2ce \u00e0 une technologie de suivi automatis\u00e9e, innovatrice et hautement efficace.<\/p>\n<p>[\/et_pb_text][\/et_pb_column][et_pb_column type=\u00a0\u00bb1_2&Prime; _builder_version=\u00a0\u00bb3.25&Prime; custom_padding=\u00a0\u00bb|||\u00a0\u00bb _i=\u00a0\u00bb1&Prime; _address=\u00a0\u00bb2.1.1&Prime; custom_padding__hover=\u00a0\u00bb|||\u00a0\u00bb][et_pb_image src=\u00a0\u00bbhttps:\/\/dt.com\/ca\/wp-content\/uploads\/2018\/12\/Program-Analysis.jpg\u00a0\u00bb align_tablet=\u00a0\u00bbcenter\u00a0\u00bb align_last_edited=\u00a0\u00bbon|desktop\u00a0\u00bb _builder_version=\u00a0\u00bb3.23&Prime; custom_margin=\u00a0\u00bb0px||0px|\u00a0\u00bb custom_padding=\u00a0\u00bb0px||0px|\u00a0\u00bb _i=\u00a0\u00bb0&Prime; _address=\u00a0\u00bb2.1.1.0&Prime;][\/et_pb_image][et_pb_text admin_label=\u00a0\u00bbProgram Analysis\u00a0\u00bb _builder_version=\u00a0\u00bb3.27.4&Prime; header_3_font=\u00a0\u00bb|600|||||||\u00a0\u00bb header_3_text_color=\u00a0\u00bb#000000&Prime; header_3_font_size=\u00a0\u00bb18px\u00a0\u00bb background_color=\u00a0\u00bb#ffffff\u00a0\u00bb custom_padding=\u00a0\u00bb30px|30px|30px|30px\u00a0\u00bb box_shadow_style=\u00a0\u00bbpreset1&Prime; _i=\u00a0\u00bb1&Prime; _address=\u00a0\u00bb2.1.1.1&Prime;]<\/p>\n<h3>Analyse continue du programme<\/h3>\n<p>Puisque <a href=\"https:\/\/dt.com\/account-management\/?lang=fr\">notre\u00a0gestion des comptes est ax\u00e9e sur le succ\u00e8s de votre programme<\/a>, nous analysons continuellement les donn\u00e9es de votre programme de voyages pour d\u00e9gager les nouvelles possibilit\u00e9s d\u2019\u00e9conomiser, d\u2019am\u00e9liorer la ma\u00eetrise de vos d\u00e9penses et d\u2019\u00e9viter les pertes. Faire appel aux m\u00eames fournisseurs lorsque la situation s\u2019y pr\u00eate, d\u00e9terminer les failles au sein de votre programme et \u00e9liminer la non-conformit\u00e9 font partie des mesures qui peuvent \u00eatre envisag\u00e9es.<br \/>\n[\/et_pb_text][\/et_pb_column][\/et_pb_row][\/et_pb_section][et_pb_section fb_built=\u00a0\u00bb1&Prime; _builder_version=\u00a0\u00bb3.22&Prime; fb_built=\u00a0\u00bb1&Prime; bb_built=\u00a0\u00bb1&Prime; _i=\u00a0\u00bb3&Prime; _address=\u00a0\u00bb3&Prime;][et_pb_row custom_padding_last_edited=\u00a0\u00bbon|desktop\u00a0\u00bb _builder_version=\u00a0\u00bb3.25&Prime; custom_padding=\u00a0\u00bb|110px||110px\u00a0\u00bb custom_padding_phone=\u00a0\u00bb|10px||10px\u00a0\u00bb _i=\u00a0\u00bb0&Prime; _address=\u00a0\u00bb3.0&Prime;][et_pb_column type=\u00a0\u00bb4_4&Prime; _builder_version=\u00a0\u00bb3.25&Prime; custom_padding=\u00a0\u00bb|||\u00a0\u00bb _i=\u00a0\u00bb0&Prime; _address=\u00a0\u00bb3.0.0&Prime; custom_padding__hover=\u00a0\u00bb|||\u00a0\u00bb][et_pb_text admin_label=\u00a0\u00bbForm Title\u00a0\u00bb _builder_version=\u00a0\u00bb3.27.4&Prime; text_font=\u00a0\u00bbArial||||||||\u00a0\u00bb text_text_color=\u00a0\u00bb#1a1a1a\u00a0\u00bb header_font=\u00a0\u00bbArial|800||on|||||\u00a0\u00bb header_text_align=\u00a0\u00bbcenter\u00a0\u00bb header_font_size=\u00a0\u00bb55px\u00a0\u00bb header_line_height=\u00a0\u00bb1.3em\u00a0\u00bb header_2_font=\u00a0\u00bbArial|800|||||||\u00a0\u00bb header_2_text_color=\u00a0\u00bb#e31f26&Prime; text_orientation=\u00a0\u00bbcenter\u00a0\u00bb custom_margin=\u00a0\u00bb|||\u00a0\u00bb custom_padding=\u00a0\u00bb|||\u00a0\u00bb animation_style=\u00a0\u00bbslide\u00a0\u00bb animation_direction=\u00a0\u00bbtop\u00a0\u00bb animation_intensity_slide=\u00a0\u00bb10%\u00a0\u00bb _i=\u00a0\u00bb0&Prime; _address=\u00a0\u00bb3.0.0.0&Prime;]<\/p>\n<div class=\"et_pb_module et_pb_text et_pb_text_6 et_pb_bg_layout_light et_pb_text_align_center\">\n<div class=\"et_pb_text_inner\">\n<h2 style=\"text-align: center;\">Vous avez besoin de r\u00e9aliser davantage d\u2019\u00e9conomies<br \/>\nsur vos voyages d\u2019affaires?<br \/>\nContactez-nous!<\/h2>\n<\/div>\n<\/div>\n<div id=\"savingsform\" class=\"et_pb_module et_pb_text et_pb_text_7 et_pb_bg_layout_light et_pb_text_align_left\">\n<div class=\"et_pb_text_inner\">\n<div id=\"gform_wrapper_3\" class=\"gf_browser_chrome gform_wrapper\">\n<form id=\"gform_3\" action=\"https:\/\/dt.com\/economies-sur-les-voyages-daffaires\/?lang=fr\" enctype=\"multipart\/form-data\" method=\"post\">\n<div class=\"gform_body\" style=\"text-align: center;\"><\/div>\n<\/form>\n<\/div>\n<\/div>\n<\/div>\n<p>[\/et_pb_text][et_pb_text admin_label=\u00a0\u00bbForm\u00a0\u00bb _builder_version=\u00a0\u00bb3.27.4&Prime; _i=\u00a0\u00bb1&Prime; _address=\u00a0\u00bb3.0.0.1&Prime;]<!-- [if lte IE 8]>\n<script charset=\"utf-8\" type=\"text\/javascript\" src=\"\/\/js.hsforms.net\/forms\/v2-legacy.js\"><\/script>\n<![endif]--><br \/>\n<script charset=\"utf-8\" type=\"text\/javascript\" src=\"\/\/js.hsforms.net\/forms\/v2.js\"><\/script><br \/>\n<script>\n  hbspt.forms.create({\n\tportalId: \"2756816\",\n\tformId: \"0700f6f1-3f07-452e-ad32-c042c9b3c042\"\n});\n<\/script><br \/>\n[\/et_pb_text][\/et_pb_column][\/et_pb_row][\/et_pb_section]<\/p>\n","protected":false},"excerpt":{"rendered":"<p>Limitation des co\u00fbts strat\u00e9gique Avec tous les tarifs, les taux et les prix offerts, nous savons \u00e0 quel point il peut \u00eatre difficile de se sentir certain d\u2019avoir profit\u00e9 de la meilleure aubaine pour les voyages d\u2019affaires de votre organisation. C\u2019est pourquoi nous vous soutenons de diff\u00e9rentes fa\u00e7ons pour vous permettre d\u2019am\u00e9liorer, en \u00e9vitant les [&hellip;]<\/p>\n","protected":false},"author":1,"featured_media":0,"parent":0,"menu_order":0,"comment_status":"closed","ping_status":"closed","template":"","meta":{"_et_pb_use_builder":"on","_et_pb_old_content":"<p>[et_pb_section bb_built=\"1\"][et_pb_row][\/et_pb_row][\/et_pb_section]<\/p>","_et_gb_content_width":"","content-type":"","footnotes":""},"class_list":["post-28682","page","type-page","status-publish","hentry"],"_links":{"self":[{"href":"https:\/\/www.dt.com\/fr-ca\/ca\/en-ca\/?rest_route=\/wp\/v2\/pages\/28682","targetHints":{"allow":["GET"]}}],"collection":[{"href":"https:\/\/www.dt.com\/fr-ca\/ca\/en-ca\/?rest_route=\/wp\/v2\/pages"}],"about":[{"href":"https:\/\/www.dt.com\/fr-ca\/ca\/en-ca\/?rest_route=\/wp\/v2\/types\/page"}],"author":[{"embeddable":true,"href":"https:\/\/www.dt.com\/fr-ca\/ca\/en-ca\/?rest_route=\/wp\/v2\/users\/1"}],"replies":[{"embeddable":true,"href":"https:\/\/www.dt.com\/fr-ca\/ca\/en-ca\/?rest_route=%2Fwp%2Fv2%2Fcomments&post=28682"}],"version-history":[{"count":17,"href":"https:\/\/www.dt.com\/fr-ca\/ca\/en-ca\/?rest_route=\/wp\/v2\/pages\/28682\/revisions"}],"predecessor-version":[{"id":34366,"href":"https:\/\/www.dt.com\/fr-ca\/ca\/en-ca\/?rest_route=\/wp\/v2\/pages\/28682\/revisions\/34366"}],"wp:attachment":[{"href":"https:\/\/www.dt.com\/fr-ca\/ca\/en-ca\/?rest_route=%2Fwp%2Fv2%2Fmedia&parent=28682"}],"curies":[{"name":"wp","href":"https:\/\/api.w.org\/{rel}","templated":true}]}}