{"id":28667,"date":"2019-01-07T14:50:37","date_gmt":"2019-01-07T19:50:37","guid":{"rendered":"https:\/\/dt.com\/directive-sur-les-voyages-daffaires\/"},"modified":"2020-01-10T11:42:37","modified_gmt":"2020-01-10T16:42:37","slug":"directive-sur-les-voyages-daffaires","status":"publish","type":"page","link":"https:\/\/www.dt.com\/fr-ca\/directive-sur-les-voyages-daffaires\/","title":{"rendered":"Directive sur les voyages d&rsquo;affaires"},"content":{"rendered":"<p>[et_pb_section fb_built=\u00a0\u00bb1&Prime; fullwidth=\u00a0\u00bbon\u00a0\u00bb admin_label=\u00a0\u00bbsection\u00a0\u00bb _builder_version=\u00a0\u00bb3.22&Prime; fb_built=\u00a0\u00bb1&Prime; bb_built=\u00a0\u00bb1&Prime; _i=\u00a0\u00bb0&Prime; _address=\u00a0\u00bb0&Prime;][et_pb_fullwidth_header title=\u00a0\u00bbDirective<br \/>\nsur les voyages\u00a0\u00bb text_orientation=\u00a0\u00bbcenter\u00a0\u00bb header_fullscreen=\u00a0\u00bbon\u00a0\u00bb header_scroll_down=\u00a0\u00bbon\u00a0\u00bb scroll_down_icon_color=\u00a0\u00bbrgba(255,255,255,0.63)\u00a0\u00bb background_overlay_color=\u00a0\u00bbrgba(0,0,0,0.27)\u00a0\u00bb content_max_width=\u00a0\u00bb700px\u00a0\u00bb admin_label=\u00a0\u00bbHero\u00a0\u00bb _builder_version=\u00a0\u00bb3.17.2&Prime; title_font=\u00a0\u00bbArial|800||on|||||\u00a0\u00bb title_text_align=\u00a0\u00bbcenter\u00a0\u00bb title_text_color=\u00a0\u00bb#ffffff\u00a0\u00bb title_font_size=\u00a0\u00bb60px\u00a0\u00bb title_line_height=\u00a0\u00bb1.1em\u00a0\u00bb content_font=\u00a0\u00bbRoboto||||\u00a0\u00bb content_font_size=\u00a0\u00bb20px\u00a0\u00bb content_line_height=\u00a0\u00bb1.7em\u00a0\u00bb background_color=\u00a0\u00bbrgba(255, 255, 255, 0)\u00a0\u00bb background_image=\u00a0\u00bbhttps:\/\/dt.com\/ca\/wp-content\/uploads\/2018\/12\/Travel-Policy.jpg\u00a0\u00bb background_position=\u00a0\u00bbtop_center\u00a0\u00bb custom_button_one=\u00a0\u00bbon\u00a0\u00bb button_one_border_radius=\u00a0\u00bb0px\u00a0\u00bb button_one_letter_spacing=\u00a0\u00bb4px\u00a0\u00bb button_one_font=\u00a0\u00bbOswald|on||on|\u00a0\u00bb button_one_icon=\u00a0\u00bb%%3%%\u00a0\u00bb button_one_icon_color=\u00a0\u00bb#ffffff\u00a0\u00bb animation_direction=\u00a0\u00bbbottom\u00a0\u00bb title_font_size_phone=\u00a0\u00bb40px\u00a0\u00bb title_font_size_last_edited=\u00a0\u00bbon|phone\u00a0\u00bb title_text_shadow_style=\u00a0\u00bbpreset1&Prime; title_text_shadow_vertical_length=\u00a0\u00bb0.05em\u00a0\u00bb title_text_shadow_color=\u00a0\u00bbrgba(0,0,0,0.66)\u00a0\u00bb saved_tabs=\u00a0\u00bball\u00a0\u00bb button_one_text_size__hover_enabled=\u00a0\u00bboff\u00a0\u00bb button_one_text_size__hover=\u00a0\u00bbnull\u00a0\u00bb button_two_text_size__hover_enabled=\u00a0\u00bboff\u00a0\u00bb button_two_text_size__hover=\u00a0\u00bbnull\u00a0\u00bb button_one_text_color__hover_enabled=\u00a0\u00bbon\u00a0\u00bb button_one_text_color__hover=\u00a0\u00bb#ffffff\u00a0\u00bb button_two_text_color__hover_enabled=\u00a0\u00bboff\u00a0\u00bb button_two_text_color__hover=\u00a0\u00bbnull\u00a0\u00bb button_one_border_width__hover_enabled=\u00a0\u00bboff\u00a0\u00bb button_one_border_width__hover=\u00a0\u00bbnull\u00a0\u00bb button_two_border_width__hover_enabled=\u00a0\u00bboff\u00a0\u00bb button_two_border_width__hover=\u00a0\u00bbnull\u00a0\u00bb button_one_border_color__hover_enabled=\u00a0\u00bbon\u00a0\u00bb button_one_border_color__hover=\u00a0\u00bb#ffffff\u00a0\u00bb button_two_border_color__hover_enabled=\u00a0\u00bboff\u00a0\u00bb button_two_border_color__hover=\u00a0\u00bbnull\u00a0\u00bb button_one_border_radius__hover_enabled=\u00a0\u00bbon\u00a0\u00bb button_one_border_radius__hover=\u00a0\u00bb0px\u00a0\u00bb button_two_border_radius__hover_enabled=\u00a0\u00bboff\u00a0\u00bb button_two_border_radius__hover=\u00a0\u00bbnull\u00a0\u00bb button_one_letter_spacing__hover_enabled=\u00a0\u00bbon\u00a0\u00bb button_one_letter_spacing__hover=\u00a0\u00bb4px\u00a0\u00bb button_two_letter_spacing__hover_enabled=\u00a0\u00bboff\u00a0\u00bb button_two_letter_spacing__hover=\u00a0\u00bbnull\u00a0\u00bb button_one_bg_color__hover_enabled=\u00a0\u00bbon\u00a0\u00bb button_one_bg_color__hover=\u00a0\u00bbrgba(0,0,0,0)\u00a0\u00bb button_two_bg_color__hover_enabled=\u00a0\u00bboff\u00a0\u00bb button_two_bg_color__hover=\u00a0\u00bbnull\u00a0\u00bb _i=\u00a0\u00bb0&Prime; _address=\u00a0\u00bb0.0&Prime;][\/et_pb_fullwidth_header][\/et_pb_section][et_pb_section fb_built=\u00a0\u00bb1&Prime; _builder_version=\u00a0\u00bb3.22&Prime; fb_built=\u00a0\u00bb1&Prime; bb_built=\u00a0\u00bb1&Prime; _i=\u00a0\u00bb1&Prime; _address=\u00a0\u00bb1&Prime;][et_pb_row custom_padding_last_edited=\u00a0\u00bbon|desktop\u00a0\u00bb _builder_version=\u00a0\u00bb3.25&Prime; custom_padding=\u00a0\u00bb|150px||150px\u00a0\u00bb custom_padding_phone=\u00a0\u00bb|10px||10px\u00a0\u00bb _i=\u00a0\u00bb0&Prime; _address=\u00a0\u00bb1.0&Prime;][et_pb_column type=\u00a0\u00bb4_4&Prime; _builder_version=\u00a0\u00bb3.25&Prime; custom_padding=\u00a0\u00bb|||\u00a0\u00bb _i=\u00a0\u00bb0&Prime; _address=\u00a0\u00bb1.0.0&Prime; custom_padding__hover=\u00a0\u00bb|||\u00a0\u00bb][et_pb_text admin_label=\u00a0\u00bbTitle\u00a0\u00bb _builder_version=\u00a0\u00bb3.27.4&Prime; text_font=\u00a0\u00bbArial||||||||\u00a0\u00bb text_text_color=\u00a0\u00bb#1a1a1a\u00a0\u00bb header_font=\u00a0\u00bbArial|800||on|||||\u00a0\u00bb header_text_align=\u00a0\u00bbcenter\u00a0\u00bb header_font_size=\u00a0\u00bb55px\u00a0\u00bb header_line_height=\u00a0\u00bb1.3em\u00a0\u00bb header_2_font=\u00a0\u00bbArial|800|||||||\u00a0\u00bb header_2_text_color=\u00a0\u00bb#e31f26&Prime; text_orientation=\u00a0\u00bbcenter\u00a0\u00bb custom_margin=\u00a0\u00bb|||\u00a0\u00bb custom_padding=\u00a0\u00bb|||\u00a0\u00bb animation_style=\u00a0\u00bbslide\u00a0\u00bb animation_direction=\u00a0\u00bbtop\u00a0\u00bb animation_intensity_slide=\u00a0\u00bb10%\u00a0\u00bb locked=\u00a0\u00bboff\u00a0\u00bb _i=\u00a0\u00bb0&Prime; _address=\u00a0\u00bb1.0.0.0&Prime;]<\/p>\n<h2>Votre directive sur les voyages est le pilier de votre programme <br \/>de voyages<\/h2>\n<p>[\/et_pb_text][et_pb_text admin_label=\u00a0\u00bbBody Copy\u00a0\u00bb _builder_version=\u00a0\u00bb3.29.3&Prime; text_font=\u00a0\u00bbArial||||||||\u00a0\u00bb text_line_height=\u00a0\u00bb1.9em\u00a0\u00bb text_orientation=\u00a0\u00bbcenter\u00a0\u00bb animation_style=\u00a0\u00bbslide\u00a0\u00bb animation_direction=\u00a0\u00bbtop\u00a0\u00bb animation_intensity_slide=\u00a0\u00bb4%\u00a0\u00bb locked=\u00a0\u00bboff\u00a0\u00bb _i=\u00a0\u00bb1&Prime; _address=\u00a0\u00bb1.0.0.1&Prime;]<\/p>\n<div class=\"page\">\n<div class=\"layoutArea\">\n<div class=\"column\">V\u00e9ritable pierre angulaire de votre programme, votre directive sur les voyages vous aide \u00e0 assurer l\u2019encadrement n\u00e9cessaire aupr\u00e8s des voyageurs de votre organisation tout en tenant compte des besoins et des pr\u00e9f\u00e9rences de ces derniers. Une directive efficace est l\u2019\u00e9l\u00e9ment essentiel pour r\u00e9duire les d\u00e9penses, augmenter les \u00e9conomies et maximiser la productivit\u00e9 en soutenant \u00e0 la fois vos voyageurs et vos fournisseurs privil\u00e9gi\u00e9s. <\/p>\n<p>En tant que partenaires de voyage de votre organisation, nous collaborons \u00e9troitement avec vous pour cr\u00e9er une directive sur les voyages qui correspond \u00e0 vos objectifs d\u2019affaires et \u00e0 la culture de votre entreprise afin de maximiser l\u2019appui et la conformit\u00e9 de la part de vos employ\u00e9s. Gr\u00e2ce aux conseils d\u2019un charg\u00e9 de compte, nous analysons et comparons l\u2019efficacit\u00e9 de votre politique en permanence. Qui plus est, pour vous aider \u00e0 atteindre votre plein potentiel par l\u2019interm\u00e9diaire des d\u00e9placements professionnels, nous nous assurons d\u2019abord et avant tout que la conformit\u00e9 est au centre de chaque aspect de votre programme et que vos technologies de voyage en tiennent compte.<\/p><\/div>\n<\/div>\n<\/div>\n<p>[\/et_pb_text][\/et_pb_column][\/et_pb_row][\/et_pb_section][et_pb_section fb_built=\u00a0\u00bb1&Prime; _builder_version=\u00a0\u00bb3.29.3&Prime; background_color=\u00a0\u00bb#f5f5f5&Prime; hover_enabled=\u00a0\u00bb0&Prime; custom_padding=\u00a0\u00bb15px||0px||false|false\u00a0\u00bb custom_margin=\u00a0\u00bb||0px||false|false\u00a0\u00bb locked=\u00a0\u00bboff\u00a0\u00bb][et_pb_row _builder_version=\u00a0\u00bb3.29.3&Prime; hover_enabled=\u00a0\u00bb0&Prime; custom_padding=\u00a0\u00bb40px||||false|false\u00a0\u00bb custom_margin=\u00a0\u00bb||||false|false\u00a0\u00bb][et_pb_column _builder_version=\u00a0\u00bb3.29.3&Prime; type=\u00a0\u00bb4_4&Prime; hover_enabled=\u00a0\u00bb0&Prime;][et_pb_text _builder_version=\u00a0\u00bb3.29.3&Prime; hover_enabled=\u00a0\u00bb0&Prime; text_font=\u00a0\u00bbArial||||||||\u00a0\u00bb text_line_height=\u00a0\u00bb1.9em\u00a0\u00bb custom_padding=\u00a0\u00bb||0px||false|false\u00a0\u00bb custom_margin=\u00a0\u00bb||30px||false|false\u00a0\u00bb]<\/p>\n<h2 style=\"text-align: center; color: #000000; line-height: 1; margin: 0 0 10px;\">Vous \u00eates \u00e0 la recherche d\u2019un mod\u00e8le de directive sur les voyages?<\/h2>\n<p style=\"text-align: center;\">Consultez ce guide pour mettre \u00e0 jour ou b\u00e2tir sans peine une directive sur les voyages qui correspond \u00e0 vos objectifs d\u2019affaires.<\/p>\n<p>[\/et_pb_text][et_pb_code _builder_version=\u00a0\u00bb3.29.3&Prime; hover_enabled=\u00a0\u00bb0&Prime; custom_margin=\u00a0\u00bb||10px||false|false\u00a0\u00bb]<\/p>\n<div style=\"text-align: center\"><!-- [et_pb_line_break_holder] -->  <!-- [et_pb_line_break_holder] --><!--HubSpot Call-to-Action Code --><span class=\"hs-cta-wrapper\" id=\"hs-cta-wrapper-267a419c-9a03-486f-b64e-79031dd7059a\"><span class=\"hs-cta-node hs-cta-267a419c-9a03-486f-b64e-79031dd7059a\" id=\"hs-cta-267a419c-9a03-486f-b64e-79031dd7059a\"><!--[if lte IE 8]>\n\n<div id=\"hs-cta-ie-element\"><\/div>\n\n<![endif]--><a href=\"https:\/\/cta-redirect.hubspot.com\/cta\/redirect\/2756816\/267a419c-9a03-486f-b64e-79031dd7059a\" target=\"_blank\" rel=\"noopener noreferrer\"><img decoding=\"async\" class=\"hs-cta-img\" id=\"hs-cta-img-267a419c-9a03-486f-b64e-79031dd7059a\" style=\"border-width:0px;\" src=\"https:\/\/no-cache.hubspot.com\/cta\/default\/2756816\/267a419c-9a03-486f-b64e-79031dd7059a.png\"  alt=\"Obtenir votre guide de cr\u00e9ation  d\u2019une directive sur les voyages\"\/><\/a><\/span><script charset=\"utf-8\" src=\"https:\/\/js.hscta.net\/cta\/current.js\"><\/script><script type=\"text\/javascript\"> hbspt.cta.load(2756816, '267a419c-9a03-486f-b64e-79031dd7059a', {}); <\/script><\/span><!-- end HubSpot Call-to-Action Code --><!-- [et_pb_line_break_holder] -->  <!-- [et_pb_line_break_holder] --><\/div>\n<p>[\/et_pb_code][\/et_pb_column][\/et_pb_row][\/et_pb_section][et_pb_section fb_built=\u00a0\u00bb1&Prime; _builder_version=\u00a0\u00bb3.29.3&Prime; fb_built=\u00a0\u00bb1&Prime; bb_built=\u00a0\u00bb1&Prime; _i=\u00a0\u00bb2&Prime; _address=\u00a0\u00bb2&Prime;][et_pb_row custom_padding_last_edited=\u00a0\u00bbon|desktop\u00a0\u00bb _builder_version=\u00a0\u00bb3.25&Prime; custom_padding=\u00a0\u00bb|110px||110px\u00a0\u00bb custom_padding_phone=\u00a0\u00bb|10px||10px\u00a0\u00bb _i=\u00a0\u00bb0&Prime; _address=\u00a0\u00bb2.0&Prime;][et_pb_column type=\u00a0\u00bb4_4&Prime; _builder_version=\u00a0\u00bb3.25&Prime; custom_padding=\u00a0\u00bb|||\u00a0\u00bb _i=\u00a0\u00bb0&Prime; _address=\u00a0\u00bb2.0.0&Prime; custom_padding__hover=\u00a0\u00bb|||\u00a0\u00bb][et_pb_text admin_label=\u00a0\u00bbForm Title\u00a0\u00bb _builder_version=\u00a0\u00bb3.27.4&Prime; text_font=\u00a0\u00bbArial||||||||\u00a0\u00bb text_text_color=\u00a0\u00bb#1a1a1a\u00a0\u00bb header_font=\u00a0\u00bbArial|800||on|||||\u00a0\u00bb header_text_align=\u00a0\u00bbcenter\u00a0\u00bb header_font_size=\u00a0\u00bb55px\u00a0\u00bb header_line_height=\u00a0\u00bb1.3em\u00a0\u00bb header_2_font=\u00a0\u00bbArial|800|||||||\u00a0\u00bb header_2_text_color=\u00a0\u00bb#e31f26&Prime; text_orientation=\u00a0\u00bbcenter\u00a0\u00bb custom_margin=\u00a0\u00bb|||\u00a0\u00bb custom_padding=\u00a0\u00bb|||\u00a0\u00bb animation_style=\u00a0\u00bbslide\u00a0\u00bb animation_direction=\u00a0\u00bbtop\u00a0\u00bb animation_intensity_slide=\u00a0\u00bb10%\u00a0\u00bb _i=\u00a0\u00bb0&Prime; _address=\u00a0\u00bb2.0.0.0&Prime;]<\/p>\n<h2 style=\"text-align: center;\">Vous avez besoin d\u2019aide avec votre directive?<br \/>\nNous sommes l\u00e0.<\/h2>\n<p>[\/et_pb_text][et_pb_text admin_label=\u00a0\u00bbForm\u00a0\u00bb module_id=\u00a0\u00bbform\u00a0\u00bb _builder_version=\u00a0\u00bb3.27.4&Prime; _i=\u00a0\u00bb1&Prime; _address=\u00a0\u00bb2.0.0.1&Prime;]<!--[if lte IE 8]>\n<script charset=\"utf-8\" type=\"text\/javascript\" src=\"\/\/js.hsforms.net\/forms\/v2-legacy.js\"><\/script>\n<![endif]--><br \/>\n<script charset=\"utf-8\" type=\"text\/javascript\" src=\"\/\/js.hsforms.net\/forms\/v2.js\"><\/script><br \/>\n<script>\n  hbspt.forms.create({\n\tportalId: \"2756816\",\n\tformId: \"0700f6f1-3f07-452e-ad32-c042c9b3c042\"\n});\n<\/script><br \/>\n[\/et_pb_text][\/et_pb_column][\/et_pb_row][\/et_pb_section]<\/p>\n","protected":false},"excerpt":{"rendered":"<p>Votre directive sur les voyages est le pilier de votre programme de voyages V\u00e9ritable pierre angulaire de votre programme, votre directive sur les voyages vous aide \u00e0 assurer l\u2019encadrement n\u00e9cessaire aupr\u00e8s des voyageurs de votre organisation tout en tenant compte des besoins et des pr\u00e9f\u00e9rences de ces derniers. Une directive efficace est l\u2019\u00e9l\u00e9ment essentiel pour [&hellip;]<\/p>\n","protected":false},"author":1,"featured_media":0,"parent":0,"menu_order":0,"comment_status":"closed","ping_status":"closed","template":"","meta":{"_et_pb_use_builder":"on","_et_pb_old_content":"","_et_gb_content_width":"","content-type":"","footnotes":""},"class_list":["post-28667","page","type-page","status-publish","hentry"],"_links":{"self":[{"href":"https:\/\/www.dt.com\/fr-ca\/ca\/en-ca\/?rest_route=\/wp\/v2\/pages\/28667","targetHints":{"allow":["GET"]}}],"collection":[{"href":"https:\/\/www.dt.com\/fr-ca\/ca\/en-ca\/?rest_route=\/wp\/v2\/pages"}],"about":[{"href":"https:\/\/www.dt.com\/fr-ca\/ca\/en-ca\/?rest_route=\/wp\/v2\/types\/page"}],"author":[{"embeddable":true,"href":"https:\/\/www.dt.com\/fr-ca\/ca\/en-ca\/?rest_route=\/wp\/v2\/users\/1"}],"replies":[{"embeddable":true,"href":"https:\/\/www.dt.com\/fr-ca\/ca\/en-ca\/?rest_route=%2Fwp%2Fv2%2Fcomments&post=28667"}],"version-history":[{"count":13,"href":"https:\/\/www.dt.com\/fr-ca\/ca\/en-ca\/?rest_route=\/wp\/v2\/pages\/28667\/revisions"}],"predecessor-version":[{"id":34354,"href":"https:\/\/www.dt.com\/fr-ca\/ca\/en-ca\/?rest_route=\/wp\/v2\/pages\/28667\/revisions\/34354"}],"wp:attachment":[{"href":"https:\/\/www.dt.com\/fr-ca\/ca\/en-ca\/?rest_route=%2Fwp%2Fv2%2Fmedia&parent=28667"}],"curies":[{"name":"wp","href":"https:\/\/api.w.org\/{rel}","templated":true}]}}