{"id":27619,"date":"2018-09-14T08:29:04","date_gmt":"2018-09-14T12:29:04","guid":{"rendered":"https:\/\/dt.com\/vision-24-2\/"},"modified":"2019-10-15T16:45:07","modified_gmt":"2019-10-15T20:45:07","slug":"service-apres-les-heures-douverture","status":"publish","type":"page","link":"https:\/\/www.dt.com\/fr-ca\/service-apres-les-heures-douverture\/","title":{"rendered":"Service apr\u00e8s les heures d&rsquo;ouverture"},"content":{"rendered":"\n[et_pb_section fb_built=\u00a0\u00bb1&Prime; fullwidth=\u00a0\u00bbon\u00a0\u00bb admin_label=\u00a0\u00bbsection\u00a0\u00bb _builder_version=\u00a0\u00bb3.22&Prime; fb_built=\u00a0\u00bb1&Prime; bb_built=\u00a0\u00bb1&Prime; _i=\u00a0\u00bb0&Prime; _address=\u00a0\u00bb0&Prime;][et_pb_fullwidth_header title=\u00a0\u00bbSERVICE offert apr\u00e8s lES HEURES D\u2019OUVERTURE ET EN CAS D\u2019URGENCE \u00a0\u00bb text_orientation=\u00a0\u00bbcenter\u00a0\u00bb header_fullscreen=\u00a0\u00bbon\u00a0\u00bb header_scroll_down=\u00a0\u00bbon\u00a0\u00bb scroll_down_icon_color=\u00a0\u00bbrgba(255,255,255,0.63)\u00a0\u00bb background_overlay_color=\u00a0\u00bbrgba(0,0,0,0.36)\u00a0\u00bb admin_label=\u00a0\u00bbHero\u00a0\u00bb _builder_version=\u00a0\u00bb3.16&Prime; title_font=\u00a0\u00bbArial|800||on|||||\u00a0\u00bb title_text_align=\u00a0\u00bbcenter\u00a0\u00bb title_text_color=\u00a0\u00bb#ffffff\u00a0\u00bb title_font_size=\u00a0\u00bb60px\u00a0\u00bb title_line_height=\u00a0\u00bb1.1em\u00a0\u00bb content_font=\u00a0\u00bbRoboto||||\u00a0\u00bb content_font_size=\u00a0\u00bb20px\u00a0\u00bb content_line_height=\u00a0\u00bb1.7em\u00a0\u00bb background_color=\u00a0\u00bbrgba(255, 255, 255, 0)\u00a0\u00bb background_image=\u00a0\u00bbhttps:\/\/dt.com\/ca\/wp-content\/uploads\/2018\/07\/Vision-24.jpg\u00a0\u00bb custom_button_one=\u00a0\u00bbon\u00a0\u00bb button_one_border_radius=\u00a0\u00bb0px\u00a0\u00bb button_one_letter_spacing=\u00a0\u00bb4px\u00a0\u00bb button_one_font=\u00a0\u00bbOswald|on||on|\u00a0\u00bb button_one_icon=\u00a0\u00bb%%3%%\u00a0\u00bb button_one_icon_color=\u00a0\u00bb#ffffff\u00a0\u00bb max_width_tablet=\u00a0\u00bb50px\u00a0\u00bb animation_direction=\u00a0\u00bbbottom\u00a0\u00bb title_font_size_phone=\u00a0\u00bb40px\u00a0\u00bb title_font_size_last_edited=\u00a0\u00bbon|phone\u00a0\u00bb title_text_shadow_style=\u00a0\u00bbpreset1&Prime; title_text_shadow_vertical_length=\u00a0\u00bb0.05em\u00a0\u00bb title_text_shadow_color=\u00a0\u00bbrgba(0,0,0,0.66)\u00a0\u00bb button_one_text_color_hover=\u00a0\u00bb#ffffff\u00a0\u00bb button_one_border_color_hover=\u00a0\u00bb#ffffff\u00a0\u00bb button_one_border_radius_hover=\u00a0\u00bb0px\u00a0\u00bb button_one_letter_spacing_hover=\u00a0\u00bb4px\u00a0\u00bb button_one_bg_color_hover=\u00a0\u00bbrgba(0,0,0,0)\u00a0\u00bb saved_tabs=\u00a0\u00bball\u00a0\u00bb _i=\u00a0\u00bb0&Prime; _address=\u00a0\u00bb0.0&Prime; button_one_text_size__hover_enabled=\u00a0\u00bboff\u00a0\u00bb button_two_text_size__hover_enabled=\u00a0\u00bboff\u00a0\u00bb button_one_text_color__hover_enabled=\u00a0\u00bbon\u00a0\u00bb button_one_text_color__hover=\u00a0\u00bb#ffffff\u00a0\u00bb button_two_text_color__hover_enabled=\u00a0\u00bboff\u00a0\u00bb button_one_border_width__hover_enabled=\u00a0\u00bboff\u00a0\u00bb button_two_border_width__hover_enabled=\u00a0\u00bboff\u00a0\u00bb button_one_border_color__hover_enabled=\u00a0\u00bbon\u00a0\u00bb button_one_border_color__hover=\u00a0\u00bb#ffffff\u00a0\u00bb button_two_border_color__hover_enabled=\u00a0\u00bboff\u00a0\u00bb button_one_border_radius__hover_enabled=\u00a0\u00bbon\u00a0\u00bb button_one_border_radius__hover=\u00a0\u00bb0px\u00a0\u00bb button_two_border_radius__hover_enabled=\u00a0\u00bboff\u00a0\u00bb button_one_letter_spacing__hover_enabled=\u00a0\u00bbon\u00a0\u00bb button_one_letter_spacing__hover=\u00a0\u00bb4px\u00a0\u00bb button_two_letter_spacing__hover_enabled=\u00a0\u00bboff\u00a0\u00bb button_one_bg_color__hover_enabled=\u00a0\u00bbon\u00a0\u00bb button_one_bg_color__hover=\u00a0\u00bbrgba(0,0,0,0)\u00a0\u00bb button_two_bg_color__hover_enabled=\u00a0\u00bboff\u00a0\u00bb][\/et_pb_fullwidth_header][\/et_pb_section][et_pb_section fb_built=\u00a0\u00bb1&Prime; custom_padding_last_edited=\u00a0\u00bbon|desktop\u00a0\u00bb _builder_version=\u00a0\u00bb3.22&Prime; background_color=\u00a0\u00bb#f5f5f5&Prime; custom_padding_tablet=\u00a0\u00bb50px|0|50px|0&Prime; fb_built=\u00a0\u00bb1&Prime; bb_built=\u00a0\u00bb1&Prime; _i=\u00a0\u00bb1&Prime; _address=\u00a0\u00bb1&Prime;][et_pb_row custom_padding_last_edited=\u00a0\u00bbon|desktop\u00a0\u00bb _builder_version=\u00a0\u00bb3.25&Prime; custom_padding=\u00a0\u00bb|150px||150px\u00a0\u00bb custom_padding_phone=\u00a0\u00bb|10px||10px\u00a0\u00bb _i=\u00a0\u00bb0&Prime; _address=\u00a0\u00bb1.0&Prime;][et_pb_column type=\u00a0\u00bb4_4&Prime; _builder_version=\u00a0\u00bb3.25&Prime; custom_padding=\u00a0\u00bb|||\u00a0\u00bb _i=\u00a0\u00bb0&Prime; _address=\u00a0\u00bb1.0.0&Prime; custom_padding__hover=\u00a0\u00bb|||\u00a0\u00bb][et_pb_text admin_label=\u00a0\u00bbTitle\u00a0\u00bb _builder_version=\u00a0\u00bb3.27.4&Prime; text_font=\u00a0\u00bbArial||||||||\u00a0\u00bb text_text_color=\u00a0\u00bb#1a1a1a\u00a0\u00bb text_font_size=\u00a0\u00bb16px\u00a0\u00bb header_font=\u00a0\u00bbArial|800||on|||||\u00a0\u00bb header_text_align=\u00a0\u00bbcenter\u00a0\u00bb header_font_size=\u00a0\u00bb55px\u00a0\u00bb header_line_height=\u00a0\u00bb1.3em\u00a0\u00bb header_2_font=\u00a0\u00bbArial|800|||||||\u00a0\u00bb header_2_text_color=\u00a0\u00bb#e31d1a\u00a0\u00bb text_orientation=\u00a0\u00bbcenter\u00a0\u00bb custom_margin=\u00a0\u00bb|||\u00a0\u00bb custom_padding=\u00a0\u00bb|||\u00a0\u00bb animation_style=\u00a0\u00bbslide\u00a0\u00bb animation_direction=\u00a0\u00bbtop\u00a0\u00bb animation_intensity_slide=\u00a0\u00bb10%\u00a0\u00bb locked=\u00a0\u00bboff\u00a0\u00bb _i=\u00a0\u00bb0&Prime; _address=\u00a0\u00bb1.0.0.0&Prime;]<h2>Un service offert apr\u00e8s les heures d\u2019ouverture<br \/> et en cas d\u2019urgence pour soutenir vos voyageurs<br \/> en tout temps<\/h2>[\/et_pb_text][et_pb_text admin_label=\u00a0\u00bbBody Copy\u00a0\u00bb _builder_version=\u00a0\u00bb3.29.3&Prime; text_font=\u00a0\u00bbArial||||||||\u00a0\u00bb text_font_size=\u00a0\u00bb16px\u00a0\u00bb text_line_height=\u00a0\u00bb1.9em\u00a0\u00bb text_orientation=\u00a0\u00bbcenter\u00a0\u00bb animation_style=\u00a0\u00bbslide\u00a0\u00bb animation_direction=\u00a0\u00bbtop\u00a0\u00bb animation_intensity_slide=\u00a0\u00bb4%\u00a0\u00bb hover_enabled=\u00a0\u00bb0&Prime; locked=\u00a0\u00bboff\u00a0\u00bb _i=\u00a0\u00bb1&Prime; _address=\u00a0\u00bb1.0.0.1&Prime;]<div class=\"page\">\n<div class=\"layoutArea\">\n<div class=\"column\">\n\nPuisque le monde se fait de plus en plus petit, les voyageurs d\u2019affaires peuvent \u00eatre amen\u00e9s \u00e0 se rendre n\u2019importe o\u00f9, n\u2019importe quand. C\u2019est pour cette raison qu\u2019il est encore plus n\u00e9cessaire qu\u2019auparavant pour eux d\u2019avoir acc\u00e8s \u00e0 des services personnalis\u00e9s en mati\u00e8re de voyages d\u2019affaires, et ce, en tout temps. Que votre vol soit annul\u00e9, que vos plans soient modifi\u00e9s \u00e0 la derni\u00e8re minute ou que vous ayez tout simplement une question au sujet de votre itin\u00e9raire de voyage, vous serez toujours en mesure de nous joindre gr\u00e2ce \u00e0 notre service offert apr\u00e8s les heures d&rsquo;ouverture. \u00c0 tout moment de la journ\u00e9e, nous nous assurerons que vous arrivez \u00e0 destination\n\nGr\u00e2ce \u00e0 notre service offert apr\u00e8s les heures d&rsquo;ouverture, nos experts du voyage d\u2019affaires sont l\u00e0 pour vous si vous avez besoin de leur aide, peu importe l\u2019heure qu\u2019il est ou l&rsquo;endroit o\u00f9 vous vous trouvez.\n\n<\/div>\n<\/div>\n<\/div>[\/et_pb_text][\/et_pb_column][\/et_pb_row][\/et_pb_section][et_pb_section fb_built=\u00a0\u00bb1&Prime; _builder_version=\u00a0\u00bb3.22&Prime; fb_built=\u00a0\u00bb1&Prime; bb_built=\u00a0\u00bb1&Prime; _i=\u00a0\u00bb2&Prime; _address=\u00a0\u00bb2&Prime;][et_pb_row custom_padding_last_edited=\u00a0\u00bbon|desktop\u00a0\u00bb _builder_version=\u00a0\u00bb3.25&Prime; custom_padding=\u00a0\u00bb|110px||110px\u00a0\u00bb custom_padding_phone=\u00a0\u00bb|10px||10px\u00a0\u00bb _i=\u00a0\u00bb0&Prime; _address=\u00a0\u00bb2.0&Prime;][et_pb_column type=\u00a0\u00bb4_4&Prime; _builder_version=\u00a0\u00bb3.25&Prime; custom_padding=\u00a0\u00bb|||\u00a0\u00bb _i=\u00a0\u00bb0&Prime; _address=\u00a0\u00bb2.0.0&Prime; custom_padding__hover=\u00a0\u00bb|||\u00a0\u00bb][et_pb_text admin_label=\u00a0\u00bbForm Title\u00a0\u00bb _builder_version=\u00a0\u00bb3.27.4&Prime; text_font=\u00a0\u00bbArial||||||||\u00a0\u00bb text_text_color=\u00a0\u00bb#1a1a1a\u00a0\u00bb text_font_size=\u00a0\u00bb16px\u00a0\u00bb header_font=\u00a0\u00bbArial|800||on|||||\u00a0\u00bb header_text_align=\u00a0\u00bbcenter\u00a0\u00bb header_font_size=\u00a0\u00bb55px\u00a0\u00bb header_line_height=\u00a0\u00bb1.3em\u00a0\u00bb header_2_font=\u00a0\u00bbArial|800|||||||\u00a0\u00bb header_2_text_color=\u00a0\u00bb#e31d1a\u00a0\u00bb text_orientation=\u00a0\u00bbcenter\u00a0\u00bb custom_margin=\u00a0\u00bb|||\u00a0\u00bb custom_padding=\u00a0\u00bb|||\u00a0\u00bb animation_style=\u00a0\u00bbslide\u00a0\u00bb animation_direction=\u00a0\u00bbtop\u00a0\u00bb animation_intensity_slide=\u00a0\u00bb10%\u00a0\u00bb _i=\u00a0\u00bb0&Prime; _address=\u00a0\u00bb2.0.0.0&Prime;]<h2 style=\"text-align: center;\">Des questions? Contactez-nous!<\/h2>\r[\/et_pb_text][et_pb_text admin_label=\u00a0\u00bbForm\u00a0\u00bb _builder_version=\u00a0\u00bb3.27.4&Prime; _i=\u00a0\u00bb1&Prime; _address=\u00a0\u00bb2.0.0.1&Prime;]<!--[if lte IE 8]>\r\n<script charset=\"utf-8\" type=\"text\/javascript\" src=\"\/\/js.hsforms.net\/forms\/v2-legacy.js\"><\/script>\r\n<![endif]-->\r\n<script charset=\"utf-8\" type=\"text\/javascript\" src=\"\/\/js.hsforms.net\/forms\/v2.js\"><\/script>\r\n<script>\r\n  hbspt.forms.create({\r\n\tportalId: \"2756816\",\r\n\tformId: \"0700f6f1-3f07-452e-ad32-c042c9b3c042\"\r\n});\r\n<\/script>\r[\/et_pb_text][\/et_pb_column][\/et_pb_row][\/et_pb_section]\n","protected":false},"excerpt":{"rendered":"<p>Un service offert apr\u00e8s les heures d\u2019ouverture et en cas d\u2019urgence pour soutenir vos voyageurs en tout temps Puisque le monde se fait de plus en plus petit, les voyageurs d\u2019affaires peuvent \u00eatre amen\u00e9s \u00e0 se rendre n\u2019importe o\u00f9, n\u2019importe quand. C\u2019est pour cette raison qu\u2019il est encore plus n\u00e9cessaire qu\u2019auparavant pour eux d\u2019avoir acc\u00e8s [&hellip;]<\/p>\n","protected":false},"author":1,"featured_media":0,"parent":0,"menu_order":0,"comment_status":"closed","ping_status":"closed","template":"","meta":{"_et_pb_use_builder":"on","_et_pb_old_content":"","_et_gb_content_width":"","content-type":"","footnotes":""},"class_list":["post-27619","page","type-page","status-publish","hentry"],"_links":{"self":[{"href":"https:\/\/www.dt.com\/fr-ca\/ca\/en-ca\/?rest_route=\/wp\/v2\/pages\/27619","targetHints":{"allow":["GET"]}}],"collection":[{"href":"https:\/\/www.dt.com\/fr-ca\/ca\/en-ca\/?rest_route=\/wp\/v2\/pages"}],"about":[{"href":"https:\/\/www.dt.com\/fr-ca\/ca\/en-ca\/?rest_route=\/wp\/v2\/types\/page"}],"author":[{"embeddable":true,"href":"https:\/\/www.dt.com\/fr-ca\/ca\/en-ca\/?rest_route=\/wp\/v2\/users\/1"}],"replies":[{"embeddable":true,"href":"https:\/\/www.dt.com\/fr-ca\/ca\/en-ca\/?rest_route=%2Fwp%2Fv2%2Fcomments&post=27619"}],"version-history":[{"count":8,"href":"https:\/\/www.dt.com\/fr-ca\/ca\/en-ca\/?rest_route=\/wp\/v2\/pages\/27619\/revisions"}],"predecessor-version":[{"id":34106,"href":"https:\/\/www.dt.com\/fr-ca\/ca\/en-ca\/?rest_route=\/wp\/v2\/pages\/27619\/revisions\/34106"}],"wp:attachment":[{"href":"https:\/\/www.dt.com\/fr-ca\/ca\/en-ca\/?rest_route=%2Fwp%2Fv2%2Fmedia&parent=27619"}],"curies":[{"name":"wp","href":"https:\/\/api.w.org\/{rel}","templated":true}]}}