{"id":27600,"date":"2018-09-14T06:16:29","date_gmt":"2018-09-14T10:16:29","guid":{"rendered":"https:\/\/dt.com\/outils-de-reservation-en-ligne\/"},"modified":"2019-10-15T16:39:42","modified_gmt":"2019-10-15T20:39:42","slug":"outils-de-reservation-en-ligne","status":"publish","type":"page","link":"https:\/\/www.dt.com\/fr-ca\/outils-de-reservation-en-ligne\/","title":{"rendered":"Outils de r\u00e9servation en ligne"},"content":{"rendered":"\n\n\n[et_pb_section bb_built=\u00a0\u00bb1&Prime; admin_label=\u00a0\u00bbsection\u00a0\u00bb fullwidth=\u00a0\u00bbon\u00a0\u00bb specialty=\u00a0\u00bboff\u00a0\u00bb _builder_version=\u00a0\u00bb3.0.72&Prime; next_background_color=\u00a0\u00bb#ffffff\u00a0\u00bb background_color=\u00a0\u00bb#2ea3f2&Prime;][et_pb_fullwidth_header admin_label=\u00a0\u00bbHero\u00a0\u00bb header_fullscreen=\u00a0\u00bbon\u00a0\u00bb background_overlay_color=\u00a0\u00bbrgba(0,0,0,0.36)\u00a0\u00bb content_max_width=\u00a0\u00bb700px\u00a0\u00bb _builder_version=\u00a0\u00bb3.9&Prime; title_font=\u00a0\u00bbArial|800||on|||||\u00a0\u00bb title_font_size=\u00a0\u00bb60px\u00a0\u00bb title_line_height=\u00a0\u00bb1.1em\u00a0\u00bb content_font=\u00a0\u00bbRoboto||||\u00a0\u00bb content_font_size=\u00a0\u00bb20px\u00a0\u00bb content_line_height=\u00a0\u00bb1.7em\u00a0\u00bb background_image=\u00a0\u00bbhttps:\/\/dt.com\/ca\/wp-content\/uploads\/2018\/06\/OBT.jpg\u00a0\u00bb parallax_method=\u00a0\u00bbon\u00a0\u00bb custom_button_one=\u00a0\u00bbon\u00a0\u00bb button_one_border_radius=\u00a0\u00bb0px\u00a0\u00bb button_one_letter_spacing=\u00a0\u00bb4px\u00a0\u00bb button_one_font=\u00a0\u00bbOswald|on||on|\u00a0\u00bb button_one_icon=\u00a0\u00bb%%3%%\u00a0\u00bb button_one_icon_color=\u00a0\u00bb#ffffff\u00a0\u00bb button_one_text_color_hover=\u00a0\u00bb#ffffff\u00a0\u00bb button_one_bg_color_hover=\u00a0\u00bbrgba(0,0,0,0)\u00a0\u00bb button_one_border_color_hover=\u00a0\u00bb#ffffff\u00a0\u00bb button_one_border_radius_hover=\u00a0\u00bb0px\u00a0\u00bb button_one_letter_spacing_hover=\u00a0\u00bb4px\u00a0\u00bb animation_direction=\u00a0\u00bbbottom\u00a0\u00bb animation_intensity_zoom=\u00a0\u00bb4%\u00a0\u00bb header_scroll_down=\u00a0\u00bbon\u00a0\u00bb title_text_align=\u00a0\u00bbcenter\u00a0\u00bb title_text_color=\u00a0\u00bb#ffffff\u00a0\u00bb title=\u00a0\u00bbOutils de r\u00e9servation en ligne\u00a0\u00bb title_text_shadow_style=\u00a0\u00bbpreset1&Prime; title_text_shadow_vertical_length=\u00a0\u00bb0.05em\u00a0\u00bb background_position=\u00a0\u00bbbottom_center\u00a0\u00bb saved_tabs=\u00a0\u00bball\u00a0\u00bb title_text_shadow_color=\u00a0\u00bbrgba(0,0,0,0.66)\u00a0\u00bb text_orientation=\u00a0\u00bbcenter\u00a0\u00bb title_font_size_phone=\u00a0\u00bb40px\u00a0\u00bb title_font_size_last_edited=\u00a0\u00bbon|phone\u00a0\u00bb background_color=\u00a0\u00bbrgba(255, 255, 255, 0)\u00a0\u00bb scroll_down_icon_color=\u00a0\u00bbrgba(255,255,255,0.63)\u00a0\u00bb \/][\/et_pb_section][et_pb_section bb_built=\u00a0\u00bb1&Prime; fullwidth=\u00a0\u00bboff\u00a0\u00bb specialty=\u00a0\u00bboff\u00a0\u00bb prev_background_color=\u00a0\u00bb#2ea3f2&Prime; next_background_color=\u00a0\u00bb#f5f5f5&Prime;][et_pb_row _builder_version=\u00a0\u00bb3.9&Prime; custom_padding=\u00a0\u00bb|150px||150px\u00a0\u00bb custom_padding_phone=\u00a0\u00bb|10px||10px\u00a0\u00bb custom_padding_last_edited=\u00a0\u00bbon|desktop\u00a0\u00bb background_position=\u00a0\u00bbtop_left\u00a0\u00bb background_repeat=\u00a0\u00bbrepeat\u00a0\u00bb background_size=\u00a0\u00bbinitial\u00a0\u00bb][et_pb_column type=\u00a0\u00bb4_4&Prime;][et_pb_text admin_label=\u00a0\u00bbTitle\u00a0\u00bb _builder_version=\u00a0\u00bb3.9&Prime; text_font=\u00a0\u00bbArial||||||||\u00a0\u00bb text_text_color=\u00a0\u00bb#1a1a1a\u00a0\u00bb header_font=\u00a0\u00bbArial|800||on|||||\u00a0\u00bb header_text_align=\u00a0\u00bbcenter\u00a0\u00bb header_font_size=\u00a0\u00bb55px\u00a0\u00bb header_line_height=\u00a0\u00bb1.3em\u00a0\u00bb custom_margin=\u00a0\u00bb|||\u00a0\u00bb custom_padding=\u00a0\u00bb|||\u00a0\u00bb animation_style=\u00a0\u00bbslide\u00a0\u00bb animation_direction=\u00a0\u00bbtop\u00a0\u00bb animation_intensity_slide=\u00a0\u00bb10%\u00a0\u00bb locked=\u00a0\u00bboff\u00a0\u00bb header_2_font=\u00a0\u00bbArial|800|||||||\u00a0\u00bb text_font_size=\u00a0\u00bb16px\u00a0\u00bb header_2_text_color=\u00a0\u00bb#e31d1a\u00a0\u00bb text_orientation=\u00a0\u00bbcenter\u00a0\u00bb]\r\n\r\n<h2>G\u00e9rez vos voyages d\u2019affaires avec aisance gr\u00e2ce \u00e0 votre outil de r\u00e9servation en ligne.<\/h2>\r\n\r\n[\/et_pb_text][et_pb_text admin_label=\u00a0\u00bbBody Copy\u00a0\u00bb _builder_version=\u00a0\u00bb3.9&Prime; text_font=\u00a0\u00bbArial||||||||\u00a0\u00bb text_font_size=\u00a0\u00bb16px\u00a0\u00bb text_line_height=\u00a0\u00bb1.9em\u00a0\u00bb animation_style=\u00a0\u00bbslide\u00a0\u00bb animation_direction=\u00a0\u00bbtop\u00a0\u00bb animation_intensity_slide=\u00a0\u00bb4%\u00a0\u00bb locked=\u00a0\u00bboff\u00a0\u00bb text_orientation=\u00a0\u00bbcenter\u00a0\u00bb]\r\n\r\n<div class=\"page\" title=\"Page 6\">\r\n<div class=\"layoutArea\">\r\n<div class=\"column\">\r\n<p>Les outils de r\u00e9servation en ligne permettent \u00e0 vos employ\u00e9s d\u2019am\u00e9liorer leur exp\u00e9rience de voyage d\u2019affaires en leur donnant la possibilit\u00e9 d\u2019organiser eux-m\u00eames des d\u00e9placements professionnels qui respectent les politiques et la directive sur les voyages \u00e9tablies par votre entreprise. Avoir recours \u00e0 un outil de r\u00e9servation en ligne fera aussi \u00e9conomiser temps et argent \u00e0 votre entreprise puisqu\u2019elle aura instantan\u00e9ment acc\u00e8s aux taux et tarifs publi\u00e9s les plus avantageux.<\/p>\r\n<p>Nous proposons \u00e0 nos clients une gamme d\u2019outils de r\u00e9servation de voyages s\u00e9curitaires et accessibles sur le Web qui permettent aux employ\u00e9s d\u2019effectuer, directement sur leur ordinateur, leurs r\u00e9servations rapidement, et ce, en respectant la directive sur les voyages de leur entreprise.<\/p>\r\n<\/div>\r\n<\/div>\r\n<\/div>\r\n\r\n[\/et_pb_text][\/et_pb_column][\/et_pb_row][\/et_pb_section][et_pb_section bb_built=\u00a0\u00bb1&Prime; fullwidth=\u00a0\u00bboff\u00a0\u00bb specialty=\u00a0\u00bboff\u00a0\u00bb prev_background_color=\u00a0\u00bb#ffffff\u00a0\u00bb next_background_color=\u00a0\u00bb#ffffff\u00a0\u00bb _builder_version=\u00a0\u00bb3.0.106&Prime; background_color=\u00a0\u00bb#f5f5f5&Prime;][et_pb_row _builder_version=\u00a0\u00bb3.9&Prime; custom_padding=\u00a0\u00bb|170px||170px\u00a0\u00bb custom_padding_phone=\u00a0\u00bb|10px||10px\u00a0\u00bb custom_padding_last_edited=\u00a0\u00bbon|desktop\u00a0\u00bb][et_pb_column type=\u00a0\u00bb4_4&Prime;][et_pb_text _builder_version=\u00a0\u00bb3.9&Prime; text_font_size=\u00a0\u00bb16px\u00a0\u00bb]\r\n\r\n<h3><strong>Votre outil de r\u00e9servation en ligne vous offre:<\/strong><\/h3>\r\n<p>\u00a0<\/p>\r\n<ul>\r\n<li>Une interface simple et conviviale<\/li>\r\n<li> Un environnement contr\u00f4l\u00e9 pour les r\u00e9servations de vols, de chambres d\u2019h\u00f4tel et de voitures de location<\/li>\r\n<li>Un acc\u00e8s \u00e0 tous les taux et \u00e0 tous les tarifs publi\u00e9s des fournisseurs de l\u2019industrie<\/li>\r\n<li>Des outils de recherche \u00e0 consulter avant la r\u00e9servation<\/li>\r\n<li>La capacit\u00e9, pour les organisateurs de voyages d\u2019affaires, d\u2019effectuer des r\u00e9servations pour plusieurs voyageurs<\/li>\r\n<li>Une seule connexion \u00e0 partir de votre portail Vision Links<\/li>\r\n<li>Des r\u00e9servations aupr\u00e8s de vos fournisseurs privil\u00e9gi\u00e9s qui respectent la directive sur les voyages de votre entreprise<\/li>\r\n<li>Des notifications en cas de billets non utilis\u00e9s<\/li>\r\n<li>Des mod\u00e8les de voyages \u00e0 sauvegarder en vue de r\u00e9servations futures<\/li>\r\n<\/ul>\r\n\r\n[\/et_pb_text][\/et_pb_column][\/et_pb_row][\/et_pb_section][et_pb_section bb_built=\u00a0\u00bb1&Prime; fullwidth=\u00a0\u00bboff\u00a0\u00bb specialty=\u00a0\u00bboff\u00a0\u00bb prev_background_color=\u00a0\u00bb#f5f5f5&Prime;][et_pb_row _builder_version=\u00a0\u00bb3.0.106&Prime; custom_padding=\u00a0\u00bb|110px||110px\u00a0\u00bb custom_padding_phone=\u00a0\u00bb|10px||10px\u00a0\u00bb custom_padding_last_edited=\u00a0\u00bbon|desktop\u00a0\u00bb][et_pb_column type=\u00a0\u00bb4_4&Prime;][et_pb_text admin_label=\u00a0\u00bbForm Title\u00a0\u00bb _builder_version=\u00a0\u00bb3.9&Prime; text_font=\u00a0\u00bbArial||||||||\u00a0\u00bb text_text_color=\u00a0\u00bb#1a1a1a\u00a0\u00bb header_font=\u00a0\u00bbArial|800||on|||||\u00a0\u00bb header_text_align=\u00a0\u00bbcenter\u00a0\u00bb header_font_size=\u00a0\u00bb55px\u00a0\u00bb header_line_height=\u00a0\u00bb1.3em\u00a0\u00bb custom_margin=\u00a0\u00bb|||\u00a0\u00bb custom_padding=\u00a0\u00bb|||\u00a0\u00bb animation_style=\u00a0\u00bbslide\u00a0\u00bb animation_direction=\u00a0\u00bbtop\u00a0\u00bb animation_intensity_slide=\u00a0\u00bb10%\u00a0\u00bb header_2_font=\u00a0\u00bbArial|800|||||||\u00a0\u00bb text_font_size=\u00a0\u00bb16px\u00a0\u00bb header_2_text_color=\u00a0\u00bb#e31d1a\u00a0\u00bb text_orientation=\u00a0\u00bbcenter\u00a0\u00bb]\r\n\r\n<h2 style=\"text-align: center;\">Des questions sur nos outils de r\u00e9servation en ligne? \r\nContactez-nous!\r\n<\/h2>\r\n\r\n[\/et_pb_text][et_pb_text admin_label=\u00a0\u00bbForm\u00a0\u00bb _builder_version=\u00a0\u00bb3.17.2&Prime;]\r\n\r\n<!--[if lte IE 8]>\r\n<script charset=\"utf-8\" type=\"text\/javascript\" src=\"\/\/js.hsforms.net\/forms\/v2-legacy.js\"><\/script>\r\n<![endif]-->\r\n<script charset=\"utf-8\" type=\"text\/javascript\" src=\"\/\/js.hsforms.net\/forms\/v2.js\"><\/script>\r\n<script>\r\n  hbspt.forms.create({\r\n\tportalId: \"2756816\",\r\n\tformId: \"0700f6f1-3f07-452e-ad32-c042c9b3c042\"\r\n});\r\n<\/script>\r\n\r\n[\/et_pb_text][\/et_pb_column][\/et_pb_row][\/et_pb_section]\n\n\n","protected":false},"excerpt":{"rendered":"<p>G\u00e9rez vos voyages d\u2019affaires avec aisance gr\u00e2ce \u00e0 votre outil de r\u00e9servation en ligne. Les outils de r\u00e9servation en ligne permettent \u00e0 vos employ\u00e9s d\u2019am\u00e9liorer leur exp\u00e9rience de voyage d\u2019affaires en leur donnant la possibilit\u00e9 d\u2019organiser eux-m\u00eames des d\u00e9placements professionnels qui respectent les politiques et la directive sur les voyages \u00e9tablies par votre entreprise. Avoir [&hellip;]<\/p>\n","protected":false},"author":1,"featured_media":0,"parent":0,"menu_order":0,"comment_status":"closed","ping_status":"closed","template":"","meta":{"_et_pb_use_builder":"on","_et_pb_old_content":"[et_pb_section bb_built=\"1\"][et_pb_row][\/et_pb_row][\/et_pb_section]","_et_gb_content_width":"","content-type":"","footnotes":""},"class_list":["post-27600","page","type-page","status-publish","hentry"],"_links":{"self":[{"href":"https:\/\/www.dt.com\/fr-ca\/ca\/en-ca\/?rest_route=\/wp\/v2\/pages\/27600","targetHints":{"allow":["GET"]}}],"collection":[{"href":"https:\/\/www.dt.com\/fr-ca\/ca\/en-ca\/?rest_route=\/wp\/v2\/pages"}],"about":[{"href":"https:\/\/www.dt.com\/fr-ca\/ca\/en-ca\/?rest_route=\/wp\/v2\/types\/page"}],"author":[{"embeddable":true,"href":"https:\/\/www.dt.com\/fr-ca\/ca\/en-ca\/?rest_route=\/wp\/v2\/users\/1"}],"replies":[{"embeddable":true,"href":"https:\/\/www.dt.com\/fr-ca\/ca\/en-ca\/?rest_route=%2Fwp%2Fv2%2Fcomments&post=27600"}],"version-history":[{"count":4,"href":"https:\/\/www.dt.com\/fr-ca\/ca\/en-ca\/?rest_route=\/wp\/v2\/pages\/27600\/revisions"}],"predecessor-version":[{"id":30996,"href":"https:\/\/www.dt.com\/fr-ca\/ca\/en-ca\/?rest_route=\/wp\/v2\/pages\/27600\/revisions\/30996"}],"wp:attachment":[{"href":"https:\/\/www.dt.com\/fr-ca\/ca\/en-ca\/?rest_route=%2Fwp%2Fv2%2Fmedia&parent=27600"}],"curies":[{"name":"wp","href":"https:\/\/api.w.org\/{rel}","templated":true}]}}