{"id":26469,"date":"2018-06-19T12:23:53","date_gmt":"2018-06-19T16:23:53","guid":{"rendered":"https:\/\/dt.com\/gestion-mondiale-des-voyages-daffaires\/"},"modified":"2019-10-15T16:33:34","modified_gmt":"2019-10-15T20:33:34","slug":"gestion-mondiale-des-voyages-daffaires","status":"publish","type":"page","link":"https:\/\/www.dt.com\/fr-ca\/gestion-mondiale-des-voyages-daffaires\/","title":{"rendered":"Gestion mondiale des voyages d&rsquo;affaires"},"content":{"rendered":"\n[et_pb_section fb_built=\u00a0\u00bb1&Prime; fullwidth=\u00a0\u00bbon\u00a0\u00bb admin_label=\u00a0\u00bbHero Section\u00a0\u00bb _builder_version=\u00a0\u00bb3.22&Prime; parallax=\u00a0\u00bbon\u00a0\u00bb custom_padding=\u00a0\u00bb0px|0px|0px|0px\u00a0\u00bb fb_built=\u00a0\u00bb1&Prime; bb_built=\u00a0\u00bb1&Prime; _i=\u00a0\u00bb0&Prime; _address=\u00a0\u00bb0&Prime;][et_pb_fullwidth_header title=\u00a0\u00bbGestion mondiale des voyages d&rsquo;affaires\u00a0\u00bb text_orientation=\u00a0\u00bbcenter\u00a0\u00bb header_fullscreen=\u00a0\u00bbon\u00a0\u00bb header_scroll_down=\u00a0\u00bbon\u00a0\u00bb scroll_down_icon_color=\u00a0\u00bbrgba(255,255,255,0.63)\u00a0\u00bb background_overlay_color=\u00a0\u00bbrgba(0,0,0,0.2)\u00a0\u00bb content_max_width=\u00a0\u00bb700px\u00a0\u00bb admin_label=\u00a0\u00bbHero\u00a0\u00bb _builder_version=\u00a0\u00bb3.29.3&Prime; title_font=\u00a0\u00bbArial|800||on|||||\u00a0\u00bb title_text_align=\u00a0\u00bbcenter\u00a0\u00bb title_text_color=\u00a0\u00bb#ffffff\u00a0\u00bb title_font_size=\u00a0\u00bb60px\u00a0\u00bb title_line_height=\u00a0\u00bb1.1em\u00a0\u00bb content_font=\u00a0\u00bbRoboto||||\u00a0\u00bb content_font_size=\u00a0\u00bb20px\u00a0\u00bb content_line_height=\u00a0\u00bb1.7em\u00a0\u00bb background_color=\u00a0\u00bbrgba(255, 255, 255, 0)\u00a0\u00bb background_image=\u00a0\u00bbhttps:\/\/www.dt.com\/ca\/wp-content\/uploads\/2018\/06\/Global-Business-Travel-Management.jpg\u00a0\u00bb background_position=\u00a0\u00bbtop_center\u00a0\u00bb custom_button_one=\u00a0\u00bbon\u00a0\u00bb button_one_border_radius=\u00a0\u00bb0px\u00a0\u00bb button_one_letter_spacing=\u00a0\u00bb4px\u00a0\u00bb button_one_font=\u00a0\u00bbOswald|on||on|\u00a0\u00bb button_one_icon=\u00a0\u00bb%%3%%\u00a0\u00bb button_one_icon_color=\u00a0\u00bb#ffffff\u00a0\u00bb min_height_phone=\u00a0\u00bb200px\u00a0\u00bb min_height_last_edited=\u00a0\u00bbon|phone\u00a0\u00bb animation_direction=\u00a0\u00bbbottom\u00a0\u00bb title_font_size_phone=\u00a0\u00bb40px\u00a0\u00bb title_font_size_last_edited=\u00a0\u00bbon|phone\u00a0\u00bb title_text_shadow_style=\u00a0\u00bbpreset1&Prime; title_text_shadow_vertical_length=\u00a0\u00bb0.05em\u00a0\u00bb button_one_text_color_hover=\u00a0\u00bb#ffffff\u00a0\u00bb button_one_border_color_hover=\u00a0\u00bb#ffffff\u00a0\u00bb button_one_border_radius_hover=\u00a0\u00bb0px\u00a0\u00bb button_one_letter_spacing_hover=\u00a0\u00bb4px\u00a0\u00bb button_one_bg_color_hover=\u00a0\u00bbrgba(0,0,0,0)\u00a0\u00bb _i=\u00a0\u00bb0&Prime; _address=\u00a0\u00bb0.0&Prime; button_one_text_size__hover_enabled=\u00a0\u00bboff\u00a0\u00bb button_two_text_size__hover_enabled=\u00a0\u00bboff\u00a0\u00bb button_one_text_color__hover_enabled=\u00a0\u00bbon\u00a0\u00bb button_one_text_color__hover=\u00a0\u00bb#ffffff\u00a0\u00bb button_two_text_color__hover_enabled=\u00a0\u00bboff\u00a0\u00bb button_one_border_width__hover_enabled=\u00a0\u00bboff\u00a0\u00bb button_two_border_width__hover_enabled=\u00a0\u00bboff\u00a0\u00bb button_one_border_color__hover_enabled=\u00a0\u00bbon\u00a0\u00bb button_one_border_color__hover=\u00a0\u00bb#ffffff\u00a0\u00bb button_two_border_color__hover_enabled=\u00a0\u00bboff\u00a0\u00bb button_one_border_radius__hover_enabled=\u00a0\u00bbon\u00a0\u00bb button_one_border_radius__hover=\u00a0\u00bb0px\u00a0\u00bb button_two_border_radius__hover_enabled=\u00a0\u00bboff\u00a0\u00bb button_one_letter_spacing__hover_enabled=\u00a0\u00bbon\u00a0\u00bb button_one_letter_spacing__hover=\u00a0\u00bb4px\u00a0\u00bb button_two_letter_spacing__hover_enabled=\u00a0\u00bboff\u00a0\u00bb button_one_bg_color__hover_enabled=\u00a0\u00bbon\u00a0\u00bb button_one_bg_color__hover=\u00a0\u00bbrgba(0,0,0,0)\u00a0\u00bb button_two_bg_color__hover_enabled=\u00a0\u00bboff\u00a0\u00bb][\/et_pb_fullwidth_header][\/et_pb_section][et_pb_section fb_built=\u00a0\u00bb1&Prime; _builder_version=\u00a0\u00bb3.22&Prime; background_color=\u00a0\u00bb#f5f5f5&Prime; fb_built=\u00a0\u00bb1&Prime; bb_built=\u00a0\u00bb1&Prime; _i=\u00a0\u00bb1&Prime; _address=\u00a0\u00bb1&Prime;][et_pb_row column_structure=\u00a0\u00bb1_3,2_3&Prime; custom_padding_last_edited=\u00a0\u00bbon|phone\u00a0\u00bb module_class=\u00a0\u00bb et_pb_row_fullwidth\u00a0\u00bb _builder_version=\u00a0\u00bb3.25&Prime; width=\u00a0\u00bb89%\u00a0\u00bb width_tablet=\u00a0\u00bb80%\u00a0\u00bb width_last_edited=\u00a0\u00bbon|desktop\u00a0\u00bb max_width=\u00a0\u00bb89%\u00a0\u00bb max_width_tablet=\u00a0\u00bb80%\u00a0\u00bb max_width_last_edited=\u00a0\u00bbon|desktop\u00a0\u00bb custom_padding=\u00a0\u00bb|75px||75px\u00a0\u00bb custom_padding_phone=\u00a0\u00bb|5px||5px\u00a0\u00bb make_fullwidth=\u00a0\u00bbon\u00a0\u00bb _i=\u00a0\u00bb0&Prime; _address=\u00a0\u00bb1.0&Prime;][et_pb_column type=\u00a0\u00bb1_3&Prime; _builder_version=\u00a0\u00bb3.25&Prime; custom_padding=\u00a0\u00bb|||\u00a0\u00bb _i=\u00a0\u00bb0&Prime; _address=\u00a0\u00bb1.0.0&Prime; custom_padding__hover=\u00a0\u00bb|||\u00a0\u00bb][et_pb_image src=\u00a0\u00bbhttps:\/\/www.dt.com\/ca\/wp-content\/uploads\/2018\/06\/Direct-ATPI-Logo.png\u00a0\u00bb align_tablet=\u00a0\u00bbcenter\u00a0\u00bb align_last_edited=\u00a0\u00bbon|desktop\u00a0\u00bb _builder_version=\u00a0\u00bb3.23&Prime; always_center_on_mobile=\u00a0\u00bbon\u00a0\u00bb _i=\u00a0\u00bb0&Prime; _address=\u00a0\u00bb1.0.0.0&Prime;][\/et_pb_image][\/et_pb_column][et_pb_column type=\u00a0\u00bb2_3&Prime; _builder_version=\u00a0\u00bb3.25&Prime; custom_padding=\u00a0\u00bb|||\u00a0\u00bb _i=\u00a0\u00bb1&Prime; _address=\u00a0\u00bb1.0.1&Prime; custom_padding__hover=\u00a0\u00bb|||\u00a0\u00bb][et_pb_text _builder_version=\u00a0\u00bb3.27.4&Prime; text_font=\u00a0\u00bbArial||||||||\u00a0\u00bb header_2_font=\u00a0\u00bbArial|700|||||||\u00a0\u00bb _i=\u00a0\u00bb0&Prime; _address=\u00a0\u00bb1.0.1.0&Prime;]<p>Par l\u2019interm\u00e9diaire de Direct ATPI Global Travel, Les services Direct Travel offrent \u00e0 leurs clients un service de haute qualit\u00e9 (aucun centre d\u2019appels), qu\u2019ils fournissent uniform\u00e9ment aux quatre coins du globe tout en assurant une supervision et une pr\u00e9sence op\u00e9rationnelle au sein de chaque march\u00e9 individuel. Puisqu\u2019il est plus que jamais n\u00e9cessaire de savoir faire preuve de flexibilit\u00e9 et de souplesse dans la sph\u00e8re internationale, nous avons mis sur pied une structure mondiale progressive pour les entreprises qui ont besoin de services \u00e9volutifs et personnalis\u00e9s \u00e0 une \u00e9chelle multinationale entre l\u2019Am\u00e9rique du Nord et le reste du monde.<\/p>\n<div class=\"vc_row wpb_row vc_inner vc_row-fluid vc_row-o-equal-height vc_row-flex\">\n<div class=\"wpb_column vc_column_container vc_col-sm-6\">\n<div class=\"vc_column-inner \">\n<div class=\"wpb_wrapper\"><\/div>\n<\/div>\n<\/div>\n<\/div>[\/et_pb_text][\/et_pb_column][\/et_pb_row][\/et_pb_section][et_pb_section fb_built=\u00a0\u00bb1&Prime; custom_padding_last_edited=\u00a0\u00bbon|phone\u00a0\u00bb _builder_version=\u00a0\u00bb3.22&Prime; custom_padding=\u00a0\u00bb|80px||80px\u00a0\u00bb custom_padding_phone=\u00a0\u00bb15px|5px|15px|5px\u00a0\u00bb fb_built=\u00a0\u00bb1&Prime; bb_built=\u00a0\u00bb1&Prime; _i=\u00a0\u00bb2&Prime; _address=\u00a0\u00bb2&Prime;][et_pb_row _builder_version=\u00a0\u00bb3.25&Prime; _i=\u00a0\u00bb0&Prime; _address=\u00a0\u00bb2.0&Prime;][et_pb_column type=\u00a0\u00bb4_4&Prime; _builder_version=\u00a0\u00bb3.25&Prime; custom_padding=\u00a0\u00bb|||\u00a0\u00bb _i=\u00a0\u00bb0&Prime; _address=\u00a0\u00bb2.0.0&Prime; custom_padding__hover=\u00a0\u00bb|||\u00a0\u00bb][et_pb_text admin_label=\u00a0\u00bbWhy\u00a0\u00bb _builder_version=\u00a0\u00bb3.27.4&Prime; text_font=\u00a0\u00bbArial||||||||\u00a0\u00bb text_text_color=\u00a0\u00bb#1a1a1a\u00a0\u00bb header_font=\u00a0\u00bbArial|800||on|||||\u00a0\u00bb header_text_align=\u00a0\u00bbleft\u00a0\u00bb header_font_size=\u00a0\u00bb55px\u00a0\u00bb header_line_height=\u00a0\u00bb1.3em\u00a0\u00bb header_2_font=\u00a0\u00bbArial|800|||||||\u00a0\u00bb header_2_text_color=\u00a0\u00bb#e31d1a\u00a0\u00bb custom_margin=\u00a0\u00bb|||\u00a0\u00bb custom_padding=\u00a0\u00bb|||\u00a0\u00bb animation_style=\u00a0\u00bbslide\u00a0\u00bb animation_direction=\u00a0\u00bbtop\u00a0\u00bb animation_intensity_slide=\u00a0\u00bb10%\u00a0\u00bb locked=\u00a0\u00bboff\u00a0\u00bb _i=\u00a0\u00bb0&Prime; _address=\u00a0\u00bb2.0.0.0&Prime;]<h2 style=\"text-align: center;\">Pourquoi collaborer avec nous dans le cadre de la gestion mondiale de vos voyages d\u2019affaires?\r\n<\/h2>\r[\/et_pb_text][et_pb_text admin_label=\u00a0\u00bbAbout\u00a0\u00bb _builder_version=\u00a0\u00bb3.27.4&Prime; text_font=\u00a0\u00bbArial||||||||\u00a0\u00bb text_line_height=\u00a0\u00bb1.9em\u00a0\u00bb animation_style=\u00a0\u00bbslide\u00a0\u00bb animation_direction=\u00a0\u00bbtop\u00a0\u00bb animation_intensity_slide=\u00a0\u00bb4%\u00a0\u00bb locked=\u00a0\u00bboff\u00a0\u00bb _i=\u00a0\u00bb1&Prime; _address=\u00a0\u00bb2.0.0.1&Prime;]<p style=\"text-align: center;\">Direct ATPI Global Travel est une organisation commune \u00e9tablie pour fournir, \u00e0 toutes entreprises en ayant besoin, des services \u00e9volutifs et personnalis\u00e9s \u00e0 une \u00e9chelle multinationale, et ce, aux quatre coins du monde. Les \u00e9ventails de produits technologiques combin\u00e9s des Services Direct Travel et ATPI offrent des solutions uniques qui permettent aux moyennes entreprises de r\u00e9aliser des gains d\u2019efficience \u00e0 l\u2019international par l\u2019interm\u00e9diaire d\u2019une vaste gamme de services.<\/p>[\/et_pb_text][\/et_pb_column][\/et_pb_row][\/et_pb_section][et_pb_section fb_built=\u00a0\u00bb1&Prime; custom_padding_last_edited=\u00a0\u00bbon|phone\u00a0\u00bb _builder_version=\u00a0\u00bb3.22&Prime; background_color=\u00a0\u00bb#f5f5f5&Prime; custom_margin=\u00a0\u00bb0px||0px|\u00a0\u00bb custom_padding=\u00a0\u00bb|50px||50px\u00a0\u00bb custom_padding_phone=\u00a0\u00bb15px|10px|15px|10px\u00a0\u00bb fb_built=\u00a0\u00bb1&Prime; bb_built=\u00a0\u00bb1&Prime; _i=\u00a0\u00bb3&Prime; _address=\u00a0\u00bb3&Prime;][et_pb_row column_structure=\u00a0\u00bb1_2,1_2&Prime; make_equal=\u00a0\u00bbon\u00a0\u00bb _builder_version=\u00a0\u00bb3.25&Prime; custom_margin=\u00a0\u00bb0px||0px|\u00a0\u00bb custom_padding=\u00a0\u00bb0px||0px|\u00a0\u00bb _i=\u00a0\u00bb0&Prime; _address=\u00a0\u00bb3.0&Prime;][et_pb_column type=\u00a0\u00bb1_2&Prime; _builder_version=\u00a0\u00bb3.25&Prime; custom_padding=\u00a0\u00bb|||\u00a0\u00bb _i=\u00a0\u00bb0&Prime; _address=\u00a0\u00bb3.0.0&Prime; custom_padding__hover=\u00a0\u00bb|||\u00a0\u00bb][et_pb_image src=\u00a0\u00bbhttps:\/\/www.dt.com\/ca\/wp-content\/uploads\/2018\/06\/Global-Business-Travel-Technology.jpg\u00a0\u00bb align_tablet=\u00a0\u00bbcenter\u00a0\u00bb align_last_edited=\u00a0\u00bbon|desktop\u00a0\u00bb _builder_version=\u00a0\u00bb3.23&Prime; custom_margin=\u00a0\u00bb0px||0px|\u00a0\u00bb custom_padding=\u00a0\u00bb0px||0px|\u00a0\u00bb always_center_on_mobile=\u00a0\u00bbon\u00a0\u00bb _i=\u00a0\u00bb0&Prime; _address=\u00a0\u00bb3.0.0.0&Prime;][\/et_pb_image][et_pb_text _builder_version=\u00a0\u00bb3.27.4&Prime; background_color=\u00a0\u00bb#ffffff\u00a0\u00bb custom_padding=\u00a0\u00bb30px|30px|30px|30px\u00a0\u00bb box_shadow_style=\u00a0\u00bbpreset1&Prime; _i=\u00a0\u00bb1&Prime; _address=\u00a0\u00bb3.0.0.1&Prime;]<strong>Des produits technologiques et des services con\u00e7us en fonction de nos clients\r\n\r\n<\/strong>\r\n\r\nNos produits technologiques et nos services sont con\u00e7us en fonction des facteurs d\u00e9terminants et des d\u00e9fis de nos clients internationaux pour soutenir leurs processus et leurs fonctions d\u2019affaires primaires. Cette fa\u00e7on de faire d\u00e9coule du fait que, chez Direct ATPI Global Travel, nous estimons que le voyage devrait \u00eatre consid\u00e9r\u00e9 un facilitateur commercial et non comme une simple n\u00e9cessit\u00e9. Nous partageons de mani\u00e8re proactive notre expertise et nos connaissances du domaine des voyages d\u2019affaires avec les \u00e9quipes se chargeant des voyages de nos clients \u00e0 l\u2019international et nous attitrons \u00e0 leur programme de voyages des conseillers qui comprennent leurs besoins commerciaux.\r[\/et_pb_text][\/et_pb_column][et_pb_column type=\u00a0\u00bb1_2&Prime; _builder_version=\u00a0\u00bb3.25&Prime; custom_padding=\u00a0\u00bb|||\u00a0\u00bb _i=\u00a0\u00bb1&Prime; _address=\u00a0\u00bb3.0.1&Prime; custom_padding__hover=\u00a0\u00bb|||\u00a0\u00bb][et_pb_image src=\u00a0\u00bbhttps:\/\/www.dt.com\/ca\/wp-content\/uploads\/2018\/06\/Conversation.jpg\u00a0\u00bb align_tablet=\u00a0\u00bbcenter\u00a0\u00bb align_last_edited=\u00a0\u00bbon|desktop\u00a0\u00bb _builder_version=\u00a0\u00bb3.23&Prime; custom_margin=\u00a0\u00bb0px||0px|\u00a0\u00bb custom_padding=\u00a0\u00bb0px||0px|\u00a0\u00bb always_center_on_mobile=\u00a0\u00bbon\u00a0\u00bb _i=\u00a0\u00bb0&Prime; _address=\u00a0\u00bb3.0.1.0&Prime;][\/et_pb_image][et_pb_text _builder_version=\u00a0\u00bb3.27.4&Prime; background_color=\u00a0\u00bb#ffffff\u00a0\u00bb custom_padding=\u00a0\u00bb30px|30px|30px|30px\u00a0\u00bb box_shadow_style=\u00a0\u00bbpreset1&Prime; _i=\u00a0\u00bb1&Prime; _address=\u00a0\u00bb3.0.1.1&Prime;]<strong>Une excellence mondiale offerte localement\r\n\r\n<\/strong>\r\n\r\nPuisque tous nos bureaux sont soumis aux m\u00eames normes de qualit\u00e9, nous assurons un excellent service partout dans le monde. Nous sommes ainsi en mesure de fournir \u00e0 nos clients des services \u00e0 l\u2019international, aux endroits strat\u00e9giques pour eux, et avons aussi la possibilit\u00e9 de mettre en \u0153uvre des programmes de voyages d\u2019envergure, le tout en conservant une relation personnelle avec nos clients et leurs charg\u00e9s de voyages \u00e0 l\u2019\u00e9chelle locale.\r[\/et_pb_text][\/et_pb_column][\/et_pb_row][et_pb_row column_structure=\u00a0\u00bb1_2,1_2&Prime; make_equal=\u00a0\u00bbon\u00a0\u00bb _builder_version=\u00a0\u00bb3.25&Prime; custom_margin=\u00a0\u00bb50px||50px|\u00a0\u00bb custom_padding=\u00a0\u00bb0px||0px|\u00a0\u00bb _i=\u00a0\u00bb1&Prime; _address=\u00a0\u00bb3.1&Prime;][et_pb_column type=\u00a0\u00bb1_2&Prime; _builder_version=\u00a0\u00bb3.25&Prime; custom_padding=\u00a0\u00bb|||\u00a0\u00bb _i=\u00a0\u00bb0&Prime; _address=\u00a0\u00bb3.1.0&Prime; custom_padding__hover=\u00a0\u00bb|||\u00a0\u00bb][et_pb_image src=\u00a0\u00bbhttps:\/\/www.dt.com\/ca\/wp-content\/uploads\/2018\/06\/buyingpower.png\u00a0\u00bb align_tablet=\u00a0\u00bbcenter\u00a0\u00bb align_last_edited=\u00a0\u00bbon|desktop\u00a0\u00bb _builder_version=\u00a0\u00bb3.23&Prime; custom_margin=\u00a0\u00bb0px||0px|\u00a0\u00bb custom_padding=\u00a0\u00bb0px||0px|\u00a0\u00bb always_center_on_mobile=\u00a0\u00bbon\u00a0\u00bb _i=\u00a0\u00bb0&Prime; _address=\u00a0\u00bb3.1.0.0&Prime;][\/et_pb_image][et_pb_text _builder_version=\u00a0\u00bb3.27.4&Prime; background_color=\u00a0\u00bb#ffffff\u00a0\u00bb custom_padding=\u00a0\u00bb30px|30px|30px|30px\u00a0\u00bb box_shadow_style=\u00a0\u00bbpreset1&Prime; _i=\u00a0\u00bb1&Prime; _address=\u00a0\u00bb3.1.0.1&Prime;]<strong>Un pouvoir d\u2019achat accru\r\n<\/strong>\r\n\r\nNotre pouvoir d\u2019achat accru nous permet d\u2019offrir des avantages bonifi\u00e9s \u00e0 nos clients et \u00e0 nos partenaires de voyage. Nous proposons \u00e0 nos clients de meilleures possibilit\u00e9s de regrouper la gestion de leurs voyages entre le march\u00e9 nord-am\u00e9ricain et le reste du monde gr\u00e2ce \u00e0 un \u00e9quilibre entre l\u2019expertise et les connaissances locales et les avantages des \u00e9conomies d\u2019\u00e9chelle mondiales.\r[\/et_pb_text][\/et_pb_column][et_pb_column type=\u00a0\u00bb1_2&Prime; _builder_version=\u00a0\u00bb3.25&Prime; custom_padding=\u00a0\u00bb|||\u00a0\u00bb _i=\u00a0\u00bb1&Prime; _address=\u00a0\u00bb3.1.1&Prime; custom_padding__hover=\u00a0\u00bb|||\u00a0\u00bb][et_pb_image src=\u00a0\u00bbhttps:\/\/www.dt.com\/ca\/wp-content\/uploads\/2018\/06\/why-2-1200&#215;634.png\u00a0\u00bb align_tablet=\u00a0\u00bbcenter\u00a0\u00bb align_last_edited=\u00a0\u00bbon|desktop\u00a0\u00bb _builder_version=\u00a0\u00bb3.23&Prime; custom_margin=\u00a0\u00bb0px||0px|\u00a0\u00bb custom_padding=\u00a0\u00bb0px||0px|\u00a0\u00bb always_center_on_mobile=\u00a0\u00bbon\u00a0\u00bb _i=\u00a0\u00bb0&Prime; _address=\u00a0\u00bb3.1.1.0&Prime;][\/et_pb_image][et_pb_text _builder_version=\u00a0\u00bb3.27.4&Prime; background_color=\u00a0\u00bb#ffffff\u00a0\u00bb custom_padding=\u00a0\u00bb30px|30px|30px|30px\u00a0\u00bb box_shadow_style=\u00a0\u00bbpreset1&Prime; _i=\u00a0\u00bb1&Prime; _address=\u00a0\u00bb3.1.1.1&Prime;]<strong>Des solutions novatrices\r\n\r\n<\/strong>\r\n\r\nGr\u00e2ce \u00e0 son vaste \u00e9ventail d\u2019innovations et de technologies, Direct ATPI fournit des solutions pour relever les d\u00e9fis auxquels les clients font face en mati\u00e8re de voyages et propose les derni\u00e8res technologies de pointe du march\u00e9. Puisque, chez Direct ATPI, nous disposons d\u2019un acc\u00e8s \u00e0 diff\u00e9rentes technologies \u00e0 travers le monde, nous sommes aptes \u00e0 formuler des recommandations \u00e9clair\u00e9es et strat\u00e9giques qui tiennent particuli\u00e8rement compte des march\u00e9s locaux. Nos plateformes technologiques fusionn\u00e9es comportent des produits mondiaux des domaines de la gestion de profils, de la production de rapports sur les donn\u00e9es de voyage et des solutions de s\u00fbret\u00e9 et de s\u00e9curit\u00e9.\r[\/et_pb_text][\/et_pb_column][\/et_pb_row][\/et_pb_section][et_pb_section fb_built=\u00a0\u00bb1&Prime; fullwidth=\u00a0\u00bbon\u00a0\u00bb _builder_version=\u00a0\u00bb3.22&Prime; fb_built=\u00a0\u00bb1&Prime; bb_built=\u00a0\u00bb1&Prime; _i=\u00a0\u00bb4&Prime; _address=\u00a0\u00bb4&Prime;][et_pb_fullwidth_header title=\u00a0\u00bbCONTACTEZ-NOUS\u00a0\u00bb subhead=\u00a0\u00bbpour une consultation au sujet de vos voyages d&rsquo;affaires \u00e0 l&rsquo;international\u00a0\u00bb text_orientation=\u00a0\u00bbcenter\u00a0\u00bb header_fullscreen=\u00a0\u00bbon\u00a0\u00bb button_one_text=\u00a0\u00bbDiscutons!\u00a0\u00bb button_one_url=\u00a0\u00bbhttps:\/\/www.dt.com\/en-ca\/global-travel-consultation\u00a0\u00bb admin_label=\u00a0\u00bbConnect\u00a0\u00bb _builder_version=\u00a0\u00bb3.29.3&Prime; title_font=\u00a0\u00bbArial|800|||||||\u00a0\u00bb title_text_color=\u00a0\u00bb#ffffff\u00a0\u00bb title_font_size=\u00a0\u00bb60px\u00a0\u00bb subhead_font=\u00a0\u00bbArial|600|||||||\u00a0\u00bb subhead_font_size=\u00a0\u00bb40px\u00a0\u00bb subhead_line_height=\u00a0\u00bb1.2em\u00a0\u00bb background_color=\u00a0\u00bbrgba(255, 255, 255, 0)\u00a0\u00bb background_image=\u00a0\u00bbhttps:\/\/www.dt.com\/ca\/wp-content\/uploads\/2018\/06\/Gray-Pattern.png\u00a0\u00bb subhead_text_shadow_style=\u00a0\u00bbpreset1&Prime; text_shadow_style=\u00a0\u00bbpreset1&Prime; _i=\u00a0\u00bb0&Prime; _address=\u00a0\u00bb4.0&Prime; button_one_text_size__hover_enabled=\u00a0\u00bboff\u00a0\u00bb button_two_text_size__hover_enabled=\u00a0\u00bboff\u00a0\u00bb button_one_text_color__hover_enabled=\u00a0\u00bboff\u00a0\u00bb button_two_text_color__hover_enabled=\u00a0\u00bboff\u00a0\u00bb button_one_border_width__hover_enabled=\u00a0\u00bboff\u00a0\u00bb button_two_border_width__hover_enabled=\u00a0\u00bboff\u00a0\u00bb button_one_border_color__hover_enabled=\u00a0\u00bboff\u00a0\u00bb button_two_border_color__hover_enabled=\u00a0\u00bboff\u00a0\u00bb button_one_border_radius__hover_enabled=\u00a0\u00bboff\u00a0\u00bb button_two_border_radius__hover_enabled=\u00a0\u00bboff\u00a0\u00bb button_one_letter_spacing__hover_enabled=\u00a0\u00bboff\u00a0\u00bb button_two_letter_spacing__hover_enabled=\u00a0\u00bboff\u00a0\u00bb button_one_bg_color__hover_enabled=\u00a0\u00bboff\u00a0\u00bb button_two_bg_color__hover_enabled=\u00a0\u00bboff\u00a0\u00bb][\/et_pb_fullwidth_header][\/et_pb_section]\n","protected":false},"excerpt":{"rendered":"<p>Par l\u2019interm\u00e9diaire de Direct ATPI Global Travel, Les services Direct Travel offrent \u00e0 leurs clients un service de haute qualit\u00e9 (aucun centre d\u2019appels), qu\u2019ils fournissent uniform\u00e9ment aux quatre coins du globe tout en assurant une supervision et une pr\u00e9sence op\u00e9rationnelle au sein de chaque march\u00e9 individuel. Puisqu\u2019il est plus que jamais n\u00e9cessaire de savoir faire [&hellip;]<\/p>\n","protected":false},"author":1,"featured_media":0,"parent":0,"menu_order":0,"comment_status":"closed","ping_status":"closed","template":"","meta":{"_et_pb_use_builder":"on","_et_pb_old_content":"","_et_gb_content_width":"","content-type":"","footnotes":""},"class_list":["post-26469","page","type-page","status-publish","hentry"],"_links":{"self":[{"href":"https:\/\/www.dt.com\/fr-ca\/ca\/en-ca\/?rest_route=\/wp\/v2\/pages\/26469","targetHints":{"allow":["GET"]}}],"collection":[{"href":"https:\/\/www.dt.com\/fr-ca\/ca\/en-ca\/?rest_route=\/wp\/v2\/pages"}],"about":[{"href":"https:\/\/www.dt.com\/fr-ca\/ca\/en-ca\/?rest_route=\/wp\/v2\/types\/page"}],"author":[{"embeddable":true,"href":"https:\/\/www.dt.com\/fr-ca\/ca\/en-ca\/?rest_route=\/wp\/v2\/users\/1"}],"replies":[{"embeddable":true,"href":"https:\/\/www.dt.com\/fr-ca\/ca\/en-ca\/?rest_route=%2Fwp%2Fv2%2Fcomments&post=26469"}],"version-history":[{"count":8,"href":"https:\/\/www.dt.com\/fr-ca\/ca\/en-ca\/?rest_route=\/wp\/v2\/pages\/26469\/revisions"}],"predecessor-version":[{"id":34087,"href":"https:\/\/www.dt.com\/fr-ca\/ca\/en-ca\/?rest_route=\/wp\/v2\/pages\/26469\/revisions\/34087"}],"wp:attachment":[{"href":"https:\/\/www.dt.com\/fr-ca\/ca\/en-ca\/?rest_route=%2Fwp%2Fv2%2Fmedia&parent=26469"}],"curies":[{"name":"wp","href":"https:\/\/api.w.org\/{rel}","templated":true}]}}