{"id":13573,"date":"2017-03-09T11:50:49","date_gmt":"2017-03-09T11:50:49","guid":{"rendered":"https:\/\/www.visiontravel.ca\/?page_id=13573"},"modified":"2019-09-30T11:35:12","modified_gmt":"2019-09-30T15:35:12","slug":"become-an-independent-travel-advisor","status":"publish","type":"page","link":"https:\/\/www.dt.com\/fr-ca\/become-an-independent-travel-advisor\/","title":{"rendered":"Devenez conseiller en voyages ind\u00e9pendant"},"content":{"rendered":"<p>[et_pb_section fb_built=\u00a0\u00bb1&Prime; fullwidth=\u00a0\u00bbon\u00a0\u00bb custom_padding_last_edited=\u00a0\u00bbon|desktop\u00a0\u00bb admin_label=\u00a0\u00bbsection\u00a0\u00bb _builder_version=\u00a0\u00bb3.22&Prime; background_color=\u00a0\u00bb#2ea3f2&Prime; custom_padding_tablet=\u00a0\u00bb50px|0|50px|0&Prime; transparent_background=\u00a0\u00bboff\u00a0\u00bb padding_mobile=\u00a0\u00bboff\u00a0\u00bb make_fullwidth=\u00a0\u00bboff\u00a0\u00bb use_custom_width=\u00a0\u00bboff\u00a0\u00bb width_unit=\u00a0\u00bbon\u00a0\u00bb bb_built=\u00a0\u00bb1&Prime; _i=\u00a0\u00bb0&Prime; _address=\u00a0\u00bb0&Prime;][et_pb_fullwidth_header title=\u00a0\u00bb Devenez conseiller en voyages ind\u00e9pendant\u00a0\u00bb background_overlay_color=\u00a0\u00bbrgba(0,204,204,0.8)\u00a0\u00bb module_class=\u00a0\u00bbcorporate_header\u00a0\u00bb _builder_version=\u00a0\u00bb3.16&Prime; background_color=\u00a0\u00bbrgba(255, 255, 255, 0)\u00a0\u00bb background_image=\u00a0\u00bbhttps:\/\/www.dt.com\/ca\/wp-content\/uploads\/2017\/03\/iStock_000043766938_XXXLarge-copy.jpg\u00a0\u00bb parallax=\u00a0\u00bbon\u00a0\u00bb custom_css_main_element=\u00a0\u00bbheight:100px;\u00a0\u00bb background_url=\u00a0\u00bbhttps:\/\/www.dt.com\/ca\/wp-content\/uploads\/2017\/03\/iStock_000043766938_XXXLarge-copy.jpg\u00a0\u00bb button_one_letter_spacing_hover=\u00a0\u00bb0&Prime; button_two_letter_spacing_hover=\u00a0\u00bb0&Prime; _i=\u00a0\u00bb0&Prime; _address=\u00a0\u00bb0.0&Prime; button_one_text_size__hover_enabled=\u00a0\u00bboff\u00a0\u00bb button_two_text_size__hover_enabled=\u00a0\u00bboff\u00a0\u00bb button_one_text_color__hover_enabled=\u00a0\u00bboff\u00a0\u00bb button_two_text_color__hover_enabled=\u00a0\u00bboff\u00a0\u00bb button_one_border_width__hover_enabled=\u00a0\u00bboff\u00a0\u00bb button_two_border_width__hover_enabled=\u00a0\u00bboff\u00a0\u00bb button_one_border_color__hover_enabled=\u00a0\u00bboff\u00a0\u00bb button_two_border_color__hover_enabled=\u00a0\u00bboff\u00a0\u00bb button_one_border_radius__hover_enabled=\u00a0\u00bboff\u00a0\u00bb button_two_border_radius__hover_enabled=\u00a0\u00bboff\u00a0\u00bb button_one_letter_spacing__hover_enabled=\u00a0\u00bbon\u00a0\u00bb button_one_letter_spacing__hover=\u00a0\u00bb0&Prime; button_two_letter_spacing__hover_enabled=\u00a0\u00bbon\u00a0\u00bb button_two_letter_spacing__hover=\u00a0\u00bb0&Prime; button_one_bg_color__hover_enabled=\u00a0\u00bboff\u00a0\u00bb button_two_bg_color__hover_enabled=\u00a0\u00bboff\u00a0\u00bb][\/et_pb_fullwidth_header][\/et_pb_section][et_pb_section fb_built=\u00a0\u00bb1&Prime; specialty=\u00a0\u00bbon\u00a0\u00bb custom_padding_last_edited=\u00a0\u00bbon|desktop\u00a0\u00bb parallax_method_1=\u00a0\u00bboff\u00a0\u00bb parallax_method_2=\u00a0\u00bboff\u00a0\u00bb admin_label=\u00a0\u00bbsection\u00a0\u00bb _builder_version=\u00a0\u00bb3.22&Prime; custom_padding_tablet=\u00a0\u00bb50px|0|50px|0&Prime; custom_css_main_element=\u00a0\u00bbpadding-top: 25px;\u00a0\u00bb transparent_background=\u00a0\u00bboff\u00a0\u00bb padding_mobile=\u00a0\u00bboff\u00a0\u00bb make_fullwidth=\u00a0\u00bboff\u00a0\u00bb use_custom_width=\u00a0\u00bboff\u00a0\u00bb width_unit=\u00a0\u00bbon\u00a0\u00bb bb_built=\u00a0\u00bb1&Prime; _i=\u00a0\u00bb1&Prime; _address=\u00a0\u00bb1&Prime;][et_pb_column type=\u00a0\u00bb1_4&Prime; _builder_version=\u00a0\u00bb3.25&Prime; custom_padding=\u00a0\u00bb|||\u00a0\u00bb _i=\u00a0\u00bb0&Prime; _address=\u00a0\u00bb1.0&Prime; custom_padding__hover=\u00a0\u00bb|||\u00a0\u00bb][et_pb_sidebar area=\u00a0\u00bbet_pb_widget_area_14&Prime; _builder_version=\u00a0\u00bb3.0.92&Prime; remove_border=\u00a0\u00bboff\u00a0\u00bb _i=\u00a0\u00bb0&Prime; _address=\u00a0\u00bb1.0.0&Prime;][\/et_pb_sidebar][\/et_pb_column][et_pb_column type=\u00a0\u00bb3_4&Prime; specialty_columns=\u00a0\u00bb3&Prime; _builder_version=\u00a0\u00bb3.25&Prime; custom_padding=\u00a0\u00bb|||\u00a0\u00bb _i=\u00a0\u00bb1&Prime; _address=\u00a0\u00bb1.1&Prime; custom_padding__hover=\u00a0\u00bb|||\u00a0\u00bb][et_pb_row_inner _builder_version=\u00a0\u00bb3.25&Prime; _i=\u00a0\u00bb0&Prime; _address=\u00a0\u00bb1.1.0&Prime;][et_pb_column_inner saved_specialty_column_type=\u00a0\u00bb3_4&Prime; _builder_version=\u00a0\u00bb3.25&Prime; custom_padding=\u00a0\u00bb|||\u00a0\u00bb _i=\u00a0\u00bb0&Prime; _address=\u00a0\u00bb1.1.0.0&Prime; custom_padding__hover=\u00a0\u00bb|||\u00a0\u00bb][et_pb_text _builder_version=\u00a0\u00bb3.29.3&Prime; background_size=\u00a0\u00bbinitial\u00a0\u00bb background_position=\u00a0\u00bbtop_left\u00a0\u00bb background_repeat=\u00a0\u00bbrepeat\u00a0\u00bb hover_enabled=\u00a0\u00bb0&Prime; use_border_color=\u00a0\u00bboff\u00a0\u00bb border_color=\u00a0\u00bb#ffffff\u00a0\u00bb border_style=\u00a0\u00bbsolid\u00a0\u00bb _i=\u00a0\u00bb0&Prime; _address=\u00a0\u00bb1.1.0.0.0&Prime;]<\/p>\n<div class=\"et_pb_column et_pb_column121 et_pb_column_2_3 et_pb_column_inner et_pb_column_inner_0\">\n<div class=\"wpb_wrapper\">\n<div class=\"wpb_text_column wpb_content_element \">\n<div class=\"wpb_wrapper\">\n<div class=\"wpb_text_column wpb_content_element \">\n<div class=\"wpb_wrappern\">\n<h5>En avez-vous assez de travailler pour quelqu\u2019un d\u2019autre? Souhaitez-vous travailler pour vous-m\u00eame, aux heures qui vous conviennent pour d\u00e9velopper VOTRE client\u00e8le?<\/h5>\n<h5>Une carri\u00e8re de conseiller en voyages ind\u00e9pendant aux services Direct Travel ne vous impose aucune limite.<\/h5>\n<\/div>\n<\/div>\n<\/div>\n<\/div>\n<\/div>\n<\/div>\n<div class=\"et_pb_column et_pb_columnimg et_pb_column_1_3 et_pb_column_inner et_pb_column_inner_0\">\n<figure class=\"wpb_wrapper vc_figure vc_figureimg\">\n<div class=\"vc_single_image-wrapper vc_box_border_circle vc_box_border_grey\"><img loading=\"lazy\" decoding=\"async\" class=\"vc_single_image-img \" title=\"Vision Complete\" src=\"https:\/\/www.dt.com\/ca\/wp-content\/uploads\/2017\/03\/iStock_000089295143_Large-225x225.jpg\" alt=\"Vision Complete\" width=\"300\" height=\"300\" \/><\/div>\n<\/figure>\n<\/div>\n<p>[\/et_pb_text][et_pb_text _builder_version=\u00a0\u00bb3.27.4&Prime; use_border_color=\u00a0\u00bboff\u00a0\u00bb _i=\u00a0\u00bb1&Prime; _address=\u00a0\u00bb1.1.0.0.1&Prime;]<\/p>\n<div class=\"wpb_wrappererer\">\n<p>\u00a0R\u00e9orientez votre carri\u00e8re et prenez le virage des services Direct Travel. Nous serons heureux de vous compter parmi notre \u00e9quipe de conseillers en voyages ind\u00e9pendants, une \u00e9quipe forte et dynamique r\u00e9partie d\u2019un bout \u00e0 l\u2019autre du pays. Vous souhaitez amorcer une nouvelle carri\u00e8re en tant que conseiller en voyages ind\u00e9pendant? Vous travaillez d\u00e9j\u00e0 \u00e0 domicile en tant qu\u2019agent de voyages et avez besoin de changement? Devenir un conseiller en voyages ind\u00e9pendant aux services Direct Travel est la combinaison parfaite de flexibilit\u00e9 et de possibilit\u00e9s illimit\u00e9es.<\/p>\n<p>Nos conseillers peuvent choisir de travailler \u00e0 domicile ou dans un de nos 16 bureaux. La majorit\u00e9 de nos conseillers ind\u00e9pendants se sp\u00e9cialisent dans les voyages d\u2019agr\u00e9ment : les voyages de luxe, les croisi\u00e8res et les voyages d\u2019aventure. Toutefois, certains de nos conseillers r\u00e9ussissent tr\u00e8s bien dans le secteur des voyages d\u2019affaires.<\/p>\n<p>Votre statut de membre Virtuoso permettra \u00e0 vos clients de profiter de vos relations privil\u00e9gi\u00e9es, de vos connaissances sur l\u2019industrie, de votre savoir-faire et de vos pr\u00e9cieux conseils afin de leur permettre de faire des choix \u00e9clair\u00e9s en mati\u00e8re de voyages.<\/p>\n<p>Pour pr\u00e9senter votre candidature en tant que conseiller ind\u00e9pendant, n\u2019h\u00e9sitez pas \u00e0 communiquer avec nous en remplissant le formulaire situ\u00e9 \u00e0 gauche sans oublier d\u2019ajouter votre CV en pi\u00e8ce jointe. Veuillez \u00e9galement inclure une lettre de pr\u00e9sentation ainsi que les raisons pour lesquelles vous souhaitez entamer une carri\u00e8re de conseiller ind\u00e9pendant aux services Direct Travel. Nous sommes impatients de faire votre connaissance!<\/p>\n<p><a href=\"https:\/\/www.visiontravel.ca\/fr\/join-our-team\/\">Cliquez ici pour en savoir plus sur les avantages d\u2019une carri\u00e8re aux services Direct Travel.<\/a><\/p>\n<\/div>\n<p>[\/et_pb_text][\/et_pb_column_inner][\/et_pb_row_inner][\/et_pb_column][\/et_pb_section]<\/p>\n","protected":false},"excerpt":{"rendered":"<p>En avez-vous assez de travailler pour quelqu\u2019un d\u2019autre? Souhaitez-vous travailler pour vous-m\u00eame, aux heures qui vous conviennent pour d\u00e9velopper VOTRE client\u00e8le? Une carri\u00e8re de conseiller en voyages ind\u00e9pendant aux services Direct Travel ne vous impose aucune limite. \u00a0R\u00e9orientez votre carri\u00e8re et prenez le virage des services Direct Travel. Nous serons heureux de vous compter parmi [&hellip;]<\/p>\n","protected":false},"author":1,"featured_media":0,"parent":0,"menu_order":0,"comment_status":"closed","ping_status":"closed","template":"","meta":{"_et_pb_use_builder":"on","_et_pb_old_content":"","_et_gb_content_width":"","content-type":"","footnotes":""},"class_list":["post-13573","page","type-page","status-publish","hentry"],"_links":{"self":[{"href":"https:\/\/www.dt.com\/fr-ca\/ca\/en-ca\/?rest_route=\/wp\/v2\/pages\/13573","targetHints":{"allow":["GET"]}}],"collection":[{"href":"https:\/\/www.dt.com\/fr-ca\/ca\/en-ca\/?rest_route=\/wp\/v2\/pages"}],"about":[{"href":"https:\/\/www.dt.com\/fr-ca\/ca\/en-ca\/?rest_route=\/wp\/v2\/types\/page"}],"author":[{"embeddable":true,"href":"https:\/\/www.dt.com\/fr-ca\/ca\/en-ca\/?rest_route=\/wp\/v2\/users\/1"}],"replies":[{"embeddable":true,"href":"https:\/\/www.dt.com\/fr-ca\/ca\/en-ca\/?rest_route=%2Fwp%2Fv2%2Fcomments&post=13573"}],"version-history":[{"count":19,"href":"https:\/\/www.dt.com\/fr-ca\/ca\/en-ca\/?rest_route=\/wp\/v2\/pages\/13573\/revisions"}],"predecessor-version":[{"id":33587,"href":"https:\/\/www.dt.com\/fr-ca\/ca\/en-ca\/?rest_route=\/wp\/v2\/pages\/13573\/revisions\/33587"}],"wp:attachment":[{"href":"https:\/\/www.dt.com\/fr-ca\/ca\/en-ca\/?rest_route=%2Fwp%2Fv2%2Fmedia&parent=13573"}],"curies":[{"name":"wp","href":"https:\/\/api.w.org\/{rel}","templated":true}]}}