{"id":13506,"date":"2017-03-08T12:33:19","date_gmt":"2017-03-08T12:33:19","guid":{"rendered":"https:\/\/www.visiontravel.ca\/?page_id=13506"},"modified":"2021-04-30T21:15:34","modified_gmt":"2021-05-01T01:15:34","slug":"numeros-internationaux-en-cas-durgence","status":"publish","type":"page","link":"https:\/\/www.dt.com\/fr-ca\/numeros-internationaux-en-cas-durgence\/","title":{"rendered":"Num\u00e9ros internationaux en cas d\u2019urgence"},"content":{"rendered":"<p>[et_pb_section fb_built=\u00a0\u00bb1&Prime; fullwidth=\u00a0\u00bbon\u00a0\u00bb admin_label=\u00a0\u00bbsection\u00a0\u00bb _builder_version=\u00a0\u00bb3.22&Prime; background_color=\u00a0\u00bb#2ea3f2&Prime;][et_pb_fullwidth_header title=\u00a0\u00bbNum\u00e9ros internationaux en cas d\u2019urgence\u00a0\u00bb content_max_width=\u00a0\u00bbnone\u00a0\u00bb admin_label=\u00a0\u00bbFullwidth Header\u00a0\u00bb module_class=\u00a0\u00bbcorporate_header\u00a0\u00bb _builder_version=\u00a0\u00bb3.16&Prime; background_color=\u00a0\u00bbrgba(255, 255, 255, 0)\u00a0\u00bb background_image=\u00a0\u00bbhttps:\/\/www.dt.com\/ca\/wp-content\/uploads\/2017\/02\/iStock_000011716834Large.jpg\u00a0\u00bb parallax=\u00a0\u00bbon\u00a0\u00bb custom_css_main_element=\u00a0\u00bbheight:100px;\u00a0\u00bb background_url=\u00a0\u00bbhttps:\/\/www.dt.com\/ca\/wp-content\/uploads\/2017\/02\/iStock_000011716834Large.jpg\u00a0\u00bb button_one_letter_spacing_hover=\u00a0\u00bb0&Prime; button_two_letter_spacing_hover=\u00a0\u00bb0&Prime; button_one_text_size__hover_enabled=\u00a0\u00bboff\u00a0\u00bb button_two_text_size__hover_enabled=\u00a0\u00bboff\u00a0\u00bb button_one_text_color__hover_enabled=\u00a0\u00bboff\u00a0\u00bb button_two_text_color__hover_enabled=\u00a0\u00bboff\u00a0\u00bb button_one_border_width__hover_enabled=\u00a0\u00bboff\u00a0\u00bb button_two_border_width__hover_enabled=\u00a0\u00bboff\u00a0\u00bb button_one_border_color__hover_enabled=\u00a0\u00bboff\u00a0\u00bb button_two_border_color__hover_enabled=\u00a0\u00bboff\u00a0\u00bb button_one_border_radius__hover_enabled=\u00a0\u00bboff\u00a0\u00bb button_two_border_radius__hover_enabled=\u00a0\u00bboff\u00a0\u00bb button_one_letter_spacing__hover_enabled=\u00a0\u00bbon\u00a0\u00bb button_one_letter_spacing__hover=\u00a0\u00bb0&Prime; button_two_letter_spacing__hover_enabled=\u00a0\u00bbon\u00a0\u00bb button_two_letter_spacing__hover=\u00a0\u00bb0&Prime; button_one_bg_color__hover_enabled=\u00a0\u00bboff\u00a0\u00bb button_two_bg_color__hover_enabled=\u00a0\u00bboff\u00a0\u00bb][\/et_pb_fullwidth_header][\/et_pb_section][et_pb_section fb_built=\u00a0\u00bb1&Prime; admin_label=\u00a0\u00bbsection\u00a0\u00bb _builder_version=\u00a0\u00bb3.22&Prime;][et_pb_row admin_label=\u00a0\u00bbRow\u00a0\u00bb _builder_version=\u00a0\u00bb3.25&Prime; background_size=\u00a0\u00bbinitial\u00a0\u00bb background_position=\u00a0\u00bbtop_left\u00a0\u00bb background_repeat=\u00a0\u00bbrepeat\u00a0\u00bb][et_pb_column type=\u00a0\u00bb4_4&Prime; _builder_version=\u00a0\u00bb3.25&Prime; custom_padding=\u00a0\u00bb|||\u00a0\u00bb custom_padding__hover=\u00a0\u00bb|||\u00a0\u00bb][et_pb_text admin_label=\u00a0\u00bbText\u00a0\u00bb _builder_version=\u00a0\u00bb3.27.4&Prime; background_size=\u00a0\u00bbinitial\u00a0\u00bb background_position=\u00a0\u00bbtop_left\u00a0\u00bb background_repeat=\u00a0\u00bbrepeat\u00a0\u00bb use_border_color=\u00a0\u00bboff\u00a0\u00bb border_color=\u00a0\u00bb#ffffff\u00a0\u00bb border_style=\u00a0\u00bbsolid\u00a0\u00bb]<\/p>\n<div class=\"wpb_wrapper\">\n<p>Lorsque vous voyagez \u00e0 l\u2019\u00e9tranger, il est important d\u2019enregistrer les coordonn\u00e9es des personnes \u00e0 contacter&nbsp;en cas d\u2019urgence dans votre appareil mobile. De cette fa\u00e7on, les premiers r\u00e9pondants seront en mesure de rechercher un contact ECU (en cas d\u2019urgence) dans votre appareil mobile \u2013 un conjoint, un membre de votre famille, un ami ou toute autre personne digne de confiance. Il est g\u00e9n\u00e9ralement recommand\u00e9 de programmer un maximum de contacts d\u2019urgence dans votre t\u00e9l\u00e9phone sous les appellations ECU1, ECU2, ECU3, etc.<\/p>\n<p>Autrement, si vous devez faire un appel d\u2019urgence \u00e0 l\u2019\u00e9tranger, veuillez noter que ce ne sont pas tous les pays qui utilisent le 911 comme num\u00e9ro&nbsp;en cas d\u2019urgence.<\/p>\n<\/div>\n<p>[\/et_pb_text][\/et_pb_column][\/et_pb_row][et_pb_row admin_label=\u00a0\u00bbrow\u00a0\u00bb _builder_version=\u00a0\u00bb3.25&Prime; background_size=\u00a0\u00bbinitial\u00a0\u00bb background_position=\u00a0\u00bbtop_left\u00a0\u00bb background_repeat=\u00a0\u00bbrepeat\u00a0\u00bb column_structure=\u00a0\u00bb2_3,1_3&Prime;][et_pb_column type=\u00a0\u00bb2_3&Prime; _builder_version=\u00a0\u00bb3.25&Prime; custom_padding=\u00a0\u00bb|||\u00a0\u00bb custom_padding__hover=\u00a0\u00bb|||\u00a0\u00bb][et_pb_image src=\u00a0\u00bbhttps:\/\/www.dt.com\/ca\/wp-content\/uploads\/2021\/04\/l_1983_a71c039338e34490032e31d068addbe1.png\u00a0\u00bb _builder_version=\u00a0\u00bb4.9.4&Prime; _module_preset=\u00a0\u00bbdefault\u00a0\u00bb hover_enabled=\u00a0\u00bb0&Prime; sticky_enabled=\u00a0\u00bb0&Prime;][\/et_pb_image][\/et_pb_column][et_pb_column type=\u00a0\u00bb1_3&Prime; _builder_version=\u00a0\u00bb3.25&Prime; custom_padding=\u00a0\u00bb|||\u00a0\u00bb custom_padding__hover=\u00a0\u00bb|||\u00a0\u00bb][et_pb_text admin_label=\u00a0\u00bbText\u00a0\u00bb _builder_version=\u00a0\u00bb3.27.4&Prime; background_size=\u00a0\u00bbinitial\u00a0\u00bb background_position=\u00a0\u00bbtop_left\u00a0\u00bb background_repeat=\u00a0\u00bbrepeat\u00a0\u00bb use_border_color=\u00a0\u00bboff\u00a0\u00bb border_color=\u00a0\u00bb#ffffff\u00a0\u00bb border_style=\u00a0\u00bbsolid\u00a0\u00bb]<\/p>\n<div class=\"vc_separator wpb_content_element vc_separator_align_left vc_sep_width_100 vc_sep_pos_align_right vc_sep_color_grey vc_separator-has-text Offrr\">\n<h4>T\u00e9l\u00e9charger la liste des num\u00e9ros d&rsquo;urgence nationaux<\/h4>\n<div class=\"vc_sep_holder vc_sep_holder_r\">\n<div class=\"vc_sep_line\"><\/div>\n<\/div>\n<\/div>\n<div class=\"wpb_wrapper\">\n<p>La liste abr\u00e9g\u00e9e des num\u00e9ros \u00e0 composer&nbsp;en cas d\u2019urgence&nbsp;se trouve \u00e0 gauche du graphique.&nbsp;Vous pouvez \u00e9galement&nbsp;<a href=\"https:\/\/www.dt.com\/ca\/wp-content\/uploads\/2017\/03\/Global-_911_Emergency-Contacts.pdf\">t\u00e9l\u00e9charger la liste compl\u00e8te ici<\/a>.<\/p>\n<p>Les citoyens canadiens qui&nbsp;n\u00e9cessitant une&nbsp;assistance consulaire d\u2019urgence devraient communiquer avec le Gouvernement du Canada. <a href=\"http:\/\/voyage.gc.ca\/assistance\/assistance-d-urgence\">Consulter les ressources \u00e0 utiliser en cas d\u2019urgence<\/a>.<\/p>\n<\/div>\n<p>[\/et_pb_text][\/et_pb_column][\/et_pb_row][\/et_pb_section]<\/p>\n","protected":false},"excerpt":{"rendered":"<p>Lorsque vous voyagez \u00e0 l\u2019\u00e9tranger, il est important d\u2019enregistrer les coordonn\u00e9es des personnes \u00e0 contacter&nbsp;en cas d\u2019urgence dans votre appareil mobile. De cette fa\u00e7on, les premiers r\u00e9pondants seront en mesure de rechercher un contact ECU (en cas d\u2019urgence) dans votre appareil mobile \u2013 un conjoint, un membre de votre famille, un ami ou toute autre [&hellip;]<\/p>\n","protected":false},"author":1,"featured_media":0,"parent":0,"menu_order":0,"comment_status":"closed","ping_status":"closed","template":"","meta":{"_et_pb_use_builder":"on","_et_pb_old_content":"","_et_gb_content_width":"","content-type":"","footnotes":""},"class_list":["post-13506","page","type-page","status-publish","hentry"],"_links":{"self":[{"href":"https:\/\/www.dt.com\/fr-ca\/ca\/en-ca\/?rest_route=\/wp\/v2\/pages\/13506","targetHints":{"allow":["GET"]}}],"collection":[{"href":"https:\/\/www.dt.com\/fr-ca\/ca\/en-ca\/?rest_route=\/wp\/v2\/pages"}],"about":[{"href":"https:\/\/www.dt.com\/fr-ca\/ca\/en-ca\/?rest_route=\/wp\/v2\/types\/page"}],"author":[{"embeddable":true,"href":"https:\/\/www.dt.com\/fr-ca\/ca\/en-ca\/?rest_route=\/wp\/v2\/users\/1"}],"replies":[{"embeddable":true,"href":"https:\/\/www.dt.com\/fr-ca\/ca\/en-ca\/?rest_route=%2Fwp%2Fv2%2Fcomments&post=13506"}],"version-history":[{"count":17,"href":"https:\/\/www.dt.com\/fr-ca\/ca\/en-ca\/?rest_route=\/wp\/v2\/pages\/13506\/revisions"}],"predecessor-version":[{"id":35341,"href":"https:\/\/www.dt.com\/fr-ca\/ca\/en-ca\/?rest_route=\/wp\/v2\/pages\/13506\/revisions\/35341"}],"wp:attachment":[{"href":"https:\/\/www.dt.com\/fr-ca\/ca\/en-ca\/?rest_route=%2Fwp%2Fv2%2Fmedia&parent=13506"}],"curies":[{"name":"wp","href":"https:\/\/api.w.org\/{rel}","templated":true}]}}