{"id":1268,"date":"2017-02-19T10:02:03","date_gmt":"2017-02-19T10:02:03","guid":{"rendered":"https:\/\/www.visiontravel.ca\/?page_id=1268"},"modified":"2019-09-30T13:34:36","modified_gmt":"2019-09-30T17:34:36","slug":"solutions","status":"publish","type":"page","link":"https:\/\/www.dt.com\/fr-ca\/solutions\/","title":{"rendered":"Nos solutions"},"content":{"rendered":"<p>[et_pb_section fb_built=\u00a0\u00bb1&Prime; fullwidth=\u00a0\u00bbon\u00a0\u00bb admin_label=\u00a0\u00bbsection\u00a0\u00bb _builder_version=\u00a0\u00bb3.22&Prime; background_color=\u00a0\u00bb#2ea3f2&Prime; bb_built=\u00a0\u00bb1&Prime; _i=\u00a0\u00bb0&Prime; _address=\u00a0\u00bb0&Prime;][et_pb_fullwidth_header content_max_width=\u00a0\u00bbnone\u00a0\u00bb module_class=\u00a0\u00bbcorporate_header\u00a0\u00bb _builder_version=\u00a0\u00bb3.16&Prime; background_color=\u00a0\u00bbrgba(255, 255, 255, 0)\u00a0\u00bb background_image=\u00a0\u00bbhttps:\/\/www.dt.com\/ca\/wp-content\/uploads\/2017\/02\/corporatetravelmanagement.jpg\u00a0\u00bb parallax=\u00a0\u00bbon\u00a0\u00bb custom_css_main_element=\u00a0\u00bbheight:100px;\u00a0\u00bb background_url=\u00a0\u00bbhttps:\/\/www.dt.com\/ca\/wp-content\/uploads\/2017\/02\/corporatetravelmanagement.jpg\u00a0\u00bb button_one_letter_spacing_hover=\u00a0\u00bb0&Prime; button_two_letter_spacing_hover=\u00a0\u00bb0&Prime; _i=\u00a0\u00bb0&Prime; _address=\u00a0\u00bb0.0&Prime; button_one_text_size__hover_enabled=\u00a0\u00bboff\u00a0\u00bb button_two_text_size__hover_enabled=\u00a0\u00bboff\u00a0\u00bb button_one_text_color__hover_enabled=\u00a0\u00bboff\u00a0\u00bb button_two_text_color__hover_enabled=\u00a0\u00bboff\u00a0\u00bb button_one_border_width__hover_enabled=\u00a0\u00bboff\u00a0\u00bb button_two_border_width__hover_enabled=\u00a0\u00bboff\u00a0\u00bb button_one_border_color__hover_enabled=\u00a0\u00bboff\u00a0\u00bb button_two_border_color__hover_enabled=\u00a0\u00bboff\u00a0\u00bb button_one_border_radius__hover_enabled=\u00a0\u00bboff\u00a0\u00bb button_two_border_radius__hover_enabled=\u00a0\u00bboff\u00a0\u00bb button_one_letter_spacing__hover_enabled=\u00a0\u00bbon\u00a0\u00bb button_one_letter_spacing__hover=\u00a0\u00bb0&Prime; button_two_letter_spacing__hover_enabled=\u00a0\u00bbon\u00a0\u00bb button_two_letter_spacing__hover=\u00a0\u00bb0&Prime; button_one_bg_color__hover_enabled=\u00a0\u00bboff\u00a0\u00bb button_two_bg_color__hover_enabled=\u00a0\u00bboff\u00a0\u00bb][\/et_pb_fullwidth_header][\/et_pb_section][et_pb_section fb_built=\u00a0\u00bb1&Prime; custom_padding_last_edited=\u00a0\u00bbon|desktop\u00a0\u00bb _builder_version=\u00a0\u00bb3.22&Prime; custom_padding_tablet=\u00a0\u00bb50px|0|50px|0&Prime; transparent_background=\u00a0\u00bboff\u00a0\u00bb padding_mobile=\u00a0\u00bboff\u00a0\u00bb make_fullwidth=\u00a0\u00bboff\u00a0\u00bb use_custom_width=\u00a0\u00bboff\u00a0\u00bb width_unit=\u00a0\u00bbon\u00a0\u00bb bb_built=\u00a0\u00bb1&Prime; _i=\u00a0\u00bb1&Prime; _address=\u00a0\u00bb1&Prime;][et_pb_row padding_mobile=\u00a0\u00bboff\u00a0\u00bb make_equal=\u00a0\u00bbon\u00a0\u00bb column_padding_mobile=\u00a0\u00bbon\u00a0\u00bb _builder_version=\u00a0\u00bb3.25&Prime; background_size=\u00a0\u00bbinitial\u00a0\u00bb background_position=\u00a0\u00bbtop_left\u00a0\u00bb background_repeat=\u00a0\u00bbrepeat\u00a0\u00bb make_fullwidth=\u00a0\u00bboff\u00a0\u00bb use_custom_width=\u00a0\u00bboff\u00a0\u00bb width_unit=\u00a0\u00bbon\u00a0\u00bb _i=\u00a0\u00bb0&Prime; _address=\u00a0\u00bb1.0&Prime;][et_pb_column type=\u00a0\u00bb4_4&Prime; _builder_version=\u00a0\u00bb3.25&Prime; custom_padding=\u00a0\u00bb|||\u00a0\u00bb _i=\u00a0\u00bb0&Prime; _address=\u00a0\u00bb1.0.0&Prime; custom_padding__hover=\u00a0\u00bb|||\u00a0\u00bb][et_pb_text _builder_version=\u00a0\u00bb3.27.4&Prime; background_size=\u00a0\u00bbinitial\u00a0\u00bb background_position=\u00a0\u00bbtop_left\u00a0\u00bb background_repeat=\u00a0\u00bbrepeat\u00a0\u00bb use_border_color=\u00a0\u00bboff\u00a0\u00bb border_color=\u00a0\u00bb#ffffff\u00a0\u00bb border_style=\u00a0\u00bbsolid\u00a0\u00bb _i=\u00a0\u00bb0&Prime; _address=\u00a0\u00bb1.0.0.0&Prime;]<\/p>\n<div class=\"wpb_wrapper corporate_page_heading1\">\n<h1 class=\"solution_headh1\">Chaque programme de voyages est un partenariat.<\/h1>\n<p>Lorsque vous nous accordez votre confiance pour r\u00e9pondre aux besoins de votre entreprise en mati\u00e8re de voyages, nous travaillons \u00e9troitement avec vous pour concevoir un programme r\u00e9ussi qui correspond \u00e0 votre budget. Notre \u00e9quipe analyse vos voyages d&rsquo;affaires afin de vous proposer les solutions de gestion de voyages appropri\u00e9es parmi notre large \u00e9ventail de produits.<\/p>\n<\/div>\n<p>[\/et_pb_text][\/et_pb_column][\/et_pb_row][et_pb_row padding_mobile=\u00a0\u00bboff\u00a0\u00bb make_equal=\u00a0\u00bbon\u00a0\u00bb column_padding_mobile=\u00a0\u00bbon\u00a0\u00bb _builder_version=\u00a0\u00bb3.25&Prime; background_size=\u00a0\u00bbinitial\u00a0\u00bb background_position=\u00a0\u00bbtop_left\u00a0\u00bb background_repeat=\u00a0\u00bbrepeat\u00a0\u00bb make_fullwidth=\u00a0\u00bboff\u00a0\u00bb use_custom_width=\u00a0\u00bboff\u00a0\u00bb width_unit=\u00a0\u00bbon\u00a0\u00bb _i=\u00a0\u00bb1&Prime; _address=\u00a0\u00bb1.1&Prime; column_structure=\u00a0\u00bb1_3,1_3,1_3&Prime;][et_pb_column type=\u00a0\u00bb1_3&Prime; _builder_version=\u00a0\u00bb3.25&Prime; background_color=\u00a0\u00bb#f5f5f5&Prime; custom_padding=\u00a0\u00bb|||\u00a0\u00bb _i=\u00a0\u00bb0&Prime; _address=\u00a0\u00bb1.1.0&Prime; custom_padding__hover=\u00a0\u00bb|||\u00a0\u00bb][et_pb_blurb title=\u00a0\u00bbOutils de r\u00e9servation en ligne\u00a0\u00bb url=\u00a0\u00bbhttps:\/\/www.visiontravel.ca\/fr\/online-travel-booking-tools\/\u00a0\u00bb image=\u00a0\u00bbhttps:\/\/www.dt.com\/ca\/wp-content\/uploads\/2017\/02\/online-booking-tools-1.jpg\u00a0\u00bb admin_label=\u00a0\u00bbOBTs\u00a0\u00bb module_class=\u00a0\u00bbzoom-blurb\u00a0\u00bb _builder_version=\u00a0\u00bb3.29.3&Prime; header_font=\u00a0\u00bb|on|||\u00a0\u00bb header_text_color=\u00a0\u00bb#e31d1a\u00a0\u00bb header_font_size=\u00a0\u00bb16&Prime; body_line_height=\u00a0\u00bb1em\u00a0\u00bb background_color=\u00a0\u00bb#f5f5f5&Prime; background_size=\u00a0\u00bbinitial\u00a0\u00bb background_position=\u00a0\u00bbtop_left\u00a0\u00bb background_repeat=\u00a0\u00bbrepeat\u00a0\u00bb text_orientation=\u00a0\u00bbcenter\u00a0\u00bb max_width_tablet=\u00a0\u00bb50px\u00a0\u00bb custom_padding=\u00a0\u00bb15px|15px|15px|15px\u00a0\u00bb animation=\u00a0\u00bboff\u00a0\u00bb hover_enabled=\u00a0\u00bb0&Prime; use_border_color=\u00a0\u00bboff\u00a0\u00bb saved_tabs=\u00a0\u00bball\u00a0\u00bb _i=\u00a0\u00bb0&Prime; _address=\u00a0\u00bb1.1.0.0&Prime;]<\/p>\n<p>Un outil pratique vous permettant de prendre en main vos voyages. R\u00e9servez en ligne, quand vous le voulez, en respectant votre directive sur les voyages.<\/p>\n<p>[\/et_pb_blurb][\/et_pb_column][et_pb_column type=\u00a0\u00bb1_3&Prime; _builder_version=\u00a0\u00bb3.25&Prime; background_color=\u00a0\u00bb#f5f5f5&Prime; custom_padding=\u00a0\u00bb|||\u00a0\u00bb _i=\u00a0\u00bb1&Prime; _address=\u00a0\u00bb1.1.1&Prime; custom_padding__hover=\u00a0\u00bb|||\u00a0\u00bb][et_pb_blurb title=\u00a0\u00bbRapports sur les voyages\u00a0\u00bb url=\u00a0\u00bbhttps:\/\/www.visiontravel.ca\/fr\/business-int-ence\/\u00a0\u00bb image=\u00a0\u00bbhttps:\/\/www.dt.com\/ca\/wp-content\/uploads\/2017\/02\/businessintelligence.png\u00a0\u00bb admin_label=\u00a0\u00bbBusiness Intelligence\u00a0\u00bb module_class=\u00a0\u00bbzoom-blurb\u00a0\u00bb _builder_version=\u00a0\u00bb3.0.92&Prime; header_font=\u00a0\u00bb|on|||\u00a0\u00bb header_text_color=\u00a0\u00bb#e31d1a\u00a0\u00bb header_font_size=\u00a0\u00bb16&Prime; body_line_height=\u00a0\u00bb1em\u00a0\u00bb background_color=\u00a0\u00bb#f5f5f5&Prime; background_size=\u00a0\u00bbinitial\u00a0\u00bb background_position=\u00a0\u00bbtop_left\u00a0\u00bb background_repeat=\u00a0\u00bbrepeat\u00a0\u00bb text_orientation=\u00a0\u00bbcenter\u00a0\u00bb max_width_tablet=\u00a0\u00bb50px\u00a0\u00bb custom_padding=\u00a0\u00bb15px|15px|15px|15px\u00a0\u00bb animation=\u00a0\u00bboff\u00a0\u00bb use_border_color=\u00a0\u00bboff\u00a0\u00bb saved_tabs=\u00a0\u00bball\u00a0\u00bb _i=\u00a0\u00bb0&Prime; _address=\u00a0\u00bb1.1.1.0&Prime;]<\/p>\n<p>Veille strat\u00e9gique : toutes les donn\u00e9es dont vous avez besoin.<\/p>\n<p>[\/et_pb_blurb][\/et_pb_column][et_pb_column type=\u00a0\u00bb1_3&Prime; _builder_version=\u00a0\u00bb3.25&Prime; background_color=\u00a0\u00bb#f5f5f5&Prime; custom_padding=\u00a0\u00bb|||\u00a0\u00bb _i=\u00a0\u00bb2&Prime; _address=\u00a0\u00bb1.1.2&Prime; custom_padding__hover=\u00a0\u00bb|||\u00a0\u00bb][et_pb_blurb title=\u00a0\u00bbAssurance qualit\u00e9\u00a0\u00bb url=\u00a0\u00bbhttps:\/\/www.visiontravel.ca\/fr\/assurance-qualite\/\u00a0\u00bb image=\u00a0\u00bbhttps:\/\/www.dt.com\/ca\/wp-content\/uploads\/2017\/02\/Quality-Assurance.jpg\u00a0\u00bb admin_label=\u00a0\u00bbQC\u00a0\u00bb module_class=\u00a0\u00bbzoom-blurb\u00a0\u00bb _builder_version=\u00a0\u00bb3.0.92&Prime; header_font=\u00a0\u00bb|on|||\u00a0\u00bb header_text_color=\u00a0\u00bb#e31d1a\u00a0\u00bb header_font_size=\u00a0\u00bb16&Prime; body_line_height=\u00a0\u00bb1em\u00a0\u00bb background_color=\u00a0\u00bb#f5f5f5&Prime; background_size=\u00a0\u00bbinitial\u00a0\u00bb background_position=\u00a0\u00bbtop_left\u00a0\u00bb background_repeat=\u00a0\u00bbrepeat\u00a0\u00bb text_orientation=\u00a0\u00bbcenter\u00a0\u00bb max_width_tablet=\u00a0\u00bb50px\u00a0\u00bb custom_padding=\u00a0\u00bb15px|15px|15px|15px\u00a0\u00bb animation=\u00a0\u00bboff\u00a0\u00bb use_border_color=\u00a0\u00bboff\u00a0\u00bb saved_tabs=\u00a0\u00bball\u00a0\u00bb _i=\u00a0\u00bb0&Prime; _address=\u00a0\u00bb1.1.2.0&Prime;]Des syst\u00e8mes d&rsquo;assurance qualit\u00e9<br \/>\noffrant la finition automatis\u00e9e des fichiers.<br \/>\n[\/et_pb_blurb][\/et_pb_column][\/et_pb_row][et_pb_row padding_mobile=\u00a0\u00bboff\u00a0\u00bb make_equal=\u00a0\u00bbon\u00a0\u00bb column_padding_mobile=\u00a0\u00bbon\u00a0\u00bb _builder_version=\u00a0\u00bb3.25&Prime; background_size=\u00a0\u00bbinitial\u00a0\u00bb background_position=\u00a0\u00bbtop_left\u00a0\u00bb background_repeat=\u00a0\u00bbrepeat\u00a0\u00bb make_fullwidth=\u00a0\u00bboff\u00a0\u00bb use_custom_width=\u00a0\u00bboff\u00a0\u00bb width_unit=\u00a0\u00bbon\u00a0\u00bb _i=\u00a0\u00bb2&Prime; _address=\u00a0\u00bb1.2&Prime; column_structure=\u00a0\u00bb1_3,1_3,1_3&Prime;][et_pb_column type=\u00a0\u00bb1_3&Prime; _builder_version=\u00a0\u00bb3.25&Prime; background_color=\u00a0\u00bb#f5f5f5&Prime; custom_padding=\u00a0\u00bb|||\u00a0\u00bb _i=\u00a0\u00bb0&Prime; _address=\u00a0\u00bb1.2.0&Prime; custom_padding__hover=\u00a0\u00bb|||\u00a0\u00bb][et_pb_blurb title=\u00a0\u00bbDevoir de diligence\u00a0\u00bb url=\u00a0\u00bbhttps:\/\/www.visiontravel.ca\/fr\/vision-assure\/\u00a0\u00bb image=\u00a0\u00bbhttps:\/\/www.dt.com\/ca\/wp-content\/uploads\/2017\/02\/Vision-Assure.jpg\u00a0\u00bb admin_label=\u00a0\u00bbDevoir de diligence\u00a0\u00bb module_class=\u00a0\u00bbzoom-blurb\u00a0\u00bb _builder_version=\u00a0\u00bb3.0.92&Prime; header_font=\u00a0\u00bb|on|||\u00a0\u00bb header_text_color=\u00a0\u00bb#e31d1a\u00a0\u00bb header_font_size=\u00a0\u00bb16&Prime; body_line_height=\u00a0\u00bb1em\u00a0\u00bb background_color=\u00a0\u00bb#f5f5f5&Prime; background_size=\u00a0\u00bbinitial\u00a0\u00bb background_position=\u00a0\u00bbtop_left\u00a0\u00bb background_repeat=\u00a0\u00bbrepeat\u00a0\u00bb text_orientation=\u00a0\u00bbcenter\u00a0\u00bb max_width_tablet=\u00a0\u00bb50px\u00a0\u00bb custom_padding=\u00a0\u00bb15px|15px|15px|15px\u00a0\u00bb animation=\u00a0\u00bboff\u00a0\u00bb use_border_color=\u00a0\u00bboff\u00a0\u00bb saved_tabs=\u00a0\u00bball\u00a0\u00bb _i=\u00a0\u00bb0&Prime; _address=\u00a0\u00bb1.2.0.0&Prime;]<\/p>\n<p>Direct2U : une appli pour g\u00e9olocaliser vos voyageurs, communiquer avec eux en tout temps et assurer leur s\u00e9curit\u00e9.<\/p>\n<p>[\/et_pb_blurb][\/et_pb_column][et_pb_column type=\u00a0\u00bb1_3&Prime; _builder_version=\u00a0\u00bb3.25&Prime; background_color=\u00a0\u00bb#f5f5f5&Prime; custom_padding=\u00a0\u00bb|||\u00a0\u00bb _i=\u00a0\u00bb1&Prime; _address=\u00a0\u00bb1.2.1&Prime; custom_padding__hover=\u00a0\u00bb|||\u00a0\u00bb][et_pb_blurb title=\u00a0\u00bbPortail Web pour les voyages d&rsquo;affaires\u00a0\u00bb url=\u00a0\u00bbhttps:\/\/www.visiontravel.ca\/fr\/vision-links\/\u00a0\u00bb image=\u00a0\u00bbhttps:\/\/www.dt.com\/ca\/wp-content\/uploads\/2017\/02\/Vision-Links.png\u00a0\u00bb admin_label=\u00a0\u00bbVision Links\u00a0\u00bb module_class=\u00a0\u00bbzoom-blurb\u00a0\u00bb _builder_version=\u00a0\u00bb3.0.92&Prime; header_font=\u00a0\u00bb|on|||\u00a0\u00bb header_text_color=\u00a0\u00bb#e31d1a\u00a0\u00bb header_font_size=\u00a0\u00bb16&Prime; body_line_height=\u00a0\u00bb1em\u00a0\u00bb background_color=\u00a0\u00bb#f5f5f5&Prime; background_size=\u00a0\u00bbinitial\u00a0\u00bb background_position=\u00a0\u00bbtop_left\u00a0\u00bb background_repeat=\u00a0\u00bbrepeat\u00a0\u00bb text_orientation=\u00a0\u00bbcenter\u00a0\u00bb max_width_tablet=\u00a0\u00bb50px\u00a0\u00bb custom_padding=\u00a0\u00bb15px|15px|15px|15px\u00a0\u00bb animation=\u00a0\u00bboff\u00a0\u00bb use_border_color=\u00a0\u00bboff\u00a0\u00bb saved_tabs=\u00a0\u00bball\u00a0\u00bb _i=\u00a0\u00bb0&Prime; _address=\u00a0\u00bb1.2.1.0&Prime;]Vision Links : un portail personnalis\u00e9 pour vos voyages d&rsquo;affaires vous permettant, entre autres, de g\u00e9rer les profils des voyageurs.<br \/>\n[\/et_pb_blurb][\/et_pb_column][et_pb_column type=\u00a0\u00bb1_3&Prime; _builder_version=\u00a0\u00bb3.25&Prime; background_color=\u00a0\u00bb#f5f5f5&Prime; custom_padding=\u00a0\u00bb|||\u00a0\u00bb _i=\u00a0\u00bb2&Prime; _address=\u00a0\u00bb1.2.2&Prime; custom_padding__hover=\u00a0\u00bb|||\u00a0\u00bb][et_pb_blurb title=\u00a0\u00bbLogiciel de gestion de voyages d&rsquo;affaires\u00a0\u00bb url=\u00a0\u00bbhttps:\/\/www.visiontravel.ca\/fr\/vision-innfinity\/\u00a0\u00bb image=\u00a0\u00bbhttps:\/\/www.dt.com\/ca\/wp-content\/uploads\/2017\/02\/Vision-Innfinity.png\u00a0\u00bb admin_label=\u00a0\u00bbInnfinity\u00a0\u00bb module_class=\u00a0\u00bbzoom-blurb\u00a0\u00bb _builder_version=\u00a0\u00bb3.0.92&Prime; header_font=\u00a0\u00bb|on|||\u00a0\u00bb header_text_color=\u00a0\u00bb#e31d1a\u00a0\u00bb header_font_size=\u00a0\u00bb16&Prime; body_line_height=\u00a0\u00bb1em\u00a0\u00bb background_color=\u00a0\u00bb#f5f5f5&Prime; background_size=\u00a0\u00bbinitial\u00a0\u00bb background_position=\u00a0\u00bbtop_left\u00a0\u00bb background_repeat=\u00a0\u00bbrepeat\u00a0\u00bb text_orientation=\u00a0\u00bbcenter\u00a0\u00bb max_width_tablet=\u00a0\u00bb50px\u00a0\u00bb custom_padding=\u00a0\u00bb15px|15px|15px|15px\u00a0\u00bb animation=\u00a0\u00bboff\u00a0\u00bb use_border_color=\u00a0\u00bboff\u00a0\u00bb saved_tabs=\u00a0\u00bball\u00a0\u00bb _i=\u00a0\u00bb0&Prime; _address=\u00a0\u00bb1.2.2.0&Prime;]Vision Innfinity : un outil de r\u00e9servation en ligne<br \/>\npour les voyages aux itin\u00e9raires complexes.<br \/>\n[\/et_pb_blurb][\/et_pb_column][\/et_pb_row][\/et_pb_section]<\/p>\n","protected":false},"excerpt":{"rendered":"<p>Chaque programme de voyages est un partenariat. Lorsque vous nous accordez votre confiance pour r\u00e9pondre aux besoins de votre entreprise en mati\u00e8re de voyages, nous travaillons \u00e9troitement avec vous pour concevoir un programme r\u00e9ussi qui correspond \u00e0 votre budget. Notre \u00e9quipe analyse vos voyages d&rsquo;affaires afin de vous proposer les solutions de gestion de voyages [&hellip;]<\/p>\n","protected":false},"author":1,"featured_media":0,"parent":0,"menu_order":0,"comment_status":"closed","ping_status":"closed","template":"","meta":{"_et_pb_use_builder":"on","_et_pb_old_content":"","_et_gb_content_width":"","content-type":"","footnotes":""},"class_list":["post-1268","page","type-page","status-publish","hentry"],"_links":{"self":[{"href":"https:\/\/www.dt.com\/fr-ca\/ca\/en-ca\/?rest_route=\/wp\/v2\/pages\/1268","targetHints":{"allow":["GET"]}}],"collection":[{"href":"https:\/\/www.dt.com\/fr-ca\/ca\/en-ca\/?rest_route=\/wp\/v2\/pages"}],"about":[{"href":"https:\/\/www.dt.com\/fr-ca\/ca\/en-ca\/?rest_route=\/wp\/v2\/types\/page"}],"author":[{"embeddable":true,"href":"https:\/\/www.dt.com\/fr-ca\/ca\/en-ca\/?rest_route=\/wp\/v2\/users\/1"}],"replies":[{"embeddable":true,"href":"https:\/\/www.dt.com\/fr-ca\/ca\/en-ca\/?rest_route=%2Fwp%2Fv2%2Fcomments&post=1268"}],"version-history":[{"count":86,"href":"https:\/\/www.dt.com\/fr-ca\/ca\/en-ca\/?rest_route=\/wp\/v2\/pages\/1268\/revisions"}],"predecessor-version":[{"id":33634,"href":"https:\/\/www.dt.com\/fr-ca\/ca\/en-ca\/?rest_route=\/wp\/v2\/pages\/1268\/revisions\/33634"}],"wp:attachment":[{"href":"https:\/\/www.dt.com\/fr-ca\/ca\/en-ca\/?rest_route=%2Fwp%2Fv2%2Fmedia&parent=1268"}],"curies":[{"name":"wp","href":"https:\/\/api.w.org\/{rel}","templated":true}]}}