{"id":1260,"date":"2017-02-19T10:38:07","date_gmt":"2017-02-19T10:38:07","guid":{"rendered":"https:\/\/www.visiontravel.ca\/?page_id=1260"},"modified":"2019-09-30T13:26:39","modified_gmt":"2019-09-30T17:26:39","slug":"services","status":"publish","type":"page","link":"https:\/\/www.dt.com\/fr-ca\/services\/","title":{"rendered":"Nos services"},"content":{"rendered":"<p>[et_pb_section fb_built=\u00a0\u00bb1&Prime; fullwidth=\u00a0\u00bbon\u00a0\u00bb admin_label=\u00a0\u00bbsection\u00a0\u00bb _builder_version=\u00a0\u00bb3.22&Prime; background_color=\u00a0\u00bb#2ea3f2&Prime; bb_built=\u00a0\u00bb1&Prime; _i=\u00a0\u00bb0&Prime; _address=\u00a0\u00bb0&Prime;][et_pb_fullwidth_header content_max_width=\u00a0\u00bbnone\u00a0\u00bb module_class=\u00a0\u00bbcorporate_header\u00a0\u00bb _builder_version=\u00a0\u00bb3.16&Prime; background_color=\u00a0\u00bbrgba(255, 255, 255, 0)\u00a0\u00bb background_image=\u00a0\u00bbhttps:\/\/www.dt.com\/ca\/wp-content\/uploads\/2017\/02\/corporatetravelmanagement.jpg\u00a0\u00bb parallax=\u00a0\u00bbon\u00a0\u00bb custom_css_main_element=\u00a0\u00bbheight:100px;\u00a0\u00bb background_url=\u00a0\u00bbhttps:\/\/www.dt.com\/ca\/wp-content\/uploads\/2017\/02\/corporatetravelmanagement.jpg\u00a0\u00bb button_one_letter_spacing_hover=\u00a0\u00bb0&Prime; button_two_letter_spacing_hover=\u00a0\u00bb0&Prime; _i=\u00a0\u00bb0&Prime; _address=\u00a0\u00bb0.0&Prime; button_one_text_size__hover_enabled=\u00a0\u00bboff\u00a0\u00bb button_two_text_size__hover_enabled=\u00a0\u00bboff\u00a0\u00bb button_one_text_color__hover_enabled=\u00a0\u00bboff\u00a0\u00bb button_two_text_color__hover_enabled=\u00a0\u00bboff\u00a0\u00bb button_one_border_width__hover_enabled=\u00a0\u00bboff\u00a0\u00bb button_two_border_width__hover_enabled=\u00a0\u00bboff\u00a0\u00bb button_one_border_color__hover_enabled=\u00a0\u00bboff\u00a0\u00bb button_two_border_color__hover_enabled=\u00a0\u00bboff\u00a0\u00bb button_one_border_radius__hover_enabled=\u00a0\u00bboff\u00a0\u00bb button_two_border_radius__hover_enabled=\u00a0\u00bboff\u00a0\u00bb button_one_letter_spacing__hover_enabled=\u00a0\u00bbon\u00a0\u00bb button_one_letter_spacing__hover=\u00a0\u00bb0&Prime; button_two_letter_spacing__hover_enabled=\u00a0\u00bbon\u00a0\u00bb button_two_letter_spacing__hover=\u00a0\u00bb0&Prime; button_one_bg_color__hover_enabled=\u00a0\u00bboff\u00a0\u00bb button_two_bg_color__hover_enabled=\u00a0\u00bboff\u00a0\u00bb]&nbsp;<br \/>\n[\/et_pb_fullwidth_header][\/et_pb_section][et_pb_section fb_built=\u00a0\u00bb1&Prime; custom_padding_last_edited=\u00a0\u00bbon|desktop\u00a0\u00bb _builder_version=\u00a0\u00bb3.22&Prime; custom_padding_tablet=\u00a0\u00bb50px|0|50px|0&Prime; transparent_background=\u00a0\u00bboff\u00a0\u00bb padding_mobile=\u00a0\u00bboff\u00a0\u00bb make_fullwidth=\u00a0\u00bboff\u00a0\u00bb use_custom_width=\u00a0\u00bboff\u00a0\u00bb width_unit=\u00a0\u00bbon\u00a0\u00bb bb_built=\u00a0\u00bb1&Prime; _i=\u00a0\u00bb1&Prime; _address=\u00a0\u00bb1&Prime;][et_pb_row padding_mobile=\u00a0\u00bboff\u00a0\u00bb make_equal=\u00a0\u00bbon\u00a0\u00bb column_padding_mobile=\u00a0\u00bbon\u00a0\u00bb _builder_version=\u00a0\u00bb3.25&Prime; background_size=\u00a0\u00bbinitial\u00a0\u00bb background_position=\u00a0\u00bbtop_left\u00a0\u00bb background_repeat=\u00a0\u00bbrepeat\u00a0\u00bb make_fullwidth=\u00a0\u00bboff\u00a0\u00bb use_custom_width=\u00a0\u00bboff\u00a0\u00bb width_unit=\u00a0\u00bbon\u00a0\u00bb _i=\u00a0\u00bb0&Prime; _address=\u00a0\u00bb1.0&Prime;][et_pb_column type=\u00a0\u00bb4_4&Prime; _builder_version=\u00a0\u00bb3.25&Prime; custom_padding=\u00a0\u00bb|||\u00a0\u00bb _i=\u00a0\u00bb0&Prime; _address=\u00a0\u00bb1.0.0&Prime; custom_padding__hover=\u00a0\u00bb|||\u00a0\u00bb][et_pb_text _builder_version=\u00a0\u00bb3.27.4&Prime; background_size=\u00a0\u00bbinitial\u00a0\u00bb background_position=\u00a0\u00bbtop_left\u00a0\u00bb background_repeat=\u00a0\u00bbrepeat\u00a0\u00bb use_border_color=\u00a0\u00bboff\u00a0\u00bb border_color=\u00a0\u00bb#ffffff\u00a0\u00bb border_style=\u00a0\u00bbsolid\u00a0\u00bb _i=\u00a0\u00bb0&Prime; _address=\u00a0\u00bb1.0.0.0&Prime;]<\/p>\n<div class=\"wpb_wrapper corporate_page_heading1\">\n<h1 class=\"solution_headh1\">Des services con\u00e7us pour r\u00e9pondre \u00e0 vos besoins en mati\u00e8re de voyages.<\/h1>\n<p>Nous adoptons une approche personnalis\u00e9e en mati\u00e8re de voyages d\u2019affaires. C\u2019est pourquoi nous offrons, entre autres,\u00a0des solutions de gestion de voyages sur mesure auxquelles nous ajoutons tous les services n\u00e9cessaires aux d\u00e9placements professionnels de votre \u00e9quipe.<\/p>\n<p>Pour en savoir davantage sur les services que nous offrons \u00e0 nos clients d\u2019affaires, veuillez\u00a0cliquez sur les titres ci-dessous.<\/p>\n<\/div>\n<p>&nbsp;<\/p>\n<p><!-- .et-pb-option-container --><br \/>\n[\/et_pb_text][\/et_pb_column][\/et_pb_row][et_pb_row padding_mobile=\u00a0\u00bboff\u00a0\u00bb make_equal=\u00a0\u00bbon\u00a0\u00bb column_padding_mobile=\u00a0\u00bbon\u00a0\u00bb _builder_version=\u00a0\u00bb3.25&Prime; background_size=\u00a0\u00bbinitial\u00a0\u00bb background_position=\u00a0\u00bbtop_left\u00a0\u00bb background_repeat=\u00a0\u00bbrepeat\u00a0\u00bb make_fullwidth=\u00a0\u00bboff\u00a0\u00bb use_custom_width=\u00a0\u00bboff\u00a0\u00bb width_unit=\u00a0\u00bbon\u00a0\u00bb _i=\u00a0\u00bb1&Prime; _address=\u00a0\u00bb1.1&Prime; column_structure=\u00a0\u00bb1_3,1_3,1_3&Prime;][et_pb_column type=\u00a0\u00bb1_3&Prime; _builder_version=\u00a0\u00bb3.25&Prime; background_color=\u00a0\u00bb#f5f5f5&Prime; custom_padding=\u00a0\u00bb|||\u00a0\u00bb _i=\u00a0\u00bb0&Prime; _address=\u00a0\u00bb1.1.0&Prime; custom_padding__hover=\u00a0\u00bb|||\u00a0\u00bb][et_pb_blurb title=\u00a0\u00bbGestion des comptes\u00a0\u00bb url=\u00a0\u00bbhttps:\/\/www.visiontravel.ca\/fr\/account-management\/\u00a0\u00bb image=\u00a0\u00bbhttps:\/\/www.dt.com\/ca\/wp-content\/uploads\/2017\/02\/Account-Management.jpg\u00a0\u00bb admin_label=\u00a0\u00bbAMs\u00a0\u00bb module_class=\u00a0\u00bbzoom-blurb\u00a0\u00bb _builder_version=\u00a0\u00bb3.0.92&Prime; header_font=\u00a0\u00bb|on|||\u00a0\u00bb header_text_color=\u00a0\u00bb#e31d1a\u00a0\u00bb header_font_size=\u00a0\u00bb16&Prime; body_line_height=\u00a0\u00bb1em\u00a0\u00bb background_color=\u00a0\u00bb#f5f5f5&Prime; background_size=\u00a0\u00bbinitial\u00a0\u00bb background_position=\u00a0\u00bbtop_left\u00a0\u00bb background_repeat=\u00a0\u00bbrepeat\u00a0\u00bb text_orientation=\u00a0\u00bbcenter\u00a0\u00bb max_width_tablet=\u00a0\u00bb50px\u00a0\u00bb custom_padding=\u00a0\u00bb15px|15px|15px|15px\u00a0\u00bb animation=\u00a0\u00bboff\u00a0\u00bb use_border_color=\u00a0\u00bboff\u00a0\u00bb saved_tabs=\u00a0\u00bball\u00a0\u00bb _i=\u00a0\u00bb0&Prime; _address=\u00a0\u00bb1.1.0.0&Prime;]Votre programme de voyages est g\u00e9r\u00e9 par un sp\u00e9cialiste des voyages d&rsquo;affaires poss\u00e9dant l&rsquo;exp\u00e9rience et le d\u00e9vouement n\u00e9cessaires pour assurer son succ\u00e8s.<br \/>\n[\/et_pb_blurb][\/et_pb_column][et_pb_column type=\u00a0\u00bb1_3&Prime; _builder_version=\u00a0\u00bb3.25&Prime; background_color=\u00a0\u00bb#f5f5f5&Prime; custom_padding=\u00a0\u00bb|||\u00a0\u00bb _i=\u00a0\u00bb1&Prime; _address=\u00a0\u00bb1.1.1&Prime; custom_padding__hover=\u00a0\u00bb|||\u00a0\u00bb][et_pb_blurb title=\u00a0\u00bbAssistance d&rsquo;urgence et service 24 h\/24&Prime; url=\u00a0\u00bbhttps:\/\/www.visiontravel.ca\/fr\/vision-24\/\u00a0\u00bb image=\u00a0\u00bbhttps:\/\/www.dt.com\/ca\/wp-content\/uploads\/2017\/02\/Vision-24.jpg\u00a0\u00bb admin_label=\u00a0\u00bbVision 24&Prime; module_class=\u00a0\u00bbzoom-blurb\u00a0\u00bb _builder_version=\u00a0\u00bb3.0.92&Prime; header_font=\u00a0\u00bb|on|||\u00a0\u00bb header_text_color=\u00a0\u00bb#e31d1a\u00a0\u00bb header_font_size=\u00a0\u00bb16&Prime; body_line_height=\u00a0\u00bb1em\u00a0\u00bb background_color=\u00a0\u00bb#f5f5f5&Prime; background_size=\u00a0\u00bbinitial\u00a0\u00bb background_position=\u00a0\u00bbtop_left\u00a0\u00bb background_repeat=\u00a0\u00bbrepeat\u00a0\u00bb text_orientation=\u00a0\u00bbcenter\u00a0\u00bb max_width_tablet=\u00a0\u00bb50px\u00a0\u00bb custom_padding=\u00a0\u00bb15px|15px|15px|15px\u00a0\u00bb animation=\u00a0\u00bboff\u00a0\u00bb use_border_color=\u00a0\u00bboff\u00a0\u00bb saved_tabs=\u00a0\u00bball\u00a0\u00bb _i=\u00a0\u00bb0&Prime; _address=\u00a0\u00bb1.1.1.0&Prime;]Gr\u00e2ce \u00e0 notre ligne t\u00e9l\u00e9phonique 24 h\/24, vos voyageurs peuvent communiquer avec nous en tout temps, et ce, o\u00f9 qu&rsquo;ils soient.<br \/>\n[\/et_pb_blurb][\/et_pb_column][et_pb_column type=\u00a0\u00bb1_3&Prime; _builder_version=\u00a0\u00bb3.25&Prime; background_color=\u00a0\u00bb#f5f5f5&Prime; custom_padding=\u00a0\u00bb|||\u00a0\u00bb _i=\u00a0\u00bb2&Prime; _address=\u00a0\u00bb1.1.2&Prime; custom_padding__hover=\u00a0\u00bb|||\u00a0\u00bb][et_pb_blurb title=\u00a0\u00bbVoyages haut de gamme\u00a0\u00bb url=\u00a0\u00bbhttps:\/\/www.visiontravel.ca\/fr\/voyages-haut-de-gamme\/\u00a0\u00bb image=\u00a0\u00bbhttps:\/\/www.dt.com\/ca\/wp-content\/uploads\/2017\/02\/elite.jpg\u00a0\u00bb admin_label=\u00a0\u00bbElite\u00a0\u00bb module_class=\u00a0\u00bbzoom-blurb\u00a0\u00bb _builder_version=\u00a0\u00bb3.0.92&Prime; header_font=\u00a0\u00bb|on|||\u00a0\u00bb header_text_color=\u00a0\u00bb#e31d1a\u00a0\u00bb header_font_size=\u00a0\u00bb16&Prime; body_line_height=\u00a0\u00bb1em\u00a0\u00bb background_color=\u00a0\u00bb#f5f5f5&Prime; background_size=\u00a0\u00bbinitial\u00a0\u00bb background_position=\u00a0\u00bbtop_left\u00a0\u00bb background_repeat=\u00a0\u00bbrepeat\u00a0\u00bb text_orientation=\u00a0\u00bbcenter\u00a0\u00bb max_width_tablet=\u00a0\u00bb50px\u00a0\u00bb custom_padding=\u00a0\u00bb15px|15px|15px|15px\u00a0\u00bb animation=\u00a0\u00bboff\u00a0\u00bb use_border_color=\u00a0\u00bboff\u00a0\u00bb saved_tabs=\u00a0\u00bball\u00a0\u00bb _i=\u00a0\u00bb0&Prime; _address=\u00a0\u00bb1.1.2.0&Prime;]L&rsquo;\u00e9lite et les dirigeants d&rsquo;entreprise profitent d&rsquo;une plateforme exclusive.<br \/>\n[\/et_pb_blurb][\/et_pb_column][\/et_pb_row][et_pb_row padding_mobile=\u00a0\u00bboff\u00a0\u00bb make_equal=\u00a0\u00bbon\u00a0\u00bb column_padding_mobile=\u00a0\u00bbon\u00a0\u00bb _builder_version=\u00a0\u00bb3.25&Prime; background_size=\u00a0\u00bbinitial\u00a0\u00bb background_position=\u00a0\u00bbtop_left\u00a0\u00bb background_repeat=\u00a0\u00bbrepeat\u00a0\u00bb make_fullwidth=\u00a0\u00bboff\u00a0\u00bb use_custom_width=\u00a0\u00bboff\u00a0\u00bb width_unit=\u00a0\u00bbon\u00a0\u00bb _i=\u00a0\u00bb2&Prime; _address=\u00a0\u00bb1.2&Prime; column_structure=\u00a0\u00bb1_3,1_3,1_3&Prime;][et_pb_column type=\u00a0\u00bb1_3&Prime; _builder_version=\u00a0\u00bb3.25&Prime; background_color=\u00a0\u00bb#f5f5f5&Prime; custom_padding=\u00a0\u00bb|||\u00a0\u00bb _i=\u00a0\u00bb0&Prime; _address=\u00a0\u00bb1.2.0&Prime; custom_padding__hover=\u00a0\u00bb|||\u00a0\u00bb][et_pb_blurb title=\u00a0\u00bbGamme compl\u00e8te de tarifs\u00a0\u00bb url=\u00a0\u00bbhttps:\/\/www.visiontravel.ca\/fr\/gamme-complete-de-tarifs\/\u00a0\u00bb image=\u00a0\u00bbhttps:\/\/www.dt.com\/ca\/wp-content\/uploads\/2017\/02\/total-option-pricing.jpg\u00a0\u00bb admin_label=\u00a0\u00bbTOP\u00a0\u00bb module_class=\u00a0\u00bbzoom-blurb\u00a0\u00bb _builder_version=\u00a0\u00bb3.0.92&Prime; header_font=\u00a0\u00bb|on|||\u00a0\u00bb header_text_color=\u00a0\u00bb#e31d1a\u00a0\u00bb header_font_size=\u00a0\u00bb16&Prime; body_line_height=\u00a0\u00bb1em\u00a0\u00bb background_color=\u00a0\u00bb#f5f5f5&Prime; background_size=\u00a0\u00bbinitial\u00a0\u00bb background_position=\u00a0\u00bbtop_left\u00a0\u00bb background_repeat=\u00a0\u00bbrepeat\u00a0\u00bb text_orientation=\u00a0\u00bbcenter\u00a0\u00bb max_width_tablet=\u00a0\u00bb50px\u00a0\u00bb custom_padding=\u00a0\u00bb15px|15px|15px|15px\u00a0\u00bb animation=\u00a0\u00bboff\u00a0\u00bb use_border_color=\u00a0\u00bboff\u00a0\u00bb saved_tabs=\u00a0\u00bball\u00a0\u00bb _i=\u00a0\u00bb0&Prime; _address=\u00a0\u00bb1.2.0.0&Prime;]<\/p>\n<p>Nous nous occupons de consulter toutes les ressources afin de trouver pour vous\u00a0les meilleurs tarifs offerts.<\/p>\n<p>[\/et_pb_blurb][\/et_pb_column][et_pb_column type=\u00a0\u00bb1_3&Prime; _builder_version=\u00a0\u00bb3.25&Prime; background_color=\u00a0\u00bb#f5f5f5&Prime; custom_padding=\u00a0\u00bb|||\u00a0\u00bb _i=\u00a0\u00bb1&Prime; _address=\u00a0\u00bb1.2.1&Prime; custom_padding__hover=\u00a0\u00bb|||\u00a0\u00bb][et_pb_blurb title=\u00a0\u00bbVision Air\u00a0\u00bb url=\u00a0\u00bbhttps:\/\/www.visiontravel.ca\/fr\/vision-air\/\u00a0\u00bb image=\u00a0\u00bbhttps:\/\/www.dt.com\/ca\/wp-content\/uploads\/2017\/02\/Vision-Air-1.jpg\u00a0\u00bb admin_label=\u00a0\u00bbVision Air\u00a0\u00bb module_class=\u00a0\u00bbzoom-blurb\u00a0\u00bb _builder_version=\u00a0\u00bb3.0.92&Prime; header_font=\u00a0\u00bb|on|||\u00a0\u00bb header_text_color=\u00a0\u00bb#e31d1a\u00a0\u00bb header_font_size=\u00a0\u00bb16&Prime; body_line_height=\u00a0\u00bb1em\u00a0\u00bb background_color=\u00a0\u00bb#f5f5f5&Prime; background_size=\u00a0\u00bbinitial\u00a0\u00bb background_position=\u00a0\u00bbtop_left\u00a0\u00bb background_repeat=\u00a0\u00bbrepeat\u00a0\u00bb text_orientation=\u00a0\u00bbcenter\u00a0\u00bb max_width_tablet=\u00a0\u00bb50px\u00a0\u00bb custom_padding=\u00a0\u00bb15px|15px|15px|15px\u00a0\u00bb animation=\u00a0\u00bboff\u00a0\u00bb use_border_color=\u00a0\u00bboff\u00a0\u00bb saved_tabs=\u00a0\u00bball\u00a0\u00bb _i=\u00a0\u00bb0&Prime; _address=\u00a0\u00bb1.2.1.0&Prime;]En plus de proposer une\u00a0gamme compl\u00e8te de tarifs, nous offrons un service de tarifs transfrontaliers et internationaux, Vision Air.<br \/>\n[\/et_pb_blurb][\/et_pb_column][et_pb_column type=\u00a0\u00bb1_3&Prime; _builder_version=\u00a0\u00bb3.25&Prime; background_color=\u00a0\u00bb#f5f5f5&Prime; custom_padding=\u00a0\u00bb|||\u00a0\u00bb _i=\u00a0\u00bb2&Prime; _address=\u00a0\u00bb1.2.2&Prime; custom_padding__hover=\u00a0\u00bb|||\u00a0\u00bb][et_pb_blurb title=\u00a0\u00bbVacances \u00e9vasion\u00a0\u00bb url=\u00a0\u00bbhttps:\/\/www.visiontravel.ca\/fr\/services\/vacances-evasion\/\u00a0\u00bb image=\u00a0\u00bbhttps:\/\/www.dt.com\/ca\/wp-content\/uploads\/2017\/02\/Vacations-1.jpg\u00a0\u00bb admin_label=\u00a0\u00bbVacances \u00e9vasion\u00a0\u00bb module_class=\u00a0\u00bbzoom-blurb\u00a0\u00bb _builder_version=\u00a0\u00bb3.0.92&Prime; header_font=\u00a0\u00bb|on|||\u00a0\u00bb header_text_color=\u00a0\u00bb#e31d1a\u00a0\u00bb header_font_size=\u00a0\u00bb16&Prime; body_line_height=\u00a0\u00bb1em\u00a0\u00bb background_color=\u00a0\u00bb#f5f5f5&Prime; background_size=\u00a0\u00bbinitial\u00a0\u00bb background_position=\u00a0\u00bbtop_left\u00a0\u00bb background_repeat=\u00a0\u00bbrepeat\u00a0\u00bb text_orientation=\u00a0\u00bbcenter\u00a0\u00bb max_width_tablet=\u00a0\u00bb50px\u00a0\u00bb custom_padding=\u00a0\u00bb15px|15px|15px|15px\u00a0\u00bb animation=\u00a0\u00bboff\u00a0\u00bb use_border_color=\u00a0\u00bboff\u00a0\u00bb saved_tabs=\u00a0\u00bball\u00a0\u00bb _i=\u00a0\u00bb0&Prime; _address=\u00a0\u00bb1.2.2.0&Prime;]Gr\u00e2ce \u00e0 votre site Web personnalis\u00e9, vos employ\u00e9s et leur famille profitent de petits plus et de promotions exclusives sur les vacances les plus populaires au monde.<br \/>\n[\/et_pb_blurb][\/et_pb_column][\/et_pb_row][\/et_pb_section]<\/p>\n","protected":false},"excerpt":{"rendered":"<p>&nbsp; Des services con\u00e7us pour r\u00e9pondre \u00e0 vos besoins en mati\u00e8re de voyages. Nous adoptons une approche personnalis\u00e9e en mati\u00e8re de voyages d\u2019affaires. C\u2019est pourquoi nous offrons, entre autres,\u00a0des solutions de gestion de voyages sur mesure auxquelles nous ajoutons tous les services n\u00e9cessaires aux d\u00e9placements professionnels de votre \u00e9quipe. Pour en savoir davantage sur les [&hellip;]<\/p>\n","protected":false},"author":1,"featured_media":0,"parent":0,"menu_order":0,"comment_status":"closed","ping_status":"closed","template":"","meta":{"_et_pb_use_builder":"on","_et_pb_old_content":"","_et_gb_content_width":"","content-type":"","footnotes":""},"class_list":["post-1260","page","type-page","status-publish","hentry"],"_links":{"self":[{"href":"https:\/\/www.dt.com\/fr-ca\/ca\/en-ca\/?rest_route=\/wp\/v2\/pages\/1260","targetHints":{"allow":["GET"]}}],"collection":[{"href":"https:\/\/www.dt.com\/fr-ca\/ca\/en-ca\/?rest_route=\/wp\/v2\/pages"}],"about":[{"href":"https:\/\/www.dt.com\/fr-ca\/ca\/en-ca\/?rest_route=\/wp\/v2\/types\/page"}],"author":[{"embeddable":true,"href":"https:\/\/www.dt.com\/fr-ca\/ca\/en-ca\/?rest_route=\/wp\/v2\/users\/1"}],"replies":[{"embeddable":true,"href":"https:\/\/www.dt.com\/fr-ca\/ca\/en-ca\/?rest_route=%2Fwp%2Fv2%2Fcomments&post=1260"}],"version-history":[{"count":63,"href":"https:\/\/www.dt.com\/fr-ca\/ca\/en-ca\/?rest_route=\/wp\/v2\/pages\/1260\/revisions"}],"predecessor-version":[{"id":33626,"href":"https:\/\/www.dt.com\/fr-ca\/ca\/en-ca\/?rest_route=\/wp\/v2\/pages\/1260\/revisions\/33626"}],"wp:attachment":[{"href":"https:\/\/www.dt.com\/fr-ca\/ca\/en-ca\/?rest_route=%2Fwp%2Fv2%2Fmedia&parent=1260"}],"curies":[{"name":"wp","href":"https:\/\/api.w.org\/{rel}","templated":true}]}}