{"id":1226,"date":"2017-02-25T12:40:18","date_gmt":"2017-02-25T12:40:18","guid":{"rendered":"https:\/\/www.visiontravel.ca\/?page_id=1226"},"modified":"2019-09-30T15:08:00","modified_gmt":"2019-09-30T19:08:00","slug":"meetings-incentives","status":"publish","type":"page","link":"https:\/\/www.dt.com\/fr-ca\/meetings-incentives\/","title":{"rendered":"R\u00e9unions + incitatifs"},"content":{"rendered":"<p>[et_pb_section fb_built=\u00a0\u00bb1&Prime; fullwidth=\u00a0\u00bbon\u00a0\u00bb admin_label=\u00a0\u00bbsection\u00a0\u00bb _builder_version=\u00a0\u00bb3.22&Prime; background_color=\u00a0\u00bb#2ea3f2&Prime; bb_built=\u00a0\u00bb1&Prime; _i=\u00a0\u00bb0&Prime; _address=\u00a0\u00bb0&Prime;][et_pb_fullwidth_header content_max_width=\u00a0\u00bbnone\u00a0\u00bb _builder_version=\u00a0\u00bb3.16&Prime; background_color=\u00a0\u00bbrgba(255, 255, 255, 0)\u00a0\u00bb background_image=\u00a0\u00bbhttps:\/\/www.dt.com\/ca\/wp-content\/uploads\/2017\/03\/conference-room.jpg\u00a0\u00bb background_url=\u00a0\u00bbhttps:\/\/www.dt.com\/ca\/wp-content\/uploads\/2017\/03\/conference-room.jpg\u00a0\u00bb button_one_letter_spacing_hover=\u00a0\u00bb0&Prime; button_two_letter_spacing_hover=\u00a0\u00bb0&Prime; _i=\u00a0\u00bb0&Prime; _address=\u00a0\u00bb0.0&Prime; button_one_text_size__hover_enabled=\u00a0\u00bboff\u00a0\u00bb button_two_text_size__hover_enabled=\u00a0\u00bboff\u00a0\u00bb button_one_text_color__hover_enabled=\u00a0\u00bboff\u00a0\u00bb button_two_text_color__hover_enabled=\u00a0\u00bboff\u00a0\u00bb button_one_border_width__hover_enabled=\u00a0\u00bboff\u00a0\u00bb button_two_border_width__hover_enabled=\u00a0\u00bboff\u00a0\u00bb button_one_border_color__hover_enabled=\u00a0\u00bboff\u00a0\u00bb button_two_border_color__hover_enabled=\u00a0\u00bboff\u00a0\u00bb button_one_border_radius__hover_enabled=\u00a0\u00bboff\u00a0\u00bb button_two_border_radius__hover_enabled=\u00a0\u00bboff\u00a0\u00bb button_one_letter_spacing__hover_enabled=\u00a0\u00bbon\u00a0\u00bb button_one_letter_spacing__hover=\u00a0\u00bb0&Prime; button_two_letter_spacing__hover_enabled=\u00a0\u00bbon\u00a0\u00bb button_two_letter_spacing__hover=\u00a0\u00bb0&Prime; button_one_bg_color__hover_enabled=\u00a0\u00bboff\u00a0\u00bb button_two_bg_color__hover_enabled=\u00a0\u00bboff\u00a0\u00bb][\/et_pb_fullwidth_header][\/et_pb_section][et_pb_section fb_built=\u00a0\u00bb1&Prime; specialty=\u00a0\u00bbon\u00a0\u00bb custom_padding_last_edited=\u00a0\u00bbon|desktop\u00a0\u00bb parallax_method_1=\u00a0\u00bboff\u00a0\u00bb parallax_method_2=\u00a0\u00bboff\u00a0\u00bb admin_label=\u00a0\u00bbsection\u00a0\u00bb _builder_version=\u00a0\u00bb3.22&Prime; custom_padding_tablet=\u00a0\u00bb50px|0|50px|0&Prime; custom_css_main_element=\u00a0\u00bbpadding: 27px 0;\u00a0\u00bb transparent_background=\u00a0\u00bboff\u00a0\u00bb padding_mobile=\u00a0\u00bboff\u00a0\u00bb make_fullwidth=\u00a0\u00bboff\u00a0\u00bb use_custom_width=\u00a0\u00bboff\u00a0\u00bb width_unit=\u00a0\u00bbon\u00a0\u00bb bb_built=\u00a0\u00bb1&Prime; _i=\u00a0\u00bb1&Prime; _address=\u00a0\u00bb1&Prime; width=\u00a0\u00bb99.3%\u00a0\u00bb][et_pb_column type=\u00a0\u00bb1_4&Prime; _builder_version=\u00a0\u00bb3.25&Prime; custom_padding=\u00a0\u00bb|||\u00a0\u00bb _i=\u00a0\u00bb0&Prime; _address=\u00a0\u00bb1.0&Prime; custom_padding__hover=\u00a0\u00bb|||\u00a0\u00bb][et_pb_sidebar area=\u00a0\u00bbet_pb_widget_area_17&Prime; _builder_version=\u00a0\u00bb3.0.92&Prime; remove_border=\u00a0\u00bboff\u00a0\u00bb _i=\u00a0\u00bb0&Prime; _address=\u00a0\u00bb1.0.0&Prime;][\/et_pb_sidebar][\/et_pb_column][et_pb_column type=\u00a0\u00bb3_4&Prime; specialty_columns=\u00a0\u00bb3&Prime; _builder_version=\u00a0\u00bb3.25&Prime; custom_padding=\u00a0\u00bb|||\u00a0\u00bb _i=\u00a0\u00bb1&Prime; _address=\u00a0\u00bb1.1&Prime; custom_padding__hover=\u00a0\u00bb|||\u00a0\u00bb][et_pb_row_inner _builder_version=\u00a0\u00bb3.25&Prime; _i=\u00a0\u00bb0&Prime; _address=\u00a0\u00bb1.1.0&Prime;][et_pb_column_inner saved_specialty_column_type=\u00a0\u00bb3_4&Prime; _builder_version=\u00a0\u00bb3.25&Prime; custom_padding=\u00a0\u00bb|||\u00a0\u00bb _i=\u00a0\u00bb0&Prime; _address=\u00a0\u00bb1.1.0.0&Prime; custom_padding__hover=\u00a0\u00bb|||\u00a0\u00bb][et_pb_text module_id=\u00a0\u00bbfour_col_sidebar\u00a0\u00bb module_class=\u00a0\u00bbcorporate_page_heading2&Prime; _builder_version=\u00a0\u00bb3.27.4&Prime; background_size=\u00a0\u00bbinitial\u00a0\u00bb background_position=\u00a0\u00bbtop_left\u00a0\u00bb background_repeat=\u00a0\u00bbrepeat\u00a0\u00bb use_border_color=\u00a0\u00bboff\u00a0\u00bb border_color=\u00a0\u00bb#ffffff\u00a0\u00bb border_style=\u00a0\u00bbsolid\u00a0\u00bb _i=\u00a0\u00bb0&Prime; _address=\u00a0\u00bb1.1.0.0.0&Prime;]<\/p>\n<h2>R\u00e9unions et incitatifs<\/h2>\n<div class=\"et_pb_column et_pb_column_1_4 et_pb_column_inner et_pb_column_inner_1\">\n<p><img decoding=\"async\" src=\"https:\/\/www.dt.com\/ca\/wp-content\/uploads\/2017\/03\/iStock_000047219612_Full-150x150.jpg\" \/><\/p>\n<h5 style=\"text-align: center;\">Esprit d\u2019\u00e9quipe et<br \/>\nincitatifs<\/h5>\n<\/div>\n<div class=\"et_pb_column et_pb_column_1_4 et_pb_column_inner et_pb_column_inner_1\">\n<p><img decoding=\"async\" src=\"https:\/\/www.dt.com\/ca\/wp-content\/uploads\/2017\/03\/iiStock_000066457737_Large-150x150.jpg\" \/><\/p>\n<h5 style=\"text-align: center;\">Banquets et<br \/>\ngalas<\/h5>\n<\/div>\n<div class=\"et_pb_column et_pb_column_1_4 et_pb_column_inner et_pb_column_inner_1\">\n<p><img decoding=\"async\" src=\"https:\/\/www.dt.com\/ca\/wp-content\/uploads\/2017\/03\/i2Stock_000040536788_Large-150x150.jpg\" \/><\/p>\n<h5 style=\"text-align: center;\">S\u00e9minaires et<br \/>\nconf\u00e9rences<\/h5>\n<\/div>\n<div class=\"et_pb_column et_pb_column_1_4 et_pb_column_inner et_pb_column_inner_1\">\n<p><img decoding=\"async\" src=\"https:\/\/www.dt.com\/ca\/wp-content\/uploads\/2017\/03\/i3Stock_000067204267_Large-150x150.jpg\" \/><\/p>\n<h5 style=\"text-align: center;\">Autres \u00e9v\u00e9nements sp\u00e9ciaux<\/h5>\n<\/div>\n<p>[\/et_pb_text][\/et_pb_column_inner][\/et_pb_row_inner][et_pb_row_inner padding_mobile=\u00a0\u00bboff\u00a0\u00bb column_padding_mobile=\u00a0\u00bbon\u00a0\u00bb admin_label=\u00a0\u00bbRow\u00a0\u00bb _builder_version=\u00a0\u00bb3.25&Prime; custom_css_main_element=\u00a0\u00bbpadding: 0.735% 0!important;\u00a0\u00bb _i=\u00a0\u00bb1&Prime; _address=\u00a0\u00bb1.1.1&Prime;][et_pb_column_inner saved_specialty_column_type=\u00a0\u00bb3_4&Prime; _builder_version=\u00a0\u00bb3.25&Prime; custom_padding=\u00a0\u00bb|||\u00a0\u00bb _i=\u00a0\u00bb0&Prime; _address=\u00a0\u00bb1.1.1.0&Prime; custom_padding__hover=\u00a0\u00bb|||\u00a0\u00bb][et_pb_text _builder_version=\u00a0\u00bb3.27.4&Prime; background_size=\u00a0\u00bbinitial\u00a0\u00bb background_position=\u00a0\u00bbtop_left\u00a0\u00bb background_repeat=\u00a0\u00bbrepeat\u00a0\u00bb use_border_color=\u00a0\u00bboff\u00a0\u00bb border_color=\u00a0\u00bb#ffffff\u00a0\u00bb border_style=\u00a0\u00bbsolid\u00a0\u00bb _i=\u00a0\u00bb0&Prime; _address=\u00a0\u00bb1.1.1.0.0&Prime;]<\/p>\n<div class=\"wpb_wrapper\">\n<div class=\"wpb_text_column wpb_content_element wpb_content_element1 \">\n<div class=\"wpb_wrapper\">\n<p class=\"entry-title\">Nos services sont con\u00e7us sur mesure pour r\u00e9pondre \u00e0 vos besoins et atteindre vos objectifs, tout en respectant votre budget. Nous sommes motiv\u00e9s par l\u2019innovation \u2014 nos \u00e9v\u00e9nements se distinguent par une \u00e9nergie \u00e9motionnelle qui favorise le rapprochement des gens partageant les m\u00eames int\u00e9r\u00eats et qui permet des interactions significatives. Notre objectif est d\u2019avoir une connaissance approfondie des besoins de votre entreprise de mani\u00e8re \u00e0 concevoir une approche strat\u00e9gique qui atteindra non seulement vos objectifs, mais qui vous permettra \u00e9galement de profiter d\u2019un <strong>rendement du capital investi. <\/strong><\/p>\n<p>Nous avons fait nos preuves dans l\u2019organisation de diff\u00e9rents types d\u2019\u00e9v\u00e9nements :<\/p>\n<\/div>\n<\/div>\n<div class=\"et_pb_row et_pb_row_3 et_pb_row_fullwidth fullwidth1212 \">\n<div class=\"et_pb_column_inner et_pb_column_1_2 et_pb_column_9\">\n<div class=\"vc_column-inner \">\n<div class=\"wpb_wrapper\">\n<div class=\"wpb_text_column wpb_content_element wpb_content_element1 \">\n<div class=\"wpb_wrapper\">\n<ul>\n<li>Programmes de voyages de motivation<\/li>\n<li>R\u00e9unions nationales pour le personnel des ventes<\/li>\n<li>Assembl\u00e9es g\u00e9n\u00e9rales annuelles<\/li>\n<li>Lancements de produits<\/li>\n<li>\u00c9v\u00e9nements de reconnaissance des employ\u00e9s<\/li>\n<li>Galas, c\u00e9l\u00e9brations importantes et autres \u00e9v\u00e9nements sp\u00e9ciaux<\/li>\n<\/ul>\n<\/div>\n<\/div>\n<\/div>\n<\/div>\n<\/div>\n<div class=\"et_pb_column_inner et_pb_column_1_2 et_pb_column_9\">\n<div class=\"vc_column-inner \">\n<div class=\"wpb_wrapper\">\n<div class=\"wpb_text_column wpb_content_element wpb_content_element1 \">\n<div class=\"wpb_wrapper\">\n<ul>\n<li>R\u00e9unions pour les dirigeants d\u2019entreprises<\/li>\n<li>\u00c9v\u00e9nements d\u2019appr\u00e9ciation de la client\u00e8le<\/li>\n<li>Formations, s\u00e9ances d\u2019information, etc.<\/li>\n<\/ul>\n<p>\u2026et bien plus!<\/p>\n<\/div>\n<\/div>\n<\/div>\n<\/div>\n<\/div>\n<\/div>\n<div class=\"vc_row wpb_row vc_inner vc_row-fluid\">\n<div class=\"wpb_column vc_column_container vc_col-sm-12\">\n<div class=\"vc_column-inner \">\n<div class=\"wpb_wrapper\">\n<div class=\"wpb_text_column wpb_content_element wpb_content_element1 \">\n<div class=\"wpb_wrapper\">\n<p><strong>NOUS VOUS OFFRONS LE MONDE. TOUT SIMPLEMENT.<\/strong><\/p>\n<p><a href=\"https:\/\/www.dt.com\/ca\/wp-content\/uploads\/2017\/03\/offset_83246-300x164.jpg\"><img loading=\"lazy\" decoding=\"async\" class=\"alignleft size-medium wp-image-5447\" src=\"https:\/\/www.dt.com\/ca\/wp-content\/uploads\/2017\/03\/offset_83246-300x164.jpg\" sizes=\"(max-width: 300px) 100vw, 300px\" srcset=\"https:\/\/www.dt.com\/ca\/wp-content\/uploads\/2017\/03\/offset_83246-300x164.jpg 300w, https:\/\/www.dt.com\/ca\/wp-content\/uploads\/2017\/03\/offset_83246-300x164.jpg 1024w\" alt=\"offset_83246\" width=\"300\" height=\"164\" \/><\/a>Aucune mesure incitative n\u2019est trop extravagante ou trop monotone pour notre \u00e9quipe de sp\u00e9cialistes hautement qualifi\u00e9e. Notre \u00e9quipe de professionnels comprend des gestionnaires et des coordonnateurs de programmes, des gestionnaires de transport au sol et de transport a\u00e9rien, des chefs de d\u00e9veloppement de produits et des charg\u00e9s de comptes sp\u00e9cialis\u00e9s. Gr\u00e2ce \u00e0 leur aide, vous pourrez profiter d\u2019une planification irr\u00e9prochable d\u2019\u00e9v\u00e9nements locaux, de r\u00e9unions \u00e0 l\u2019\u00e9tranger ou de programmes de r\u00e9compenses dans des lieux exotiques.<\/p>\n<p>Nos ressources sont consid\u00e9rables. En tant que division des services Direct Travel, l\u2019une des plus grandes entreprises de gestion de voyages au Canada, nous disposons \u2014 et vous aussi \u2014 de nombreuses relations, d\u2019une solide expertise et de ressources qui permettent de r\u00e9aliser tous vos projets. Nous vous offrons un portfolio comprenant des h\u00f4tels, des vols, des paquebots de croisi\u00e8re, en plus d\u2019une multitude de ressources et de fournisseurs pr\u00eats \u00e0 vous h\u00e9berger n\u2019importe o\u00f9 dans le monde.<\/p>\n<blockquote>\n<p><strong>\u00a0<\/strong> \u00ab Nous avons l\u2019habitude de g\u00e9rer des groupes de toutes tailles \u00e0 partir d\u2019un endroit centralis\u00e9 ou de plusieurs emplacements diss\u00e9min\u00e9s aux quatre coins de la plan\u00e8te. \u00bb<\/p>\n<\/blockquote>\n<\/div>\n<\/div>\n<\/div>\n<\/div>\n<\/div>\n<\/div>\n<\/div>\n<p>[\/et_pb_text][et_pb_text _builder_version=\u00a0\u00bb3.27.4&Prime; background_size=\u00a0\u00bbinitial\u00a0\u00bb background_position=\u00a0\u00bbtop_left\u00a0\u00bb background_repeat=\u00a0\u00bbrepeat\u00a0\u00bb custom_css_main_element=\u00a0\u00bbmargin-bottom: 0% !important;\u00a0\u00bb use_border_color=\u00a0\u00bboff\u00a0\u00bb border_color=\u00a0\u00bb#ffffff\u00a0\u00bb border_style=\u00a0\u00bbsolid\u00a0\u00bb _i=\u00a0\u00bb1&Prime; _address=\u00a0\u00bb1.1.1.0.1&Prime;]<\/p>\n<div class=\"vc_row wpb_row vc_row-fluid\">\n<div class=\"wpb_column vc_column_container vc_col-sm-12\">\n<div class=\"vc_column-inner \">\n<div class=\"wpb_wrapper\">\n<div class=\"vc_separator wpb_content_element wpb_content_element11 vc_separator_align_center vc_sep_width_100 vc_sep_pos_align_center vc_sep_color_grey vc_separator-has-text\">\n<div class=\"vc_sep_holder vc_sep_holder_l\">\n<div class=\"vc_sep_line meating_bottom_h4\"><\/div>\n<\/div>\n<h4 class=\"we_manage\">Nous prenons soin des d\u00e9tails \u2014 vous profitez des r\u00e9sultats<\/h4>\n<div class=\"vc_sep_holder vc_sep_holder_r\">\n<div class=\"vc_sep_line\"><\/div>\n<\/div>\n<\/div>\n<\/div>\n<\/div>\n<\/div>\n<\/div>\n<p>[\/et_pb_text][et_pb_text _builder_version=\u00a0\u00bb3.27.4&Prime; background_size=\u00a0\u00bbinitial\u00a0\u00bb background_position=\u00a0\u00bbtop_left\u00a0\u00bb background_repeat=\u00a0\u00bbrepeat\u00a0\u00bb use_border_color=\u00a0\u00bboff\u00a0\u00bb border_color=\u00a0\u00bb#ffffff\u00a0\u00bb border_style=\u00a0\u00bbsolid\u00a0\u00bb _i=\u00a0\u00bb2&Prime; _address=\u00a0\u00bb1.1.1.0.2&Prime;]<\/p>\n<div class=\"et_pb_row et_pb_row_3 et_pb_row_fullwidth fullwidth1212\">\n<div class=\"et_pb_column_inner et_pb_column_1_2 et_pb_column_9 et_pb_column_single et_pb_column_single1\">\n<div class=\"vc_column-inner \">\n<div class=\"wpb_wrapper\">\n<div class=\"wpb_text_column wpb_content_element \">\n<div class=\"wpb_wrapper\">\n<ul>\n<li>Mise en place de programmes et gestion de la logistique<\/li>\n<li>\u00c9laboration de concepts et de th\u00e8mes<\/li>\n<li>Divertissements<\/li>\n<li>Production vid\u00e9o et multim\u00e9dia<\/li>\n<li>Invitation de conf\u00e9renciers<\/li>\n<li>Gestion sur le site<\/li>\n<\/ul>\n<\/div>\n<\/div>\n<\/div>\n<\/div>\n<\/div>\n<div class=\"et_pb_column_inner et_pb_column_1_2 et_pb_column_9 et_pb_column_single et_pb_column_single1\">\n<div class=\"vc_column-inner \">\n<div class=\"wpb_wrapper\">\n<div class=\"wpb_text_column wpb_content_element \">\n<div class=\"wpb_wrapper\">\n<ul>\n<li>Gestion des inscriptions en ligne et des bases de donn\u00e9es<\/li>\n<li>Impression et conception graphique<\/li>\n<li>Transport en avion, en train ou en bateau<\/li>\n<li>Services de traduction<\/li>\n<\/ul>\n<p>\u2026 et bien plus!<\/p>\n<\/div>\n<\/div>\n<\/div>\n<\/div>\n<\/div>\n<\/div>\n<p>[\/et_pb_text][\/et_pb_column_inner][\/et_pb_row_inner][\/et_pb_column][\/et_pb_section]<\/p>\n","protected":false},"excerpt":{"rendered":"<p>R\u00e9unions et incitatifs Esprit d\u2019\u00e9quipe et incitatifs Banquets et galas S\u00e9minaires et conf\u00e9rences Autres \u00e9v\u00e9nements sp\u00e9ciaux Nos services sont con\u00e7us sur mesure pour r\u00e9pondre \u00e0 vos besoins et atteindre vos objectifs, tout en respectant votre budget. Nous sommes motiv\u00e9s par l\u2019innovation \u2014 nos \u00e9v\u00e9nements se distinguent par une \u00e9nergie \u00e9motionnelle qui favorise le rapprochement des [&hellip;]<\/p>\n","protected":false},"author":1,"featured_media":0,"parent":0,"menu_order":0,"comment_status":"closed","ping_status":"closed","template":"","meta":{"_et_pb_use_builder":"on","_et_pb_old_content":"","_et_gb_content_width":"","content-type":"","footnotes":""},"class_list":["post-1226","page","type-page","status-publish","hentry"],"_links":{"self":[{"href":"https:\/\/www.dt.com\/fr-ca\/ca\/en-ca\/?rest_route=\/wp\/v2\/pages\/1226","targetHints":{"allow":["GET"]}}],"collection":[{"href":"https:\/\/www.dt.com\/fr-ca\/ca\/en-ca\/?rest_route=\/wp\/v2\/pages"}],"about":[{"href":"https:\/\/www.dt.com\/fr-ca\/ca\/en-ca\/?rest_route=\/wp\/v2\/types\/page"}],"author":[{"embeddable":true,"href":"https:\/\/www.dt.com\/fr-ca\/ca\/en-ca\/?rest_route=\/wp\/v2\/users\/1"}],"replies":[{"embeddable":true,"href":"https:\/\/www.dt.com\/fr-ca\/ca\/en-ca\/?rest_route=%2Fwp%2Fv2%2Fcomments&post=1226"}],"version-history":[{"count":11,"href":"https:\/\/www.dt.com\/fr-ca\/ca\/en-ca\/?rest_route=\/wp\/v2\/pages\/1226\/revisions"}],"predecessor-version":[{"id":33650,"href":"https:\/\/www.dt.com\/fr-ca\/ca\/en-ca\/?rest_route=\/wp\/v2\/pages\/1226\/revisions\/33650"}],"wp:attachment":[{"href":"https:\/\/www.dt.com\/fr-ca\/ca\/en-ca\/?rest_route=%2Fwp%2Fv2%2Fmedia&parent=1226"}],"curies":[{"name":"wp","href":"https:\/\/api.w.org\/{rel}","templated":true}]}}